{"id":32463,"date":"2026-02-27T00:17:27","date_gmt":"2026-02-27T00:17:27","guid":{"rendered":"https:\/\/nordicmart.andreevmaster.com\/product\/vasagle-baarituolien-2-kpl-sarja-jalkatuella-klassinen-musta-metsanvihrea\/"},"modified":"2026-02-27T09:39:08","modified_gmt":"2026-02-27T09:39:08","slug":"vasagle-baarituolien-2-kpl-sarja-jalkatuella-klassinen-musta-metsanvihrea","status":"publish","type":"product","link":"https:\/\/nordicmart.andreevmaster.com\/fi\/tuote\/vasagle-baarituolien-2-kpl-sarja-jalkatuella-klassinen-musta-metsanvihrea\/","title":{"rendered":"VASAGLE baarituolien 2 kpl sarja jalkatuella klassinen musta-mets\u00e4nvihre\u00e4"},"content":{"rendered":"<p>VASAGLE baarituoli, 2 kpl, baarituolit, 39 x 39 x 100 cm, jalkatuki, PU-verhoilu, helppo koota, ruokasali, keitti\u00f6, baaritiski, baari, vintage-ruskea-musta LBC069B81<br \/>\nV\u00e4ri: klassinen musta-mets\u00e4nvihre\u00e4<br \/>\nMateriaali: lastulevy, PU, vaahtomuovi, ter\u00e4s<br \/>\nKoko: 39 x 39 x 100 cm (S x L x K)<br \/>\nIstuinkorkeus (lattiasta): 75,5 cm<br \/>\nPaino: 10,4 kg<br \/>\nSuurin staattinen kuormitus per jakkara: 100 kg<\/p>\n","protected":false},"excerpt":{"rendered":"<p>VASAGLE baarituoli, 2 kpl, baarituolit, 39 x 39 x 100 cm, jalkatuki, PU-verhoilu, helppo koota, ruokasali, keitti\u00f6, baaritiski, baari, vintage-ruskea-musta LBC069B81<\/p>\n","protected":false},"featured_media":41484,"comment_status":"open","ping_status":"closed","template":"","meta":[],"product_brand":[],"product_cat":[32],"product_tag":[],"class_list":{"0":"post-32463","1":"product","2":"type-product","3":"status-publish","4":"has-post-thumbnail","6":"product_cat-uncategorized-fi","8":"first","9":"instock","10":"shipping-taxable","11":"purchasable","12":"product-type-simple"},"_links":{"self":[{"href":"https:\/\/nordicmart.andreevmaster.com\/fi\/wp-json\/wp\/v2\/product\/32463","targetHints":{"allow":["GET"]}}],"collection":[{"href":"https:\/\/nordicmart.andreevmaster.com\/fi\/wp-json\/wp\/v2\/product"}],"about":[{"href":"https:\/\/nordicmart.andreevmaster.com\/fi\/wp-json\/wp\/v2\/types\/product"}],"replies":[{"embeddable":true,"href":"https:\/\/nordicmart.andreevmaster.com\/fi\/wp-json\/wp\/v2\/comments?post=32463"}],"wp:featuredmedia":[{"embeddable":true,"href":"https:\/\/nordicmart.andreevmaster.com\/fi\/wp-json\/wp\/v2\/media\/41484"}],"wp:attachment":[{"href":"https:\/\/nordicmart.andreevmaster.com\/fi\/wp-json\/wp\/v2\/media?parent=32463"}],"wp:term":[{"taxonomy":"product_brand","embeddable":true,"href":"https:\/\/nordicmart.andreevmaster.com\/fi\/wp-json\/wp\/v2\/product_brand?post=32463"},{"taxonomy":"product_cat","embeddable":true,"href":"https:\/\/nordicmart.andreevmaster.com\/fi\/wp-json\/wp\/v2\/product_cat?post=32463"},{"taxonomy":"product_tag","embeddable":true,"href":"https:\/\/nordicmart.andreevmaster.com\/fi\/wp-json\/wp\/v2\/product_tag?post=32463"}],"curies":[{"name":"wp","href":"https:\/\/api.w.org\/{rel}","templated":true}]}}