{"id":32455,"date":"2026-02-27T00:17:25","date_gmt":"2026-02-27T00:17:25","guid":{"rendered":"https:\/\/nordicmart.andreevmaster.com\/product\/vasagle-saadettava-kenkahylly-valkoinen\/"},"modified":"2026-02-27T09:39:06","modified_gmt":"2026-02-27T09:39:06","slug":"vasagle-saadettava-kenkahylly-valkoinen","status":"publish","type":"product","link":"https:\/\/nordicmart.andreevmaster.com\/fi\/tuote\/vasagle-saadettava-kenkahylly-valkoinen\/","title":{"rendered":"VASAGLE S\u00e4\u00e4dett\u00e4v\u00e4 kenk\u00e4hylly, valkoinen"},"content":{"rendered":"<p>Kaikkien kenkien pit\u00e4minen j\u00e4rjestyksess\u00e4 ei ole helppoa. Heti kun olet laittanut ne pois, ne ovat jo taas sekaisin eteisess\u00e4. Sijoita ne siis t\u00e4h\u00e4n VASAGLE-kenk\u00e4kaappiin, jotta ne eiv\u00e4t en\u00e4\u00e4 levi\u00e4 kuin taikaiskusta ymp\u00e4ri taloa. Kaikentyyppisille kengille Kokoukset, juhlat, sadep\u00e4iv\u00e4t, vaellukset \u2013 tarvitsemme erilaisia kenki\u00e4 eri tilanteisiin. T\u00e4t\u00e4 varten kenk\u00e4kaapissa on molemmin puolin erikokoisia lokeroita sek\u00e4 korkeuss\u00e4\u00e4dett\u00e4v\u00e4t hyllytasot keskell\u00e4. N\u00e4in jopa korkokeng\u00e4t, saappaat, saappaat ja urheilukeng\u00e4t voidaan s\u00e4ilytt\u00e4\u00e4 siististi.Ihmeellisen monipuolinenK\u00e4yt\u00e4 t\u00e4t\u00e4 92 x 30 x 88,5 cm kokoista kenk\u00e4organisaattoria monik\u00e4ytt\u00f6isen\u00e4 eteishyllyn\u00e4. Aseta keng\u00e4t hyllytasoille keskelle ja laita laukut, avaimet, hatut ja monet muut tavarat sivuhyllyihin. N\u00e4in et unohda niit\u00e4, kun l\u00e4hdet kotoa. Tuotetiedot &#8211; V\u00e4ri: valkoinen &#8211; Materiaali: melamiinipinnoitettu lastulevy &#8211; Koko: 92 x 30 x 88,5 cm (P x L x K) &#8211; Paino: 27 kg &#8211; Maks. staattinen kantavuus: 29 kgToimitus sis\u00e4lt\u00e4\u00e4 &#8211; 1 x kenk\u00e4hylly &#8211; 1 x s\u00e4ilytyslaatikko lis\u00e4varusteilla &#8211; 1 x ohjeet (DE, EN, FR, IT, ES)VASAGLE-ohjeet &#8211; Asenna tuote tarkasti ohjeiden mukaisesti. &#8211; Kiinnit\u00e4 tuote sein\u00e4\u00e4n mukana toimitetulla kaatumissuojalla. &#8211; Lapset eiv\u00e4t saa kiivet\u00e4 tuotteen p\u00e4\u00e4lle tai leikki\u00e4 sill\u00e4. &#8211; Tuote ei saa joutua kosketuksiin veden kanssa. &#8211; Pid\u00e4 tuote poissa ter\u00e4vien tai ter\u00e4vien esineiden l\u00e4heisyydest\u00e4 vahingoittumisen v\u00e4ltt\u00e4miseksi.<\/p>\n","protected":false},"excerpt":{"rendered":"<p>VASAGLE kenk\u00e4hylly, kenk\u00e4organisaattori s\u00e4\u00e4dett\u00e4vill\u00e4 hyllytasoilla, eteishylly, kenkien s\u00e4ilytys, helppohoitoinen melamiinipinnoite, 92 x 30 x 88,5 cm, valkoinen LBC05WT<\/p>\n","protected":false},"featured_media":41476,"comment_status":"open","ping_status":"closed","template":"","meta":[],"product_brand":[],"product_cat":[32],"product_tag":[],"class_list":{"0":"post-32455","1":"product","2":"type-product","3":"status-publish","4":"has-post-thumbnail","6":"product_cat-uncategorized-fi","8":"first","9":"instock","10":"shipping-taxable","11":"purchasable","12":"product-type-simple"},"_links":{"self":[{"href":"https:\/\/nordicmart.andreevmaster.com\/fi\/wp-json\/wp\/v2\/product\/32455","targetHints":{"allow":["GET"]}}],"collection":[{"href":"https:\/\/nordicmart.andreevmaster.com\/fi\/wp-json\/wp\/v2\/product"}],"about":[{"href":"https:\/\/nordicmart.andreevmaster.com\/fi\/wp-json\/wp\/v2\/types\/product"}],"replies":[{"embeddable":true,"href":"https:\/\/nordicmart.andreevmaster.com\/fi\/wp-json\/wp\/v2\/comments?post=32455"}],"wp:featuredmedia":[{"embeddable":true,"href":"https:\/\/nordicmart.andreevmaster.com\/fi\/wp-json\/wp\/v2\/media\/41476"}],"wp:attachment":[{"href":"https:\/\/nordicmart.andreevmaster.com\/fi\/wp-json\/wp\/v2\/media?parent=32455"}],"wp:term":[{"taxonomy":"product_brand","embeddable":true,"href":"https:\/\/nordicmart.andreevmaster.com\/fi\/wp-json\/wp\/v2\/product_brand?post=32455"},{"taxonomy":"product_cat","embeddable":true,"href":"https:\/\/nordicmart.andreevmaster.com\/fi\/wp-json\/wp\/v2\/product_cat?post=32455"},{"taxonomy":"product_tag","embeddable":true,"href":"https:\/\/nordicmart.andreevmaster.com\/fi\/wp-json\/wp\/v2\/product_tag?post=32455"}],"curies":[{"name":"wp","href":"https:\/\/api.w.org\/{rel}","templated":true}]}}