{"id":32448,"date":"2026-02-27T00:17:23","date_gmt":"2026-02-27T00:17:23","guid":{"rendered":"https:\/\/nordicmart.andreevmaster.com\/product\/vasagle-kenkakaappi-3-tasoa-boho-tyyli-tammi-beige\/"},"modified":"2026-02-27T09:39:05","modified_gmt":"2026-02-27T09:39:05","slug":"vasagle-kenkakaappi-3-tasoa-boho-tyyli-tammi-beige","status":"publish","type":"product","link":"https:\/\/nordicmart.andreevmaster.com\/fi\/tuote\/vasagle-kenkakaappi-3-tasoa-boho-tyyli-tammi-beige\/","title":{"rendered":"VASAGLE kenk\u00e4kaappi 3 tasoa boho-tyyli tammi beige"},"content":{"rendered":"<p>VASAGLE kenk\u00e4kaappi, kenk\u00e4hylly 3 tasoa, kenkien s\u00e4ilytys, rottinkityyliset ovet, korkeuss\u00e4\u00e4dett\u00e4v\u00e4 hylly, kaappi, s\u00e4ilytyskaappi ter\u00e4sjalat, boho-tyyli, tammibeige LBC049N01<br \/>\nV\u00e4ri: tammibeige<br \/>\nMateriaali: lastulevy, PVC-muovi (polyvinyylikloridi), ter\u00e4s<br \/>\nKoko: 35 x 80 x 70 cm (S x L x K)<br \/>\nPaino: 20,7 kg<br \/>\nMaks. staattinen kokonaiskuormitus: 75 kg<\/p>\n","protected":false},"excerpt":{"rendered":"<p>VASAGLE kenk\u00e4kaappi, kenk\u00e4hylly 3 tasoa, kenkien s\u00e4ilytys, rottinkityyliset ovet, korkeuss\u00e4\u00e4dett\u00e4v\u00e4 hylly, kaappi, s\u00e4ilytyskaappi ter\u00e4sjalat, boho-tyyli, tammibeige LBC049N01<\/p>\n","protected":false},"featured_media":41469,"comment_status":"open","ping_status":"closed","template":"","meta":[],"product_brand":[],"product_cat":[32],"product_tag":[],"class_list":{"0":"post-32448","1":"product","2":"type-product","3":"status-publish","4":"has-post-thumbnail","6":"product_cat-uncategorized-fi","8":"first","9":"instock","10":"shipping-taxable","11":"purchasable","12":"product-type-simple"},"_links":{"self":[{"href":"https:\/\/nordicmart.andreevmaster.com\/fi\/wp-json\/wp\/v2\/product\/32448","targetHints":{"allow":["GET"]}}],"collection":[{"href":"https:\/\/nordicmart.andreevmaster.com\/fi\/wp-json\/wp\/v2\/product"}],"about":[{"href":"https:\/\/nordicmart.andreevmaster.com\/fi\/wp-json\/wp\/v2\/types\/product"}],"replies":[{"embeddable":true,"href":"https:\/\/nordicmart.andreevmaster.com\/fi\/wp-json\/wp\/v2\/comments?post=32448"}],"wp:featuredmedia":[{"embeddable":true,"href":"https:\/\/nordicmart.andreevmaster.com\/fi\/wp-json\/wp\/v2\/media\/41469"}],"wp:attachment":[{"href":"https:\/\/nordicmart.andreevmaster.com\/fi\/wp-json\/wp\/v2\/media?parent=32448"}],"wp:term":[{"taxonomy":"product_brand","embeddable":true,"href":"https:\/\/nordicmart.andreevmaster.com\/fi\/wp-json\/wp\/v2\/product_brand?post=32448"},{"taxonomy":"product_cat","embeddable":true,"href":"https:\/\/nordicmart.andreevmaster.com\/fi\/wp-json\/wp\/v2\/product_cat?post=32448"},{"taxonomy":"product_tag","embeddable":true,"href":"https:\/\/nordicmart.andreevmaster.com\/fi\/wp-json\/wp\/v2\/product_tag?post=32448"}],"curies":[{"name":"wp","href":"https:\/\/api.w.org\/{rel}","templated":true}]}}