{"id":32443,"date":"2026-02-27T00:17:21","date_gmt":"2026-02-27T00:17:21","guid":{"rendered":"https:\/\/nordicmart.andreevmaster.com\/product\/vasagle-kenkakaappi-avoin-hylly-saadettava-eebenpuunmusta\/"},"modified":"2026-02-27T09:39:04","modified_gmt":"2026-02-27T09:39:04","slug":"vasagle-kenkakaappi-avoin-hylly-saadettava-eebenpuunmusta","status":"publish","type":"product","link":"https:\/\/nordicmart.andreevmaster.com\/fi\/tuote\/vasagle-kenkakaappi-avoin-hylly-saadettava-eebenpuunmusta\/","title":{"rendered":"VASAGLE kenk\u00e4kaappi, avoin hylly, s\u00e4\u00e4dett\u00e4v\u00e4, eebenpuunmusta"},"content":{"rendered":"<p>VASAGLE kenk\u00e4kaappi 3 luukkua, kenk\u00e4kaappi, kenk\u00e4hylly, kenkien s\u00e4ilytys, avoin lokero, s\u00e4\u00e4dett\u00e4v\u00e4 v\u00e4lisein\u00e4, 14\u201318 parille kenki\u00e4, eteinen<br \/>\nV\u00e4ri: eebenpuunmusta<br \/>\nMateriaali: lastulevy<br \/>\nKoko: 24 x 60 x 139 cm (S x L x K)<br \/>\nPaino: 24,7 kg<br \/>\nMaks. staattinen kantavuus: 75 kg<\/p>\n","protected":false},"excerpt":{"rendered":"<p>VASAGLE kenk\u00e4kaappi 3 luukkua, kenk\u00e4kaappi, kenk\u00e4hylly, kenkien s\u00e4ilytys, avoin lokero, s\u00e4\u00e4dett\u00e4v\u00e4 v\u00e4lisein\u00e4, 14\u201318 parille kenki\u00e4, eteinen<\/p>\n","protected":false},"featured_media":41465,"comment_status":"open","ping_status":"closed","template":"","meta":[],"product_brand":[],"product_cat":[32],"product_tag":[],"class_list":{"0":"post-32443","1":"product","2":"type-product","3":"status-publish","4":"has-post-thumbnail","6":"product_cat-uncategorized-fi","8":"first","9":"instock","10":"shipping-taxable","11":"purchasable","12":"product-type-simple"},"_links":{"self":[{"href":"https:\/\/nordicmart.andreevmaster.com\/fi\/wp-json\/wp\/v2\/product\/32443","targetHints":{"allow":["GET"]}}],"collection":[{"href":"https:\/\/nordicmart.andreevmaster.com\/fi\/wp-json\/wp\/v2\/product"}],"about":[{"href":"https:\/\/nordicmart.andreevmaster.com\/fi\/wp-json\/wp\/v2\/types\/product"}],"replies":[{"embeddable":true,"href":"https:\/\/nordicmart.andreevmaster.com\/fi\/wp-json\/wp\/v2\/comments?post=32443"}],"wp:featuredmedia":[{"embeddable":true,"href":"https:\/\/nordicmart.andreevmaster.com\/fi\/wp-json\/wp\/v2\/media\/41465"}],"wp:attachment":[{"href":"https:\/\/nordicmart.andreevmaster.com\/fi\/wp-json\/wp\/v2\/media?parent=32443"}],"wp:term":[{"taxonomy":"product_brand","embeddable":true,"href":"https:\/\/nordicmart.andreevmaster.com\/fi\/wp-json\/wp\/v2\/product_brand?post=32443"},{"taxonomy":"product_cat","embeddable":true,"href":"https:\/\/nordicmart.andreevmaster.com\/fi\/wp-json\/wp\/v2\/product_cat?post=32443"},{"taxonomy":"product_tag","embeddable":true,"href":"https:\/\/nordicmart.andreevmaster.com\/fi\/wp-json\/wp\/v2\/product_tag?post=32443"}],"curies":[{"name":"wp","href":"https:\/\/api.w.org\/{rel}","templated":true}]}}