{"id":32441,"date":"2026-02-27T00:17:21","date_gmt":"2026-02-27T00:17:21","guid":{"rendered":"https:\/\/nordicmart.andreevmaster.com\/product\/vasagle-kenkakaappi-maalaistyyli-35-x-120-x-70-cm-pilvinen-valkoinen\/"},"modified":"2026-02-27T09:39:04","modified_gmt":"2026-02-27T09:39:04","slug":"vasagle-kenkakaappi-maalaistyyli-35-x-120-x-70-cm-pilvinen-valkoinen","status":"publish","type":"product","link":"https:\/\/nordicmart.andreevmaster.com\/fi\/tuote\/vasagle-kenkakaappi-maalaistyyli-35-x-120-x-70-cm-pilvinen-valkoinen\/","title":{"rendered":"VASAGLE kenk\u00e4kaappi maalaistyyli 35 x 120 x 70 cm pilvinen valkoinen"},"content":{"rendered":"<p>VASAGLE kenk\u00e4kaappi, kenk\u00e4hylly, kenkien s\u00e4ilytys, moderni maalaistyyli, vapaasti seisova kaappi korkeuss\u00e4\u00e4dett\u00e4vill\u00e4 hyllyill\u00e4, 35 x 80 x 70 cm, eteinen, liuskekivi harmaa LBC044G01<br \/>\nV\u00e4ri: pilvinen valkoinen<br \/>\nMateriaali: MDF (keskitihe\u00e4 kuitulevy)<br \/>\nKoko: 35 x 120 x 70 cm (S x L x K)<br \/>\nPaino: 29,1 kg<br \/>\nMaks. staattinen kokonaiskuormitus: 75 kg<\/p>\n","protected":false},"excerpt":{"rendered":"<p>VASAGLE kenk\u00e4kaappi, kenk\u00e4hylly, kenkien s\u00e4ilytys, moderni maalaistyyli, vapaasti seisova kaappi korkeuss\u00e4\u00e4dett\u00e4vill\u00e4 hyllyill\u00e4, 35 x 80 x 70 cm, eteinen, liuskekivi harmaa LBC044G01<\/p>\n","protected":false},"featured_media":41464,"comment_status":"open","ping_status":"closed","template":"","meta":[],"product_brand":[],"product_cat":[32],"product_tag":[],"class_list":{"0":"post-32441","1":"product","2":"type-product","3":"status-publish","4":"has-post-thumbnail","6":"product_cat-uncategorized-fi","8":"first","9":"instock","10":"shipping-taxable","11":"purchasable","12":"product-type-simple"},"_links":{"self":[{"href":"https:\/\/nordicmart.andreevmaster.com\/fi\/wp-json\/wp\/v2\/product\/32441","targetHints":{"allow":["GET"]}}],"collection":[{"href":"https:\/\/nordicmart.andreevmaster.com\/fi\/wp-json\/wp\/v2\/product"}],"about":[{"href":"https:\/\/nordicmart.andreevmaster.com\/fi\/wp-json\/wp\/v2\/types\/product"}],"replies":[{"embeddable":true,"href":"https:\/\/nordicmart.andreevmaster.com\/fi\/wp-json\/wp\/v2\/comments?post=32441"}],"wp:featuredmedia":[{"embeddable":true,"href":"https:\/\/nordicmart.andreevmaster.com\/fi\/wp-json\/wp\/v2\/media\/41464"}],"wp:attachment":[{"href":"https:\/\/nordicmart.andreevmaster.com\/fi\/wp-json\/wp\/v2\/media?parent=32441"}],"wp:term":[{"taxonomy":"product_brand","embeddable":true,"href":"https:\/\/nordicmart.andreevmaster.com\/fi\/wp-json\/wp\/v2\/product_brand?post=32441"},{"taxonomy":"product_cat","embeddable":true,"href":"https:\/\/nordicmart.andreevmaster.com\/fi\/wp-json\/wp\/v2\/product_cat?post=32441"},{"taxonomy":"product_tag","embeddable":true,"href":"https:\/\/nordicmart.andreevmaster.com\/fi\/wp-json\/wp\/v2\/product_tag?post=32441"}],"curies":[{"name":"wp","href":"https:\/\/api.w.org\/{rel}","templated":true}]}}