{"id":32434,"date":"2026-02-27T00:17:19","date_gmt":"2026-02-27T00:17:19","guid":{"rendered":"https:\/\/nordicmart.andreevmaster.com\/product\/vasagle-kenkakaappi-3-luukkua-puunvarinen\/"},"modified":"2026-02-27T09:39:02","modified_gmt":"2026-02-27T09:39:02","slug":"vasagle-kenkakaappi-3-luukkua-puunvarinen","status":"publish","type":"product","link":"https:\/\/nordicmart.andreevmaster.com\/fi\/tuote\/vasagle-kenkakaappi-3-luukkua-puunvarinen\/","title":{"rendered":"VASAGLE kenk\u00e4kaappi, 3 luukkua, puunv\u00e4rinen"},"content":{"rendered":"<p>Kenk\u00e4kaappi 3 ovella J\u00e4rjest\u00e4 kasaan pinotut keng\u00e4t uudelleen. Oletko kyll\u00e4stynyt etsim\u00e4\u00e4n joka aamu tietty\u00e4 kenk\u00e4paria, joka sopii asuusi? T\u00e4m\u00e4n 3-osaisen kenk\u00e4kaapin avulla voit s\u00e4ilytt\u00e4\u00e4 kaikki kenk\u00e4si j\u00e4rjestyksess\u00e4 yhdess\u00e4 paikassa. Sis\u00e4ll\u00e4 olevien s\u00e4\u00e4dett\u00e4vien v\u00e4liseinien ansiosta t\u00e4m\u00e4 kenk\u00e4kaappi sopii joustavasti 12\u201318 parille kenki\u00e4, joiden koko on enint\u00e4\u00e4n 46 (EU-koko). Asennuksen helpottamiseksi kaikki t\u00e4m\u00e4n kaapin osat on numeroitu. Lis\u00e4vakauden takaamiseksi mukana toimitetaan my\u00f6s kaatumissuoja. Tuotetiedot: V\u00e4ri: tammiv\u00e4ri Materiaali: lastulevy Koko: 24 x 60 x 120 cm Paino: 21,5 kg<\/p>\n","protected":false},"excerpt":{"rendered":"<p>VASAGLE kenk\u00e4kaappi, kenk\u00e4kaappi, kenk\u00e4komero, 2 luukkua, puukomposiittilevy, 60 x 83,5 x 24 cm (L x K x S), tammimainen ulkon\u00e4k\u00f6 LBC602H<\/p>\n","protected":false},"featured_media":41457,"comment_status":"open","ping_status":"closed","template":"","meta":[],"product_brand":[],"product_cat":[32],"product_tag":[],"class_list":{"0":"post-32434","1":"product","2":"type-product","3":"status-publish","4":"has-post-thumbnail","6":"product_cat-uncategorized-fi","8":"first","9":"instock","10":"shipping-taxable","11":"purchasable","12":"product-type-simple"},"_links":{"self":[{"href":"https:\/\/nordicmart.andreevmaster.com\/fi\/wp-json\/wp\/v2\/product\/32434","targetHints":{"allow":["GET"]}}],"collection":[{"href":"https:\/\/nordicmart.andreevmaster.com\/fi\/wp-json\/wp\/v2\/product"}],"about":[{"href":"https:\/\/nordicmart.andreevmaster.com\/fi\/wp-json\/wp\/v2\/types\/product"}],"replies":[{"embeddable":true,"href":"https:\/\/nordicmart.andreevmaster.com\/fi\/wp-json\/wp\/v2\/comments?post=32434"}],"wp:featuredmedia":[{"embeddable":true,"href":"https:\/\/nordicmart.andreevmaster.com\/fi\/wp-json\/wp\/v2\/media\/41457"}],"wp:attachment":[{"href":"https:\/\/nordicmart.andreevmaster.com\/fi\/wp-json\/wp\/v2\/media?parent=32434"}],"wp:term":[{"taxonomy":"product_brand","embeddable":true,"href":"https:\/\/nordicmart.andreevmaster.com\/fi\/wp-json\/wp\/v2\/product_brand?post=32434"},{"taxonomy":"product_cat","embeddable":true,"href":"https:\/\/nordicmart.andreevmaster.com\/fi\/wp-json\/wp\/v2\/product_cat?post=32434"},{"taxonomy":"product_tag","embeddable":true,"href":"https:\/\/nordicmart.andreevmaster.com\/fi\/wp-json\/wp\/v2\/product_tag?post=32434"}],"curies":[{"name":"wp","href":"https:\/\/api.w.org\/{rel}","templated":true}]}}