{"id":32433,"date":"2026-02-27T00:17:19","date_gmt":"2026-02-27T00:17:19","guid":{"rendered":"https:\/\/nordicmart.andreevmaster.com\/product\/vasagle-kenkakaappi-3-luukkua-mahtuu-jopa-18-paria-kenkia-pilvinen-valkoinen\/"},"modified":"2026-02-27T09:39:02","modified_gmt":"2026-02-27T09:39:02","slug":"vasagle-kenkakaappi-3-luukkua-mahtuu-jopa-18-paria-kenkia-pilvinen-valkoinen","status":"publish","type":"product","link":"https:\/\/nordicmart.andreevmaster.com\/fi\/tuote\/vasagle-kenkakaappi-3-luukkua-mahtuu-jopa-18-paria-kenkia-pilvinen-valkoinen\/","title":{"rendered":"VASAGLE kenk\u00e4kaappi, 3 luukkua, mahtuu jopa 18 paria kenki\u00e4, pilvinen valkoinen"},"content":{"rendered":"<p>VASAGLE kenk\u00e4kaappi 3 luukkua, kenk\u00e4teline, kenk\u00e4hylly, kenkien s\u00e4ilytys, yl\u00e4levy, s\u00e4\u00e4dett\u00e4v\u00e4 v\u00e4lisein\u00e4, jopa 18 parille kenki\u00e4, eteinen, 24 x 60 x 108 cm, kyyhkynharmaa LBC036G01<br \/>\nV\u00e4ri: pilvinen valkoinen<br \/>\nMateriaali: lastulevy<br \/>\nKoko: 24 x 60 x 108 cm (S x L x K)<br \/>\nPaino: 18,4 kg<br \/>\nYl\u00e4levyn maks. staattinen kantavuus: 10 kg<br \/>\nKunkin luukun maks. staattinen kantavuus: 5 kg<\/p>\n","protected":false},"excerpt":{"rendered":"<p>VASAGLE kenk\u00e4kaappi 3 luukkua, kenk\u00e4teline, kenk\u00e4hylly, kenkien s\u00e4ilytys, yl\u00e4levy, s\u00e4\u00e4dett\u00e4v\u00e4 v\u00e4lisein\u00e4, jopa 18 parille kenki\u00e4, eteinen, 24 x 60 x 108 cm, kyyhkynharmaa LBC036G01<\/p>\n","protected":false},"featured_media":41456,"comment_status":"open","ping_status":"closed","template":"","meta":[],"product_brand":[],"product_cat":[32],"product_tag":[],"class_list":{"0":"post-32433","1":"product","2":"type-product","3":"status-publish","4":"has-post-thumbnail","6":"product_cat-uncategorized-fi","8":"first","9":"instock","10":"shipping-taxable","11":"purchasable","12":"product-type-simple"},"_links":{"self":[{"href":"https:\/\/nordicmart.andreevmaster.com\/fi\/wp-json\/wp\/v2\/product\/32433","targetHints":{"allow":["GET"]}}],"collection":[{"href":"https:\/\/nordicmart.andreevmaster.com\/fi\/wp-json\/wp\/v2\/product"}],"about":[{"href":"https:\/\/nordicmart.andreevmaster.com\/fi\/wp-json\/wp\/v2\/types\/product"}],"replies":[{"embeddable":true,"href":"https:\/\/nordicmart.andreevmaster.com\/fi\/wp-json\/wp\/v2\/comments?post=32433"}],"wp:featuredmedia":[{"embeddable":true,"href":"https:\/\/nordicmart.andreevmaster.com\/fi\/wp-json\/wp\/v2\/media\/41456"}],"wp:attachment":[{"href":"https:\/\/nordicmart.andreevmaster.com\/fi\/wp-json\/wp\/v2\/media?parent=32433"}],"wp:term":[{"taxonomy":"product_brand","embeddable":true,"href":"https:\/\/nordicmart.andreevmaster.com\/fi\/wp-json\/wp\/v2\/product_brand?post=32433"},{"taxonomy":"product_cat","embeddable":true,"href":"https:\/\/nordicmart.andreevmaster.com\/fi\/wp-json\/wp\/v2\/product_cat?post=32433"},{"taxonomy":"product_tag","embeddable":true,"href":"https:\/\/nordicmart.andreevmaster.com\/fi\/wp-json\/wp\/v2\/product_tag?post=32433"}],"curies":[{"name":"wp","href":"https:\/\/api.w.org\/{rel}","templated":true}]}}