{"id":32431,"date":"2026-02-27T00:17:18","date_gmt":"2026-02-27T00:17:18","guid":{"rendered":"https:\/\/nordicmart.andreevmaster.com\/product\/vasagle-kenkakaappi-4-luukkua-ja-saadettava-valiseina-lumivalkoinen\/"},"modified":"2026-02-27T09:39:02","modified_gmt":"2026-02-27T09:39:02","slug":"vasagle-kenkakaappi-4-luukkua-ja-saadettava-valiseina-lumivalkoinen","status":"publish","type":"product","link":"https:\/\/nordicmart.andreevmaster.com\/fi\/tuote\/vasagle-kenkakaappi-4-luukkua-ja-saadettava-valiseina-lumivalkoinen\/","title":{"rendered":"VASAGLE kenk\u00e4kaappi, 4 luukkua ja s\u00e4\u00e4dett\u00e4v\u00e4 v\u00e4lisein\u00e4, lumivalkoinen"},"content":{"rendered":"<p>VASAGLE kenk\u00e4kaappi 4 luukkua, kenk\u00e4teline, kenk\u00e4hylly, kenkien s\u00e4ilytys, s\u00e4\u00e4dett\u00e4v\u00e4 v\u00e4lisein\u00e4, 16\u201328 parille kenki\u00e4, eteinen, 24 x 105,5 x 82,7 cm, eebenpuunmusta LBC035B01<br \/>\nV\u00e4ri: lumivalkoinen<br \/>\nMateriaali: lastulevy<br \/>\nKoko: 24 x 105,5 x 82,7 cm (S x L x K)<br \/>\nPaino: 24,7 kg<br \/>\nYl\u00e4levyn maks. staattinen kantavuus: 55 kg<br \/>\nKannen maks. staattinen kantavuus: 6 kg<\/p>\n","protected":false},"excerpt":{"rendered":"<p>VASAGLE kenk\u00e4kaappi 4 luukkua, kenk\u00e4teline, kenk\u00e4hylly, kenkien s\u00e4ilytys, s\u00e4\u00e4dett\u00e4v\u00e4 v\u00e4lisein\u00e4, 16\u201328 parille kenki\u00e4, eteinen, 24 x 105,5 x 82,7 cm, eebenpuunmusta LBC035B01<\/p>\n","protected":false},"featured_media":41454,"comment_status":"open","ping_status":"closed","template":"","meta":[],"product_brand":[],"product_cat":[32],"product_tag":[],"class_list":{"0":"post-32431","1":"product","2":"type-product","3":"status-publish","4":"has-post-thumbnail","6":"product_cat-uncategorized-fi","8":"first","9":"instock","10":"shipping-taxable","11":"purchasable","12":"product-type-simple"},"_links":{"self":[{"href":"https:\/\/nordicmart.andreevmaster.com\/fi\/wp-json\/wp\/v2\/product\/32431","targetHints":{"allow":["GET"]}}],"collection":[{"href":"https:\/\/nordicmart.andreevmaster.com\/fi\/wp-json\/wp\/v2\/product"}],"about":[{"href":"https:\/\/nordicmart.andreevmaster.com\/fi\/wp-json\/wp\/v2\/types\/product"}],"replies":[{"embeddable":true,"href":"https:\/\/nordicmart.andreevmaster.com\/fi\/wp-json\/wp\/v2\/comments?post=32431"}],"wp:featuredmedia":[{"embeddable":true,"href":"https:\/\/nordicmart.andreevmaster.com\/fi\/wp-json\/wp\/v2\/media\/41454"}],"wp:attachment":[{"href":"https:\/\/nordicmart.andreevmaster.com\/fi\/wp-json\/wp\/v2\/media?parent=32431"}],"wp:term":[{"taxonomy":"product_brand","embeddable":true,"href":"https:\/\/nordicmart.andreevmaster.com\/fi\/wp-json\/wp\/v2\/product_brand?post=32431"},{"taxonomy":"product_cat","embeddable":true,"href":"https:\/\/nordicmart.andreevmaster.com\/fi\/wp-json\/wp\/v2\/product_cat?post=32431"},{"taxonomy":"product_tag","embeddable":true,"href":"https:\/\/nordicmart.andreevmaster.com\/fi\/wp-json\/wp\/v2\/product_tag?post=32431"}],"curies":[{"name":"wp","href":"https:\/\/api.w.org\/{rel}","templated":true}]}}