{"id":32427,"date":"2026-02-27T00:17:17","date_gmt":"2026-02-27T00:17:17","guid":{"rendered":"https:\/\/nordicmart.andreevmaster.com\/product\/vasagle-baarituolien-2-kpln-sarja-jalkatuella-ja-metallirungolla\/"},"modified":"2026-02-27T09:39:01","modified_gmt":"2026-02-27T09:39:01","slug":"vasagle-baarituolien-2-kpln-sarja-jalkatuella-ja-metallirungolla","status":"publish","type":"product","link":"https:\/\/nordicmart.andreevmaster.com\/fi\/tuote\/vasagle-baarituolien-2-kpln-sarja-jalkatuella-ja-metallirungolla\/","title":{"rendered":"VASAGLE baarituolien 2 kpl:n sarja jalkatuella ja metallirungolla"},"content":{"rendered":"<p>VASAGLE baarituoli, 2 kpl baarituoleja, keitti\u00f6tuolit tukevalla ter\u00e4srungolla, korkeus 65 cm, py\u00f6re\u00e4, helppo asentaa, teollinen muotoilu, greige-musta LBC032B02<br \/>\nV\u00e4ri: eebenpuunmusta-klassinen musta<br \/>\nMateriaali: puukuitulevy, ter\u00e4s<br \/>\nKoko per tuoli: 32 x 65 cm (\u00d8 x K)<br \/>\nKokonaispaino: 7,5 kg<br \/>\nSuurin staattinen kantavuus per jakkara: 100 kg<\/p>\n","protected":false},"excerpt":{"rendered":"<p>VASAGLE baarituoli, 2 kpl baarituoleja, keitti\u00f6tuolit tukevalla ter\u00e4srungolla, korkeus 65 cm, py\u00f6re\u00e4, helppo asentaa, teollinen muotoilu, greige-musta LBC032B02<\/p>\n","protected":false},"featured_media":0,"comment_status":"open","ping_status":"closed","template":"","meta":[],"product_brand":[],"product_cat":[32],"product_tag":[],"class_list":{"0":"post-32427","1":"product","2":"type-product","3":"status-publish","5":"product_cat-uncategorized-fi","7":"first","8":"instock","9":"shipping-taxable","10":"purchasable","11":"product-type-simple"},"_links":{"self":[{"href":"https:\/\/nordicmart.andreevmaster.com\/fi\/wp-json\/wp\/v2\/product\/32427","targetHints":{"allow":["GET"]}}],"collection":[{"href":"https:\/\/nordicmart.andreevmaster.com\/fi\/wp-json\/wp\/v2\/product"}],"about":[{"href":"https:\/\/nordicmart.andreevmaster.com\/fi\/wp-json\/wp\/v2\/types\/product"}],"replies":[{"embeddable":true,"href":"https:\/\/nordicmart.andreevmaster.com\/fi\/wp-json\/wp\/v2\/comments?post=32427"}],"wp:attachment":[{"href":"https:\/\/nordicmart.andreevmaster.com\/fi\/wp-json\/wp\/v2\/media?parent=32427"}],"wp:term":[{"taxonomy":"product_brand","embeddable":true,"href":"https:\/\/nordicmart.andreevmaster.com\/fi\/wp-json\/wp\/v2\/product_brand?post=32427"},{"taxonomy":"product_cat","embeddable":true,"href":"https:\/\/nordicmart.andreevmaster.com\/fi\/wp-json\/wp\/v2\/product_cat?post=32427"},{"taxonomy":"product_tag","embeddable":true,"href":"https:\/\/nordicmart.andreevmaster.com\/fi\/wp-json\/wp\/v2\/product_tag?post=32427"}],"curies":[{"name":"wp","href":"https:\/\/api.w.org\/{rel}","templated":true}]}}