{"id":32424,"date":"2026-02-27T00:17:16","date_gmt":"2026-02-27T00:17:16","guid":{"rendered":"https:\/\/nordicmart.andreevmaster.com\/product\/vasagle-kenkakaappi-2-luukkua-valkoinen\/"},"modified":"2026-02-27T09:39:01","modified_gmt":"2026-02-27T09:39:01","slug":"vasagle-kenkakaappi-2-luukkua-valkoinen","status":"publish","type":"product","link":"https:\/\/nordicmart.andreevmaster.com\/fi\/tuote\/vasagle-kenkakaappi-2-luukkua-valkoinen\/","title":{"rendered":"VASAGLE kenk\u00e4kaappi 2 luukkua valkoinen"},"content":{"rendered":"<p>Vihdoin voit saada kenk\u00e4kaoksen hallintaan s\u00e4il\u00f6m\u00e4ll\u00e4 kaikki keng\u00e4t siististi kenk\u00e4kaapissamme! Valkoisen pintansa ansiosta kenk\u00e4kaappi luo hillityn tunnelman kotiisi. Kaksi tukevaa luukkua avautuvat helposti ja paljastavat runsaasti s\u00e4ilytystilaa kengillesi. Olipa kyseess\u00e4 sitten sirot korkokeng\u00e4t, isot saappaat tai jopa nilkkurit, s\u00e4\u00e4dett\u00e4vien ja irrotettavien v\u00e4liseinien ansiosta saat kaikki suosikkikenk\u00e4si mahtumaan kaappiin. Jopa keng\u00e4t, joiden koko on 46, mahtuvat kokonaan lokeroihin. Kenk\u00e4kaappi on kuitenkin tarpeeksi kapea mahtuakseen jopa pieneen eteiseen. Voit viel\u00e4 kaunistaa eteist\u00e4si asettamalla kenk\u00e4kaapin p\u00e4\u00e4lle kauniita koristeita tai kasveja. Koska kenk\u00e4kaapissamme on takasein\u00e4, keng\u00e4t eiv\u00e4t likaa sein\u00e4\u00e4si. Mukana toimitetut jalkaliukukappaleet suojaavat lattiaasi naarmuilta. Jotta kenk\u00e4kaappi pysyy vakaana my\u00f6s t\u00e4yteen lastattuna, toimitukseen sis\u00e4ltyy kaatumissuoja. Osta koristeellinen kenk\u00e4hylly ja siivoa eteisen kenk\u00e4kasat! Tuotetiedot: &#8211; V\u00e4ri: valkoinen &#8211; Materiaali: melamiinipinnoitettu puulevy (luokka E1) &#8211; Enimm\u00e4iskuormitus per luukku: 10 kg &#8211; Mitat: 60 x 83,5 x 24 cm (L x K x S) &#8211; Paino: 15 kg Toimitus sis\u00e4lt\u00e4\u00e4: &#8211; 1 x kenk\u00e4kaappi &#8211; 1 x ohjeet (DE, EN, FR, IT, ES) &#8211; 1 x lis\u00e4varustepussi VASAGLE Huomautukset: &#8211; Kenk\u00e4kaappi on ehdottomasti kiinnitett\u00e4v\u00e4 sein\u00e4\u00e4n. &#8211; Asenna tuote ohjeiden asennusohjeiden mukaisesti.<\/p>\n","protected":false},"excerpt":{"rendered":"<p>VASAGLE kenk\u00e4kaappi, 2 luukkua, valkoinen kenk\u00e4kaappi, s\u00e4\u00e4dett\u00e4v\u00e4 kenk\u00e4kaappi 12 parille naisten kenki\u00e4 tai 8 parille miesten kenki\u00e4, kapeaan eteiseen, 60 x 83,5 x 24 cm (L x K x S) valkoinen LBC02WT<\/p>\n","protected":false},"featured_media":41450,"comment_status":"open","ping_status":"closed","template":"","meta":[],"product_brand":[],"product_cat":[32],"product_tag":[],"class_list":{"0":"post-32424","1":"product","2":"type-product","3":"status-publish","4":"has-post-thumbnail","6":"product_cat-uncategorized-fi","8":"first","9":"instock","10":"shipping-taxable","11":"purchasable","12":"product-type-simple"},"_links":{"self":[{"href":"https:\/\/nordicmart.andreevmaster.com\/fi\/wp-json\/wp\/v2\/product\/32424","targetHints":{"allow":["GET"]}}],"collection":[{"href":"https:\/\/nordicmart.andreevmaster.com\/fi\/wp-json\/wp\/v2\/product"}],"about":[{"href":"https:\/\/nordicmart.andreevmaster.com\/fi\/wp-json\/wp\/v2\/types\/product"}],"replies":[{"embeddable":true,"href":"https:\/\/nordicmart.andreevmaster.com\/fi\/wp-json\/wp\/v2\/comments?post=32424"}],"wp:featuredmedia":[{"embeddable":true,"href":"https:\/\/nordicmart.andreevmaster.com\/fi\/wp-json\/wp\/v2\/media\/41450"}],"wp:attachment":[{"href":"https:\/\/nordicmart.andreevmaster.com\/fi\/wp-json\/wp\/v2\/media?parent=32424"}],"wp:term":[{"taxonomy":"product_brand","embeddable":true,"href":"https:\/\/nordicmart.andreevmaster.com\/fi\/wp-json\/wp\/v2\/product_brand?post=32424"},{"taxonomy":"product_cat","embeddable":true,"href":"https:\/\/nordicmart.andreevmaster.com\/fi\/wp-json\/wp\/v2\/product_cat?post=32424"},{"taxonomy":"product_tag","embeddable":true,"href":"https:\/\/nordicmart.andreevmaster.com\/fi\/wp-json\/wp\/v2\/product_tag?post=32424"}],"curies":[{"name":"wp","href":"https:\/\/api.w.org\/{rel}","templated":true}]}}