{"id":32423,"date":"2026-02-27T00:17:16","date_gmt":"2026-02-27T00:17:16","guid":{"rendered":"https:\/\/nordicmart.andreevmaster.com\/product\/vasagle-kenkakaappi-2-ovella\/"},"modified":"2026-02-27T09:39:00","modified_gmt":"2026-02-27T09:39:00","slug":"vasagle-kenkakaappi-2-ovella","status":"publish","type":"product","link":"https:\/\/nordicmart.andreevmaster.com\/fi\/tuote\/vasagle-kenkakaappi-2-ovella\/","title":{"rendered":"VASAGLE kenk\u00e4kaappi 2 ovella"},"content":{"rendered":"<p>T\u00e4m\u00e4n kenk\u00e4kaapin kohokohdat: &#8211; Suorat linjat, suorat kulmat ja tyylik\u00e4s tummanruskea v\u00e4ri antavat kodillesi ainutlaatuisen ilmeen &#8211; 2 isoa luukullista lokeroa tarjoavat tilaa 12 parille naisten kenki\u00e4 tai 8 parille miesten kenki\u00e4 &#8211; Kaappiin mahtuu keng\u00e4t kokoon 46 asti Voit poistaa v\u00e4lisein\u00e4t, jotta mahtuu my\u00f6s nilkkurit tai korkokeng\u00e4t &#8211; Kaatumisenesto takaa lis\u00e4turvallisuuden &#8211; Vie v\u00e4h\u00e4n tilaa eteisess\u00e4 kapean muodonsa ansiosta &#8211; Mukana tulevat jalat suojaavat lattiaasi naarmuilta Tuotetiedot: &#8211; V\u00e4ri: tummanruskea\/vintage &#8211; Materiaali: E1-luokan puulastulevy melamiiniviilulla &#8211; Koko: 60 x 24 x 83,5 cm (P x L x K) &#8211; Paino: 15 kg &#8211; Maks. staattinen kantavuus per lokero: 10 kgToimitus sis\u00e4lt\u00e4\u00e4: &#8211; 1 x kenk\u00e4kaappi &#8211; 1 x lis\u00e4varustepussi &#8211; 1 x ohjeet (DE, EN, FR, ES, IT)VASAGLE Huomautukset: &#8211; Kiinnit\u00e4 t\u00e4m\u00e4 tuote sein\u00e4\u00e4n mukana toimitetulla kaatumissuojalla turvallisen k\u00e4yt\u00f6n varmistamiseksi. &#8211; Ei sovellu saappaiden s\u00e4ilytykseen! &#8211; Nosta kaappi, kun haluat siirt\u00e4\u00e4 sit\u00e4. \u00c4l\u00e4 raahaa sit\u00e4 lattian p\u00e4\u00e4ll\u00e4. &#8211; Kokoa tuote tarkasti ohjeiden mukaisesti.<\/p>\n","protected":false},"excerpt":{"rendered":"<p>VASAGLE kenk\u00e4kaappi, 2 luukkua, valkoinen kenk\u00e4kaappi, s\u00e4\u00e4dett\u00e4v\u00e4 kenk\u00e4kaappi 12 parille naisten kenki\u00e4 tai 8 parille miesten kenki\u00e4, kapeaan eteiseen, 60 x 83,5 x 24 cm (L x K x S) valkoinen LBC02WT<\/p>\n","protected":false},"featured_media":41449,"comment_status":"open","ping_status":"closed","template":"","meta":[],"product_brand":[],"product_cat":[32],"product_tag":[],"class_list":{"0":"post-32423","1":"product","2":"type-product","3":"status-publish","4":"has-post-thumbnail","6":"product_cat-uncategorized-fi","8":"first","9":"instock","10":"shipping-taxable","11":"purchasable","12":"product-type-simple"},"_links":{"self":[{"href":"https:\/\/nordicmart.andreevmaster.com\/fi\/wp-json\/wp\/v2\/product\/32423","targetHints":{"allow":["GET"]}}],"collection":[{"href":"https:\/\/nordicmart.andreevmaster.com\/fi\/wp-json\/wp\/v2\/product"}],"about":[{"href":"https:\/\/nordicmart.andreevmaster.com\/fi\/wp-json\/wp\/v2\/types\/product"}],"replies":[{"embeddable":true,"href":"https:\/\/nordicmart.andreevmaster.com\/fi\/wp-json\/wp\/v2\/comments?post=32423"}],"wp:featuredmedia":[{"embeddable":true,"href":"https:\/\/nordicmart.andreevmaster.com\/fi\/wp-json\/wp\/v2\/media\/41449"}],"wp:attachment":[{"href":"https:\/\/nordicmart.andreevmaster.com\/fi\/wp-json\/wp\/v2\/media?parent=32423"}],"wp:term":[{"taxonomy":"product_brand","embeddable":true,"href":"https:\/\/nordicmart.andreevmaster.com\/fi\/wp-json\/wp\/v2\/product_brand?post=32423"},{"taxonomy":"product_cat","embeddable":true,"href":"https:\/\/nordicmart.andreevmaster.com\/fi\/wp-json\/wp\/v2\/product_cat?post=32423"},{"taxonomy":"product_tag","embeddable":true,"href":"https:\/\/nordicmart.andreevmaster.com\/fi\/wp-json\/wp\/v2\/product_tag?post=32423"}],"curies":[{"name":"wp","href":"https:\/\/api.w.org\/{rel}","templated":true}]}}