{"id":32414,"date":"2026-02-27T00:17:14","date_gmt":"2026-02-27T00:17:14","guid":{"rendered":"https:\/\/nordicmart.andreevmaster.com\/product\/baarituolit-keittiotuolit-2-korkean-baarituolin-sarja-selkanojalla-terasrunko-73-cm-korkea-istuin-helppo-asentaa-teollinen-rustiikkinen-ruskea-ja-musta-lbc026b01v1\/"},"modified":"2026-02-27T09:38:59","modified_gmt":"2026-02-27T09:38:59","slug":"baarituolit-keittiotuolit-2-korkean-baarituolin-sarja-selkanojalla-terasrunko-73-cm-korkea-istuin-helppo-asentaa-teollinen-rustiikkinen-ruskea-ja-musta-lbc026b01v1","status":"publish","type":"product","link":"https:\/\/nordicmart.andreevmaster.com\/fi\/tuote\/baarituolit-keittiotuolit-2-korkean-baarituolin-sarja-selkanojalla-terasrunko-73-cm-korkea-istuin-helppo-asentaa-teollinen-rustiikkinen-ruskea-ja-musta-lbc026b01v1\/","title":{"rendered":"Baarituolit, keitti\u00f6tuolit, 2 korkean baarituolin sarja selk\u00e4nojalla, ter\u00e4srunko, 73 cm korkea istuin, helppo asentaa, teollinen, rustiikkinen ruskea ja musta LBC026B01V1"},"content":{"rendered":"","protected":false},"excerpt":{"rendered":"","protected":false},"featured_media":0,"comment_status":"open","ping_status":"closed","template":"","meta":[],"product_brand":[],"product_cat":[32],"product_tag":[],"class_list":{"0":"post-32414","1":"product","2":"type-product","3":"status-publish","5":"product_cat-uncategorized-fi","7":"first","8":"instock","9":"shipping-taxable","10":"product-type-simple"},"_links":{"self":[{"href":"https:\/\/nordicmart.andreevmaster.com\/fi\/wp-json\/wp\/v2\/product\/32414","targetHints":{"allow":["GET"]}}],"collection":[{"href":"https:\/\/nordicmart.andreevmaster.com\/fi\/wp-json\/wp\/v2\/product"}],"about":[{"href":"https:\/\/nordicmart.andreevmaster.com\/fi\/wp-json\/wp\/v2\/types\/product"}],"replies":[{"embeddable":true,"href":"https:\/\/nordicmart.andreevmaster.com\/fi\/wp-json\/wp\/v2\/comments?post=32414"}],"wp:attachment":[{"href":"https:\/\/nordicmart.andreevmaster.com\/fi\/wp-json\/wp\/v2\/media?parent=32414"}],"wp:term":[{"taxonomy":"product_brand","embeddable":true,"href":"https:\/\/nordicmart.andreevmaster.com\/fi\/wp-json\/wp\/v2\/product_brand?post=32414"},{"taxonomy":"product_cat","embeddable":true,"href":"https:\/\/nordicmart.andreevmaster.com\/fi\/wp-json\/wp\/v2\/product_cat?post=32414"},{"taxonomy":"product_tag","embeddable":true,"href":"https:\/\/nordicmart.andreevmaster.com\/fi\/wp-json\/wp\/v2\/product_tag?post=32414"}],"curies":[{"name":"wp","href":"https:\/\/api.w.org\/{rel}","templated":true}]}}