{"id":32413,"date":"2026-02-27T00:17:14","date_gmt":"2026-02-27T00:17:14","guid":{"rendered":"https:\/\/nordicmart.andreevmaster.com\/product\/vasagle-kirjahylly-5-lokeroa\/"},"modified":"2026-02-27T09:38:58","modified_gmt":"2026-02-27T09:38:58","slug":"vasagle-kirjahylly-5-lokeroa","status":"publish","type":"product","link":"https:\/\/nordicmart.andreevmaster.com\/fi\/tuote\/vasagle-kirjahylly-5-lokeroa\/","title":{"rendered":"VASAGLE Kirjahylly, 5 lokeroa"},"content":{"rendered":"<p>Anna suosikkikirjoillesi kunniapaikka asunnossasi! Kirjahyllymme sopii harmonisesti erilaisiin sisustustyyleihin \u2013 olipa kyseess\u00e4 sitten maalaistalo, vintage, teollinen tai shabby chic. Aseta hylly lastenhuoneeseen j\u00e4rjest\u00e4m\u00e4\u00e4n pienokaisesi koulukirjat. Aseta se olohuoneeseen lukutuolin viereen ja luo mukava lukunurkkaus. Se sopii my\u00f6s televisiop\u00f6yd\u00e4ksi. Mit\u00e4? Puuttuuko makuuhuoneesta s\u00e4ilytystilaa? \u00c4l\u00e4 huoli, t\u00e4m\u00e4 hylly on juuri mit\u00e4 tarvitset!  T\u00e4m\u00e4 lattialla seisova hylly on helppo koota mukana tulevien monikielisten asennusohjeiden avulla, vaikka olisitkin k\u00e4det\u00f6n. Kaikki osat on merkitty selv\u00e4sti, joten l\u00f6yd\u00e4t nopeasti oikeat osat. Lis\u00e4ksi sivulevyiss\u00e4 on syvennykset, joihin takasein\u00e4 on helppo ty\u00f6nt\u00e4\u00e4. Oletko viel\u00e4 huolissasi hyllyn vakaudesta? Takasein\u00e4 kiinnitet\u00e4\u00e4n lis\u00e4ksi ruuveilla, mik\u00e4 lis\u00e4\u00e4 vakautta huomattavasti. Mukana toimitetaan my\u00f6s vararuuvi tulevaa tarvetta varten. Lis\u00e4ksi kirjahyllyss\u00e4mme on kaatumissuoja, joka lis\u00e4\u00e4 turvallisuutta. Mit\u00e4 muuta? Toimitamme k\u00e4yt\u00e4nn\u00f6lliset jalkatassut, jotka suojaavat lattiaasi naarmuilta.  Hanki siis t\u00e4m\u00e4 monik\u00e4ytt\u00f6inen hylly ja nauti mukavista lukutuokioista ty\u00f6p\u00e4iv\u00e4n j\u00e4lkeen! Tuotetiedot: &#8211; V\u00e4ri: vintage-ruskea &#8211; Materiaali: lastulevy &#8211; Maks. staattinen kantavuus per hylly: 8 kg &#8211; Koko: 50 x 24 x 80 cm (P x L x K) &#8211; Paino: 10,5 kg Toimitus sis\u00e4lt\u00e4\u00e4: &#8211; 1 x kirjahylly &#8211; 1 x lis\u00e4varustepaketti &#8211; 1 x ohjeet (DE, EN, FR, ES, IT)<\/p>\n","protected":false},"excerpt":{"rendered":"<p>VASAGLE Kirjahylly, 5 lokeroa, kirjahylly, esittelyhylly, 50 x 80 x 24 cm (L x K x S) (vintage) LBC025X01<\/p>\n","protected":false},"featured_media":41442,"comment_status":"open","ping_status":"closed","template":"","meta":[],"product_brand":[],"product_cat":[32],"product_tag":[],"class_list":{"0":"post-32413","1":"product","2":"type-product","3":"status-publish","4":"has-post-thumbnail","6":"product_cat-uncategorized-fi","8":"first","9":"instock","10":"shipping-taxable","11":"purchasable","12":"product-type-simple"},"_links":{"self":[{"href":"https:\/\/nordicmart.andreevmaster.com\/fi\/wp-json\/wp\/v2\/product\/32413","targetHints":{"allow":["GET"]}}],"collection":[{"href":"https:\/\/nordicmart.andreevmaster.com\/fi\/wp-json\/wp\/v2\/product"}],"about":[{"href":"https:\/\/nordicmart.andreevmaster.com\/fi\/wp-json\/wp\/v2\/types\/product"}],"replies":[{"embeddable":true,"href":"https:\/\/nordicmart.andreevmaster.com\/fi\/wp-json\/wp\/v2\/comments?post=32413"}],"wp:featuredmedia":[{"embeddable":true,"href":"https:\/\/nordicmart.andreevmaster.com\/fi\/wp-json\/wp\/v2\/media\/41442"}],"wp:attachment":[{"href":"https:\/\/nordicmart.andreevmaster.com\/fi\/wp-json\/wp\/v2\/media?parent=32413"}],"wp:term":[{"taxonomy":"product_brand","embeddable":true,"href":"https:\/\/nordicmart.andreevmaster.com\/fi\/wp-json\/wp\/v2\/product_brand?post=32413"},{"taxonomy":"product_cat","embeddable":true,"href":"https:\/\/nordicmart.andreevmaster.com\/fi\/wp-json\/wp\/v2\/product_cat?post=32413"},{"taxonomy":"product_tag","embeddable":true,"href":"https:\/\/nordicmart.andreevmaster.com\/fi\/wp-json\/wp\/v2\/product_tag?post=32413"}],"curies":[{"name":"wp","href":"https:\/\/api.w.org\/{rel}","templated":true}]}}