{"id":32412,"date":"2026-02-27T00:17:13","date_gmt":"2026-02-27T00:17:13","guid":{"rendered":"https:\/\/nordicmart.andreevmaster.com\/product\/vasagle-kirjahylly-8-hyllya\/"},"modified":"2026-02-27T09:38:58","modified_gmt":"2026-02-27T09:38:58","slug":"vasagle-kirjahylly-8-hyllya","status":"publish","type":"product","link":"https:\/\/nordicmart.andreevmaster.com\/fi\/tuote\/vasagle-kirjahylly-8-hyllya\/","title":{"rendered":"VASAGLE kirjahylly, 8 hylly\u00e4"},"content":{"rendered":"<p>Anna kirjakokoelmallesi sopiva paikka kotonasi! Kirjahyllymme on t\u00e4ydellinen lis\u00e4 sisustustyyliisi, ja sen vintage-ruskea v\u00e4ri luo luonnollisen tunnelman. Riippumatta siit\u00e4, mik\u00e4 on kotisi sisustustyyli, maalaismainen, vintage, teollinen tai shabby chic, yksinkertainen ja rustiikkinen vapaasti seisova hylly t\u00e4ydent\u00e4\u00e4 tyyli\u00e4si. Sijoita t\u00e4m\u00e4 kirjahylly lastenhuoneeseen lastenkirjoille tai olohuoneeseen lukutuolin viereen tai yksinkertaisesti makuuhuoneeseesi. Se sopii erinomaisesti my\u00f6s televisiotelineeksi. Mukana toimitettujen yksityiskohtaisten, monikielisten asennusohjeiden ansiosta t\u00e4m\u00e4 hylly on helppo koota my\u00f6s aloittelijalle. Lis\u00e4ksi kaikki osat on merkitty selv\u00e4sti, joten l\u00f6yd\u00e4t nopeasti tarvitsemasi osat. Sivulevyiss\u00e4 on urat, joten takasein\u00e4n asettaminen paikalleen on helppoa. Takasein\u00e4\u00e4n voidaan kiinnitt\u00e4\u00e4 kiinnikkeit\u00e4 lis\u00e4\u00e4m\u00e4\u00e4n vakautta. Mukana toimitetaan my\u00f6s vararuuvi. Lis\u00e4ksi kirjahyllyss\u00e4mme on kaatumisenestolaitteet turvallisuuden lis\u00e4\u00e4miseksi. Hyllylevyn alustat suojaavat lattiaasi naarmuilta ja vaurioilta. Tuotetiedot:- V\u00e4ri: vintage-ruskea &#8211; Materiaali: lastulevy &#8211; Koko: 30 x 65,5 x 129,5 cm (S x L x K) &#8211; Paino: 24,3 kg &#8211; Jokaisen hyllyn maks. staattinen kantavuus: 15 kg &#8211; Yl\u00e4kaapin maks. staattinen kantavuus: 40 kg Toimitus sis\u00e4lt\u00e4\u00e4:- 1 x kirjahylly &#8211; 1 x lis\u00e4varustepaketti &#8211; 1 x ohjeet VASAGLE-ohjeet: &#8211; Puhdista kirjahylly kostealla liinalla ja kuivaa se.<\/p>\n","protected":false},"excerpt":{"rendered":"<p>VASAGLE kirjahylly, kirjakabinetti, 8 lokeroa, lattialla seisova hylly, toimistohylly, vapaasti seisova, koristeeksi, toimistoon, olohuoneeseen, makuuhuoneeseen, lastenhuoneeseen, vintage-ruskea LBC024T01<\/p>\n","protected":false},"featured_media":41441,"comment_status":"open","ping_status":"closed","template":"","meta":[],"product_brand":[],"product_cat":[32],"product_tag":[],"class_list":{"0":"post-32412","1":"product","2":"type-product","3":"status-publish","4":"has-post-thumbnail","6":"product_cat-uncategorized-fi","8":"first","9":"instock","10":"shipping-taxable","11":"purchasable","12":"product-type-simple"},"_links":{"self":[{"href":"https:\/\/nordicmart.andreevmaster.com\/fi\/wp-json\/wp\/v2\/product\/32412","targetHints":{"allow":["GET"]}}],"collection":[{"href":"https:\/\/nordicmart.andreevmaster.com\/fi\/wp-json\/wp\/v2\/product"}],"about":[{"href":"https:\/\/nordicmart.andreevmaster.com\/fi\/wp-json\/wp\/v2\/types\/product"}],"replies":[{"embeddable":true,"href":"https:\/\/nordicmart.andreevmaster.com\/fi\/wp-json\/wp\/v2\/comments?post=32412"}],"wp:featuredmedia":[{"embeddable":true,"href":"https:\/\/nordicmart.andreevmaster.com\/fi\/wp-json\/wp\/v2\/media\/41441"}],"wp:attachment":[{"href":"https:\/\/nordicmart.andreevmaster.com\/fi\/wp-json\/wp\/v2\/media?parent=32412"}],"wp:term":[{"taxonomy":"product_brand","embeddable":true,"href":"https:\/\/nordicmart.andreevmaster.com\/fi\/wp-json\/wp\/v2\/product_brand?post=32412"},{"taxonomy":"product_cat","embeddable":true,"href":"https:\/\/nordicmart.andreevmaster.com\/fi\/wp-json\/wp\/v2\/product_cat?post=32412"},{"taxonomy":"product_tag","embeddable":true,"href":"https:\/\/nordicmart.andreevmaster.com\/fi\/wp-json\/wp\/v2\/product_tag?post=32412"}],"curies":[{"name":"wp","href":"https:\/\/api.w.org\/{rel}","templated":true}]}}