{"id":32400,"date":"2026-02-27T00:17:11","date_gmt":"2026-02-27T00:17:11","guid":{"rendered":"https:\/\/nordicmart.andreevmaster.com\/product\/songmics-keinotekoiset-mehikasvit-ruukussa\/"},"modified":"2026-02-27T09:38:56","modified_gmt":"2026-02-27T09:38:56","slug":"songmics-keinotekoiset-mehikasvit-ruukussa","status":"publish","type":"product","link":"https:\/\/nordicmart.andreevmaster.com\/fi\/tuote\/songmics-keinotekoiset-mehikasvit-ruukussa\/","title":{"rendered":"SONGMICS Keinotekoiset mehikasvit ruukussa"},"content":{"rendered":"<p>Aitojen huonekasvien hoito vaatii paljon ty\u00f6t\u00e4, jotta ne eiv\u00e4t kuihtuisi. Miksi siis et koristaisi kotisi n\u00e4ill\u00e4 tekokasveilla?<\/p>\n<p>Tuoreet ja luonnolliset v\u00e4rit tekev\u00e4t niist\u00e4 aidon n\u00e4k\u00f6isi\u00e4, ja ne tuovat aitojen kasvien tavoin ripauksen luontoa tiloihisi ja rikastuttavat niit\u00e4 vihre\u00e4ll\u00e4 elinvoimalla. Tuotetiedot:<br \/>\nV\u00e4ri: betongray (ruukku), vihre\u00e4<br \/>\nMateriaali: PE, PVC, paperimassa<br \/>\nKoko:<br \/>\nKasvit yhteens\u00e4: 7\u201314 cm<br \/>\nRuukku: 6,6 x 6 cm (\u00d8 x K)<br \/>\nPaino: 0,3 kg<\/p>\n<p>Toimitus sis\u00e4lt\u00e4\u00e4:<br \/>\n5 x keinotekoinen mehikasvi kukkaruukussa<\/p>\n<p>SONGMICS Huomautukset:<br \/>\n\u00c4l\u00e4 ved\u00e4 tai rep\u00e4ise kasveja, koska ne voivat muuten deformoitua.<br \/>\n\u00c4l\u00e4 kastele n\u00e4it\u00e4 kasveja. Ruukku ei my\u00f6sk\u00e4\u00e4n saa joutua kosketuksiin veden kanssa, koska se voi vahingoittua.<\/p>\n","protected":false},"excerpt":{"rendered":"<p>SONGMICS Keinotekoiset mehikasvit ruukussa, 5 erilaista keinotekoista kasvia, keinotekoiset huonekasvit, koristekasvit olohuoneeseen, toimistoon, kirjahyllylle, p\u00f6yd\u00e4n koristeeksi LAP202GN<\/p>\n","protected":false},"featured_media":41429,"comment_status":"open","ping_status":"closed","template":"","meta":[],"product_brand":[],"product_cat":[32],"product_tag":[],"class_list":{"0":"post-32400","1":"product","2":"type-product","3":"status-publish","4":"has-post-thumbnail","6":"product_cat-uncategorized-fi","8":"first","9":"instock","10":"shipping-taxable","11":"purchasable","12":"product-type-simple"},"_links":{"self":[{"href":"https:\/\/nordicmart.andreevmaster.com\/fi\/wp-json\/wp\/v2\/product\/32400","targetHints":{"allow":["GET"]}}],"collection":[{"href":"https:\/\/nordicmart.andreevmaster.com\/fi\/wp-json\/wp\/v2\/product"}],"about":[{"href":"https:\/\/nordicmart.andreevmaster.com\/fi\/wp-json\/wp\/v2\/types\/product"}],"replies":[{"embeddable":true,"href":"https:\/\/nordicmart.andreevmaster.com\/fi\/wp-json\/wp\/v2\/comments?post=32400"}],"wp:featuredmedia":[{"embeddable":true,"href":"https:\/\/nordicmart.andreevmaster.com\/fi\/wp-json\/wp\/v2\/media\/41429"}],"wp:attachment":[{"href":"https:\/\/nordicmart.andreevmaster.com\/fi\/wp-json\/wp\/v2\/media?parent=32400"}],"wp:term":[{"taxonomy":"product_brand","embeddable":true,"href":"https:\/\/nordicmart.andreevmaster.com\/fi\/wp-json\/wp\/v2\/product_brand?post=32400"},{"taxonomy":"product_cat","embeddable":true,"href":"https:\/\/nordicmart.andreevmaster.com\/fi\/wp-json\/wp\/v2\/product_cat?post=32400"},{"taxonomy":"product_tag","embeddable":true,"href":"https:\/\/nordicmart.andreevmaster.com\/fi\/wp-json\/wp\/v2\/product_tag?post=32400"}],"curies":[{"name":"wp","href":"https:\/\/api.w.org\/{rel}","templated":true}]}}