{"id":32399,"date":"2026-02-27T00:17:10","date_gmt":"2026-02-27T00:17:10","guid":{"rendered":"https:\/\/nordicmart.andreevmaster.com\/product\/songmics-moderni-tietokonepoyta-valkoinen-luonnonvarit\/"},"modified":"2026-02-27T09:38:56","modified_gmt":"2026-02-27T09:38:56","slug":"songmics-moderni-tietokonepoyta-valkoinen-luonnonvarit","status":"publish","type":"product","link":"https:\/\/nordicmart.andreevmaster.com\/fi\/tuote\/songmics-moderni-tietokonepoyta-valkoinen-luonnonvarit\/","title":{"rendered":"SONGMICS Moderni tietokonep\u00f6yt\u00e4 Valkoinen-luonnonv\u00e4rit"},"content":{"rendered":"<p>Syit\u00e4, miksi sinun pit\u00e4isi valita SONGMICS: &#8211; Seisomap\u00f6yt\u00e4mme on suunniteltu muuttamaan huonoja ty\u00f6asentoja. Ne on varustettu korkealaatuisella metallirungolla ja tukevalla MDF-levyll\u00e4, jotka ovat paitsi k\u00e4yt\u00e4nn\u00f6llisi\u00e4 my\u00f6s esteettisesti kauniita. &#8211; Korkeuden s\u00e4\u00e4t\u00f6 v\u00e4hent\u00e4\u00e4 niskaan ja selk\u00e4\u00e4n kohdistuvaa rasitusta pitk\u00e4n ty\u00f6p\u00e4iv\u00e4n j\u00e4lkeen. Jos et ole ainoa, joka k\u00e4ytt\u00e4\u00e4 t\u00e4t\u00e4 p\u00f6yt\u00e4\u00e4, s\u00e4\u00e4t\u00f6toiminto on juuri sinulle sopiva. SONGMICS:n s\u00e4\u00e4dett\u00e4v\u00e4t seisomap\u00f6yd\u00e4t ovat uusi ty\u00f6piste ihmisille, joiden pituus ja tilantarve vaihtelevat. &#8211; Helppok\u00e4ytt\u00f6inen pneumaattinen nostoj\u00e4rjestelm\u00e4 mahdollistaa vaivattoman ja \u00e4\u00e4nett\u00f6m\u00e4n korkeuden s\u00e4\u00e4t\u00e4misen yhdell\u00e4 k\u00e4den liikkeell\u00e4. Tyylik\u00e4s ulkon\u00e4k\u00f6 ja \u00e4lyk\u00e4s muotoilu erottavat toimiston muista. Tuotetiedot: &#8211; V\u00e4ri: luonnollinen puunsyykuvio &#8211; Materiaali: MDF-levy, rautakehys &#8211; P\u00f6yt\u00e4levyn mitat: 120 x 60 cm &#8211; Korkeus: 72\u2013112 cm &#8211; Paino: 29,5 kg &#8211; Maks. staattinen kantavuus: 50 kg Toimitus sis\u00e4lt\u00e4\u00e4: &#8211; 1 x seisomap\u00f6yt\u00e4 &#8211; 1 x kiinnitystarvikepussi &#8211; 1 x ohjeet (De, EN, FR, ES, IT) SONGMICS Huomautukset: &#8211; \u00c4l\u00e4 ylikuormita tuotetta.<\/p>\n","protected":false},"excerpt":{"rendered":"<p>SONGMICS korkeuss\u00e4\u00e4dett\u00e4v\u00e4 ty\u00f6p\u00f6yt\u00e4, istuma-seisomap\u00f6yt\u00e4 s\u00e4\u00e4dett\u00e4vill\u00e4 jaloilla, korkeuss\u00e4\u00e4dett\u00e4v\u00e4 ty\u00f6piste tietokoneille, n\u00e4yt\u00f6ille ja kannettaville tietokoneille, luonnollinen puunsyykuvio, LAD08NW<\/p>\n","protected":false},"featured_media":41428,"comment_status":"open","ping_status":"closed","template":"","meta":[],"product_brand":[],"product_cat":[32],"product_tag":[],"class_list":{"0":"post-32399","1":"product","2":"type-product","3":"status-publish","4":"has-post-thumbnail","6":"product_cat-uncategorized-fi","8":"first","9":"instock","10":"shipping-taxable","11":"purchasable","12":"product-type-simple"},"_links":{"self":[{"href":"https:\/\/nordicmart.andreevmaster.com\/fi\/wp-json\/wp\/v2\/product\/32399","targetHints":{"allow":["GET"]}}],"collection":[{"href":"https:\/\/nordicmart.andreevmaster.com\/fi\/wp-json\/wp\/v2\/product"}],"about":[{"href":"https:\/\/nordicmart.andreevmaster.com\/fi\/wp-json\/wp\/v2\/types\/product"}],"replies":[{"embeddable":true,"href":"https:\/\/nordicmart.andreevmaster.com\/fi\/wp-json\/wp\/v2\/comments?post=32399"}],"wp:featuredmedia":[{"embeddable":true,"href":"https:\/\/nordicmart.andreevmaster.com\/fi\/wp-json\/wp\/v2\/media\/41428"}],"wp:attachment":[{"href":"https:\/\/nordicmart.andreevmaster.com\/fi\/wp-json\/wp\/v2\/media?parent=32399"}],"wp:term":[{"taxonomy":"product_brand","embeddable":true,"href":"https:\/\/nordicmart.andreevmaster.com\/fi\/wp-json\/wp\/v2\/product_brand?post=32399"},{"taxonomy":"product_cat","embeddable":true,"href":"https:\/\/nordicmart.andreevmaster.com\/fi\/wp-json\/wp\/v2\/product_cat?post=32399"},{"taxonomy":"product_tag","embeddable":true,"href":"https:\/\/nordicmart.andreevmaster.com\/fi\/wp-json\/wp\/v2\/product_tag?post=32399"}],"curies":[{"name":"wp","href":"https:\/\/api.w.org\/{rel}","templated":true}]}}