{"id":32398,"date":"2026-02-27T00:17:10","date_gmt":"2026-02-27T00:17:10","guid":{"rendered":"https:\/\/nordicmart.andreevmaster.com\/product\/songmics-rullattava-kannettavan-tietokoneen-poyta-valkoinen\/"},"modified":"2026-02-27T09:38:56","modified_gmt":"2026-02-27T09:38:56","slug":"songmics-rullattava-kannettavan-tietokoneen-poyta-valkoinen","status":"publish","type":"product","link":"https:\/\/nordicmart.andreevmaster.com\/fi\/tuote\/songmics-rullattava-kannettavan-tietokoneen-poyta-valkoinen\/","title":{"rendered":"SONGMICS rullattava kannettavan tietokoneen p\u00f6yt\u00e4, valkoinen"},"content":{"rendered":"<p>Miksi valita SONGMICS? Istu tai seiso haluamallasi tavalla SONGMICSin rullattava monik\u00e4ytt\u00f6inen kannettavan tietokoneen p\u00f6yt\u00e4 mahdollistaa vapaasti s\u00e4\u00e4dett\u00e4v\u00e4n istuma- ja seisoma-asennon, mik\u00e4 takaa optimaalisen tuottavuuden, olitpa sitten pit\u00e4m\u00e4ss\u00e4 esityst\u00e4 tai ty\u00f6skentelem\u00e4ss\u00e4 kotona. Ergonominen korkeuss\u00e4\u00e4t\u00f6 Pneumaattisen nostoj\u00e4rjestelm\u00e4n avulla p\u00f6yt\u00e4levy voidaan s\u00e4\u00e4t\u00e4\u00e4 tarkasti haluttuun korkeuteen helppok\u00e4ytt\u00f6isell\u00e4 sivukahvalla, ja saat vihdoin helpotusta niskaan ja selk\u00e4\u00e4n, jotka ovat k\u00e4rsineet v\u00e4\u00e4r\u00e4st\u00e4 istuma- tai seisoma-asennosta. Helppo siirt\u00e4\u00e4 ja tilaa s\u00e4\u00e4st\u00e4v\u00e4t SONGMICSin siirrett\u00e4v\u00e4t ty\u00f6p\u00f6yd\u00e4t on varustettu 4 raskaiden kuormien py\u00f6r\u00e4ll\u00e4, joten voit vied\u00e4 ne mukanasi minne tahansa ilman, ett\u00e4 sinun tarvitsee huolehtia alustan puuttumisesta. T\u00e4m\u00e4 on ihanteellinen kannettava ty\u00f6piste kotiin tai toimistoon! Tuotetiedot: &#8211; V\u00e4ri: valkoinen &#8211; Materiaali: MDF-levy, alumiini &#8211; P\u00f6yt\u00e4levyn mitat: 71,5 x 47,5 cm &#8211; Korkeus: 75\u2013105 cm &#8211; Paino: 12,2 kg &#8211; Maks. kantavuus: 50 kg Toimitus sis\u00e4lt\u00e4\u00e4: &#8211; 1 x seisomap\u00f6yt\u00e4 &#8211; 1 x kiinnityspussi &#8211; 1 x ohjeet (DE, EN, FR, ES, IT) SONGMICS-huomautukset: &#8211; \u00c4l\u00e4 ylikuormita tuotetta.<\/p>\n","protected":false},"excerpt":{"rendered":"<p>SONGMICS korkeuss\u00e4\u00e4dett\u00e4v\u00e4 seisomap\u00f6yt\u00e4, kannettavan tietokoneen p\u00f6yt\u00e4, liikkuva rullilla, sopii my\u00f6s istumap\u00f6yt\u00e4n\u00e4, valkoinen LAD02WT<\/p>\n","protected":false},"featured_media":41427,"comment_status":"open","ping_status":"closed","template":"","meta":[],"product_brand":[],"product_cat":[32],"product_tag":[],"class_list":{"0":"post-32398","1":"product","2":"type-product","3":"status-publish","4":"has-post-thumbnail","6":"product_cat-uncategorized-fi","8":"first","9":"instock","10":"shipping-taxable","11":"purchasable","12":"product-type-simple"},"_links":{"self":[{"href":"https:\/\/nordicmart.andreevmaster.com\/fi\/wp-json\/wp\/v2\/product\/32398","targetHints":{"allow":["GET"]}}],"collection":[{"href":"https:\/\/nordicmart.andreevmaster.com\/fi\/wp-json\/wp\/v2\/product"}],"about":[{"href":"https:\/\/nordicmart.andreevmaster.com\/fi\/wp-json\/wp\/v2\/types\/product"}],"replies":[{"embeddable":true,"href":"https:\/\/nordicmart.andreevmaster.com\/fi\/wp-json\/wp\/v2\/comments?post=32398"}],"wp:featuredmedia":[{"embeddable":true,"href":"https:\/\/nordicmart.andreevmaster.com\/fi\/wp-json\/wp\/v2\/media\/41427"}],"wp:attachment":[{"href":"https:\/\/nordicmart.andreevmaster.com\/fi\/wp-json\/wp\/v2\/media?parent=32398"}],"wp:term":[{"taxonomy":"product_brand","embeddable":true,"href":"https:\/\/nordicmart.andreevmaster.com\/fi\/wp-json\/wp\/v2\/product_brand?post=32398"},{"taxonomy":"product_cat","embeddable":true,"href":"https:\/\/nordicmart.andreevmaster.com\/fi\/wp-json\/wp\/v2\/product_cat?post=32398"},{"taxonomy":"product_tag","embeddable":true,"href":"https:\/\/nordicmart.andreevmaster.com\/fi\/wp-json\/wp\/v2\/product_tag?post=32398"}],"curies":[{"name":"wp","href":"https:\/\/api.w.org\/{rel}","templated":true}]}}