{"id":32386,"date":"2026-02-27T00:17:07","date_gmt":"2026-02-27T00:17:07","guid":{"rendered":"https:\/\/nordicmart.andreevmaster.com\/product\/songmics-teollisen-muotoilun-viiniteline-lasipidikkeilla\/"},"modified":"2026-02-27T09:38:53","modified_gmt":"2026-02-27T09:38:53","slug":"songmics-teollisen-muotoilun-viiniteline-lasipidikkeilla","status":"publish","type":"product","link":"https:\/\/nordicmart.andreevmaster.com\/fi\/tuote\/songmics-teollisen-muotoilun-viiniteline-lasipidikkeilla\/","title":{"rendered":"SONGMICS teollisen muotoilun viiniteline lasipidikkeill\u00e4"},"content":{"rendered":"<p>SONGMICS-viiniteline on v\u00e4ltt\u00e4m\u00e4t\u00f6n jokaiselle viinin yst\u00e4v\u00e4lle. Se on viiniteline, joka yhdist\u00e4\u00e4 tyylin ja toiminnallisuuden, jotta voit nauttia viihtyisist\u00e4 hetkist\u00e4 lasillisen viinin \u00e4\u00e4rell\u00e4. Lis\u00e4\u00e4 s\u00e4ilytystilaa: Viinitelineess\u00e4 on lasitelineet ja p\u00f6yt\u00e4levy. T\u00e4m\u00e4n ainutlaatuisen 3-in-1-viinitelineen avulla voit palvella vieraita paremmin. Runsaasti s\u00e4ilytystilaa: T\u00e4m\u00e4 4-kerroksinen teline lasitelineill\u00e4 mahtuu 24 pulloa ja tarjoaa ihanteellisen n\u00e4ytt\u00e4m\u00f6n viinikokoelmasi esittelyyn. Vieraitasi ilahduttavat silm\u00e4t! Lis\u00e4ksi mukana toimitettu kaatumissuoja tarjoaa lis\u00e4vakautta. Tuotetiedot: &#8211; V\u00e4ri: vintage-ruskea-musta &#8211; Materiaali: bambu, MDF (keskitihe\u00e4 kuitulevy), ter\u00e4s &#8211; Koko: 66 x 30 x 100 cm (P x L x K) &#8211; Paino: 9 kg &#8211; Maks. staattinen kantavuus hylly\u00e4 kohti: 15 kg  Toimitus sis\u00e4lt\u00e4\u00e4: &#8211; 1 x viiniteline &#8211; 1 x lis\u00e4varustepaketti &#8211; 1 x kaatumissuoja &#8211; 1 x ohjeet SONGMICS Huomautukset: &#8211; \u00c4l\u00e4 sijoita tuotetta kosteaan ymp\u00e4rist\u00f6\u00f6n.- Pid\u00e4 tuote poissa ter\u00e4vien ja ter\u00e4vien esineiden l\u00e4heisyydest\u00e4. &#8211; Turvallisuussyist\u00e4 lapset eiv\u00e4t saa kiivet\u00e4 tuotteelle tai leikki\u00e4 sill\u00e4. &#8211; Kiinnit\u00e4 t\u00e4m\u00e4 tuote sein\u00e4\u00e4n mukana toimitetulla kaatumissuojalla turvallisen k\u00e4yt\u00f6n varmistamiseksi.<\/p>\n","protected":false},"excerpt":{"rendered":"<p>SONGMICS viiniteline, 24 viinipullolle, vapaasti seisova, pulloteline lasipidikkeill\u00e4, keitti\u00f6\u00f6n, baariin, ruokasaliin, vintage-ruskea-musta KWR028B01<\/p>\n","protected":false},"featured_media":41415,"comment_status":"open","ping_status":"closed","template":"","meta":[],"product_brand":[],"product_cat":[32],"product_tag":[],"class_list":{"0":"post-32386","1":"product","2":"type-product","3":"status-publish","4":"has-post-thumbnail","6":"product_cat-uncategorized-fi","8":"first","9":"instock","10":"shipping-taxable","11":"purchasable","12":"product-type-simple"},"_links":{"self":[{"href":"https:\/\/nordicmart.andreevmaster.com\/fi\/wp-json\/wp\/v2\/product\/32386","targetHints":{"allow":["GET"]}}],"collection":[{"href":"https:\/\/nordicmart.andreevmaster.com\/fi\/wp-json\/wp\/v2\/product"}],"about":[{"href":"https:\/\/nordicmart.andreevmaster.com\/fi\/wp-json\/wp\/v2\/types\/product"}],"replies":[{"embeddable":true,"href":"https:\/\/nordicmart.andreevmaster.com\/fi\/wp-json\/wp\/v2\/comments?post=32386"}],"wp:featuredmedia":[{"embeddable":true,"href":"https:\/\/nordicmart.andreevmaster.com\/fi\/wp-json\/wp\/v2\/media\/41415"}],"wp:attachment":[{"href":"https:\/\/nordicmart.andreevmaster.com\/fi\/wp-json\/wp\/v2\/media?parent=32386"}],"wp:term":[{"taxonomy":"product_brand","embeddable":true,"href":"https:\/\/nordicmart.andreevmaster.com\/fi\/wp-json\/wp\/v2\/product_brand?post=32386"},{"taxonomy":"product_cat","embeddable":true,"href":"https:\/\/nordicmart.andreevmaster.com\/fi\/wp-json\/wp\/v2\/product_cat?post=32386"},{"taxonomy":"product_tag","embeddable":true,"href":"https:\/\/nordicmart.andreevmaster.com\/fi\/wp-json\/wp\/v2\/product_tag?post=32386"}],"curies":[{"name":"wp","href":"https:\/\/api.w.org\/{rel}","templated":true}]}}