{"id":32384,"date":"2026-02-27T00:17:07","date_gmt":"2026-02-27T00:17:07","guid":{"rendered":"https:\/\/nordicmart.andreevmaster.com\/product\/songmics-viiniteline-12-pullolle\/"},"modified":"2026-02-27T09:38:53","modified_gmt":"2026-02-27T09:38:53","slug":"songmics-viiniteline-12-pullolle","status":"publish","type":"product","link":"https:\/\/nordicmart.andreevmaster.com\/fi\/tuote\/songmics-viiniteline-12-pullolle\/","title":{"rendered":"SONGMICS viiniteline 12 pullolle"},"content":{"rendered":"<p>Suunnitteletko juhlia? T\u00e4m\u00e4n pullotelineen avulla kotibaarisi on aina valmiina. T\u00e4ss\u00e4 viinitelineess\u00e4 on 12 avointa lokeroa, joissa voit esitell\u00e4 viinikokoelmasi. Sen lis\u00e4ksi, ett\u00e4 se on hyv\u00e4 s\u00e4ilytysratkaisu, t\u00e4m\u00e4 viiniteline on my\u00f6s upea sisustusesine, joka korostaa viinikokoelmaasi. Huolellisesti suunnitellut yksityiskohdat: &#8211; Retro-design maalaistyyliin. &#8211; Valmistettu MDF:st\u00e4 ja bambusta. &#8211; Helppo k\u00e4ytt\u00e4\u00e4 ja koota. &#8211; 3 hylly\u00e4, joihin mahtuu 12 pulloa. &#8211; Kompakti muotoilu tehokkaaseen ja tilaa s\u00e4\u00e4st\u00e4v\u00e4\u00e4n s\u00e4ilytykseen. &#8211; Ainutlaatuinen aaltomainen muotoilu est\u00e4\u00e4 heilumisen. Tuotetiedot: &#8211; V\u00e4ri: vintage-ruskea-musta &#8211; Materiaali: bambu, MDF (keskitihe\u00e4 kuitulevy) &#8211; Koko: 20,3 x 44,8 x 38 cm (S x L x K) &#8211; Paino: 1,5 kg &#8211; Maks. staattinen kantavuus hylly\u00e4 kohti: 15 kgToimitus sis\u00e4lt\u00e4\u00e4:- 1 x viiniteline &#8211; 1 x lis\u00e4varustepaketti &#8211; 1 x ohjeet SONGMICSin ohjeet: &#8211; V\u00e4lt\u00e4 altistamasta tuotetta kosteudelle pitk\u00e4ksi aikaa. &#8211; \u00c4l\u00e4 kosketa tuotetta ter\u00e4vill\u00e4 esineill\u00e4, jotka voivat vahingoittaa sen pintaa. &#8211; Lapset eiv\u00e4t saa kiivet\u00e4 tuotteen p\u00e4\u00e4lle tai leikki\u00e4 sill\u00e4.<\/p>\n","protected":false},"excerpt":{"rendered":"<p>SONGMICS Countertop viiniteline, pulloteline 3 hyllyll\u00e4, jopa 12 pullolle, bambusta valmistettu pulloteline, keitti\u00f6\u00f6n, baariin, ruokasaliin, olohuoneeseen, vintage-ruskea-musta KWR011B01<\/p>\n","protected":false},"featured_media":41413,"comment_status":"open","ping_status":"closed","template":"","meta":[],"product_brand":[],"product_cat":[32],"product_tag":[],"class_list":{"0":"post-32384","1":"product","2":"type-product","3":"status-publish","4":"has-post-thumbnail","6":"product_cat-uncategorized-fi","8":"first","9":"instock","10":"shipping-taxable","11":"purchasable","12":"product-type-simple"},"_links":{"self":[{"href":"https:\/\/nordicmart.andreevmaster.com\/fi\/wp-json\/wp\/v2\/product\/32384","targetHints":{"allow":["GET"]}}],"collection":[{"href":"https:\/\/nordicmart.andreevmaster.com\/fi\/wp-json\/wp\/v2\/product"}],"about":[{"href":"https:\/\/nordicmart.andreevmaster.com\/fi\/wp-json\/wp\/v2\/types\/product"}],"replies":[{"embeddable":true,"href":"https:\/\/nordicmart.andreevmaster.com\/fi\/wp-json\/wp\/v2\/comments?post=32384"}],"wp:featuredmedia":[{"embeddable":true,"href":"https:\/\/nordicmart.andreevmaster.com\/fi\/wp-json\/wp\/v2\/media\/41413"}],"wp:attachment":[{"href":"https:\/\/nordicmart.andreevmaster.com\/fi\/wp-json\/wp\/v2\/media?parent=32384"}],"wp:term":[{"taxonomy":"product_brand","embeddable":true,"href":"https:\/\/nordicmart.andreevmaster.com\/fi\/wp-json\/wp\/v2\/product_brand?post=32384"},{"taxonomy":"product_cat","embeddable":true,"href":"https:\/\/nordicmart.andreevmaster.com\/fi\/wp-json\/wp\/v2\/product_cat?post=32384"},{"taxonomy":"product_tag","embeddable":true,"href":"https:\/\/nordicmart.andreevmaster.com\/fi\/wp-json\/wp\/v2\/product_tag?post=32384"}],"curies":[{"name":"wp","href":"https:\/\/api.w.org\/{rel}","templated":true}]}}