{"id":32383,"date":"2026-02-27T00:17:07","date_gmt":"2026-02-27T00:17:07","guid":{"rendered":"https:\/\/nordicmart.andreevmaster.com\/product\/songmics-pinottava-viiniteline-bambusta\/"},"modified":"2026-02-27T09:38:53","modified_gmt":"2026-02-27T09:38:53","slug":"songmics-pinottava-viiniteline-bambusta","status":"publish","type":"product","link":"https:\/\/nordicmart.andreevmaster.com\/fi\/tuote\/songmics-pinottava-viiniteline-bambusta\/","title":{"rendered":"SONGMICS pinottava viiniteline bambusta"},"content":{"rendered":"<p>Jos haluat s\u00e4ilytt\u00e4\u00e4 viinej\u00e4si pidemp\u00e4\u00e4n, niiden tulee olla aina kosketuksessa korkin kanssa<br \/>\n ja pit\u00e4\u00e4 korkki kosteana. Siksi viinipullot tulisi s\u00e4ilytt\u00e4\u00e4 makuulla. Muuten korkki kutistuu ajan mittaan kuivuen ja pulloon p\u00e4\u00e4see enemm\u00e4n happea, mik\u00e4 muuttaa viinin hitaasti etikaksi. SONGMICS-viiniteline on hieman viisto, joten kaikki viinipullot ovat hieman kallellaan ja korkit pysyv\u00e4t aina kosteina, mik\u00e4 suojaa viinej\u00e4.<br \/>\nTuotetiedot:<br \/>\nV\u00e4ri: luonnollinen puunsyykuvio<br \/>\nMateriaali: bambu<br \/>\nMitat: 85 x 30 x 24 cm (L x K x S)<br \/>\nPaino: 2,8 kg<br \/>\nMaks. kantavuus: 15 kg<\/p>\n<p>Toimitus sis\u00e4lt\u00e4\u00e4<br \/>\n1 x viiniteline<br \/>\n1 x k\u00e4ytt\u00f6ohje (DE, EN, FR, ES, IT)<\/p>\n<p>SONGMICS-huomautus:<br \/>\n\u00c4l\u00e4 altista tuotetta kosteudelle tai suoralle auringonvalolle.<br \/>\nTurvallisuussyist\u00e4 tuotetta ei saa s\u00e4ilytt\u00e4\u00e4 yli 2<\/p>\n","protected":false},"excerpt":{"rendered":"<p>SONGMICS pinottava viiniteline bambusta 18 viinipullolle, 2-tasoinen pulloteline, luonnollinen puunsyykuvio KWR002NL<\/p>\n","protected":false},"featured_media":41412,"comment_status":"open","ping_status":"closed","template":"","meta":[],"product_brand":[],"product_cat":[32],"product_tag":[],"class_list":{"0":"post-32383","1":"product","2":"type-product","3":"status-publish","4":"has-post-thumbnail","6":"product_cat-uncategorized-fi","8":"first","9":"instock","10":"shipping-taxable","11":"purchasable","12":"product-type-simple"},"_links":{"self":[{"href":"https:\/\/nordicmart.andreevmaster.com\/fi\/wp-json\/wp\/v2\/product\/32383","targetHints":{"allow":["GET"]}}],"collection":[{"href":"https:\/\/nordicmart.andreevmaster.com\/fi\/wp-json\/wp\/v2\/product"}],"about":[{"href":"https:\/\/nordicmart.andreevmaster.com\/fi\/wp-json\/wp\/v2\/types\/product"}],"replies":[{"embeddable":true,"href":"https:\/\/nordicmart.andreevmaster.com\/fi\/wp-json\/wp\/v2\/comments?post=32383"}],"wp:featuredmedia":[{"embeddable":true,"href":"https:\/\/nordicmart.andreevmaster.com\/fi\/wp-json\/wp\/v2\/media\/41412"}],"wp:attachment":[{"href":"https:\/\/nordicmart.andreevmaster.com\/fi\/wp-json\/wp\/v2\/media?parent=32383"}],"wp:term":[{"taxonomy":"product_brand","embeddable":true,"href":"https:\/\/nordicmart.andreevmaster.com\/fi\/wp-json\/wp\/v2\/product_brand?post=32383"},{"taxonomy":"product_cat","embeddable":true,"href":"https:\/\/nordicmart.andreevmaster.com\/fi\/wp-json\/wp\/v2\/product_cat?post=32383"},{"taxonomy":"product_tag","embeddable":true,"href":"https:\/\/nordicmart.andreevmaster.com\/fi\/wp-json\/wp\/v2\/product_tag?post=32383"}],"curies":[{"name":"wp","href":"https:\/\/api.w.org\/{rel}","templated":true}]}}