{"id":32382,"date":"2026-02-27T00:17:06","date_gmt":"2026-02-27T00:17:06","guid":{"rendered":"https:\/\/nordicmart.andreevmaster.com\/product\/songmics-kapea-rullateline-3-lokeroa\/"},"modified":"2026-02-27T09:38:53","modified_gmt":"2026-02-27T09:38:53","slug":"songmics-kapea-rullateline-3-lokeroa","status":"publish","type":"product","link":"https:\/\/nordicmart.andreevmaster.com\/fi\/tuote\/songmics-kapea-rullateline-3-lokeroa\/","title":{"rendered":"SONGMICS Kapea rullateline, 3 lokeroa"},"content":{"rendered":"<p>Lopeta sotkuisuus\u00c4rsytt\u00e4\u00e4k\u00f6 keitti\u00f6n tai kylpyhuoneen sotkuisuus, mutta sinulla ei ole tarpeeksi tilaa suurelle kaapille? Silloin t\u00e4m\u00e4 SONGMICS-hylly on t\u00e4ydellinen ratkaisu. Se mahtuu ahtaisiin koloihin ja tarjoaa 3 k\u00e4yt\u00e4nn\u00f6llist\u00e4 s\u00e4ilytystasoa, joille voit siististi sijoittaa keitti\u00f6tarvikkeet tai hygieniatuotteet. Pullot, v\u00e4lipalat, puhdistus- tai pesuaineet, mausteet, roskapussit, shampoo \u2013 s\u00e4ilyt\u00e4 p\u00e4ivitt\u00e4iset tarvikkeet siististi. Tuotetiedot: &#8211; V\u00e4ri: valkoinen &#8211; Materiaali: PP-muovi &#8211; Mitat: 54,5 x 12,7 x 72,5 cm (P x L x K) &#8211; Paino: 1,41 kg &#8211; Sein\u00e4n paksuus: 2,44 mm Toimitus sis\u00e4lt\u00e4\u00e4: &#8211; 1 x muovihylly<\/p>\n","protected":false},"excerpt":{"rendered":"<p>SONGMICS kapea hylly, keitti\u00f6hylly 3 hyllyll\u00e4, kylpyhuonehylly, seisomahylly, yleisk\u00e4ytt\u00f6inen vaunu py\u00f6rill\u00e4, valkoinen KTR03W<\/p>\n","protected":false},"featured_media":41411,"comment_status":"open","ping_status":"closed","template":"","meta":[],"product_brand":[],"product_cat":[32],"product_tag":[],"class_list":{"0":"post-32382","1":"product","2":"type-product","3":"status-publish","4":"has-post-thumbnail","6":"product_cat-uncategorized-fi","8":"first","9":"instock","10":"shipping-taxable","11":"purchasable","12":"product-type-simple"},"_links":{"self":[{"href":"https:\/\/nordicmart.andreevmaster.com\/fi\/wp-json\/wp\/v2\/product\/32382","targetHints":{"allow":["GET"]}}],"collection":[{"href":"https:\/\/nordicmart.andreevmaster.com\/fi\/wp-json\/wp\/v2\/product"}],"about":[{"href":"https:\/\/nordicmart.andreevmaster.com\/fi\/wp-json\/wp\/v2\/types\/product"}],"replies":[{"embeddable":true,"href":"https:\/\/nordicmart.andreevmaster.com\/fi\/wp-json\/wp\/v2\/comments?post=32382"}],"wp:featuredmedia":[{"embeddable":true,"href":"https:\/\/nordicmart.andreevmaster.com\/fi\/wp-json\/wp\/v2\/media\/41411"}],"wp:attachment":[{"href":"https:\/\/nordicmart.andreevmaster.com\/fi\/wp-json\/wp\/v2\/media?parent=32382"}],"wp:term":[{"taxonomy":"product_brand","embeddable":true,"href":"https:\/\/nordicmart.andreevmaster.com\/fi\/wp-json\/wp\/v2\/product_brand?post=32382"},{"taxonomy":"product_cat","embeddable":true,"href":"https:\/\/nordicmart.andreevmaster.com\/fi\/wp-json\/wp\/v2\/product_cat?post=32382"},{"taxonomy":"product_tag","embeddable":true,"href":"https:\/\/nordicmart.andreevmaster.com\/fi\/wp-json\/wp\/v2\/product_tag?post=32382"}],"curies":[{"name":"wp","href":"https:\/\/api.w.org\/{rel}","templated":true}]}}