{"id":32381,"date":"2026-02-27T00:17:06","date_gmt":"2026-02-27T00:17:06","guid":{"rendered":"https:\/\/nordicmart.andreevmaster.com\/product\/vasagle-ruokapoydan-penkit-2-kpl-penkit-ruokapoydalle-keittion-penkit\/"},"modified":"2026-02-27T09:38:52","modified_gmt":"2026-02-27T09:38:52","slug":"vasagle-ruokapoydan-penkit-2-kpl-penkit-ruokapoydalle-keittion-penkit","status":"publish","type":"product","link":"https:\/\/nordicmart.andreevmaster.com\/fi\/tuote\/vasagle-ruokapoydan-penkit-2-kpl-penkit-ruokapoydalle-keittion-penkit\/","title":{"rendered":"VASAGLE ruokap\u00f6yd\u00e4n penkit, 2 kpl, penkit ruokap\u00f6yd\u00e4lle, keitti\u00f6n penkit"},"content":{"rendered":"<p>Tuotetiedot: &#8211; V\u00e4ri: vintage\/tummanruskea &#8211; Materiaali: puulevy, rauta &#8211; Koko per penkki: 108 x 32,5 x 50 cm (P x L x K) &#8211; Istuimen mitat: 108 x 32,5 x 15 cm (P x L x K) &#8211; Paino: 13,4 kg Toimitus sis\u00e4lt\u00e4\u00e4:- 2 x ruokap\u00f6yd\u00e4n penkki &#8211; 1 x lis\u00e4varustepussi &#8211; 1 x ohjeet (DE, EN, ES, FR, IT) VASAGLE-ohjeet: &#8211; Aseta tuote paikkaan, jossa se ei ole alttiina l\u00e4mm\u00f6nl\u00e4hteille, suoralle auringonvalolle tai kosteudelle. &#8211; Pid\u00e4 tuote poissa ter\u00e4vien ja ter\u00e4vien esineiden sek\u00e4 sy\u00f6vytt\u00e4vien aineiden l\u00e4heisyydest\u00e4.- Lapset eiv\u00e4t saa kiivet\u00e4 tuotteelle tai leikki\u00e4 sill\u00e4. &#8211; Pid\u00e4 lapset poissa ty\u00f6alueelta asennuksen aikana ja s\u00e4ilyt\u00e4 pakkausmateriaalit poissa lasten ulottuvilta. Toimitus sis\u00e4lt\u00e4\u00e4 monia pieni\u00e4 osia, jotka voivat aiheuttaa terveysvaaroja, jos ne nielaistaan tai hengitet\u00e4\u00e4n.<\/p>\n","protected":false},"excerpt":{"rendered":"<p>Ruokap\u00f6yd\u00e4n penkit, 2 kpl, penkit ruokap\u00f6yd\u00e4lle, keitti\u00f6n penkit, keitti\u00f6\u00f6n, ruokasaliin, teollinen muotoilu, vintage-ruskea-musta<\/p>\n","protected":false},"featured_media":41410,"comment_status":"open","ping_status":"closed","template":"","meta":[],"product_brand":[],"product_cat":[32],"product_tag":[],"class_list":{"0":"post-32381","1":"product","2":"type-product","3":"status-publish","4":"has-post-thumbnail","6":"product_cat-uncategorized-fi","8":"first","9":"instock","10":"shipping-taxable","11":"purchasable","12":"product-type-simple"},"_links":{"self":[{"href":"https:\/\/nordicmart.andreevmaster.com\/fi\/wp-json\/wp\/v2\/product\/32381","targetHints":{"allow":["GET"]}}],"collection":[{"href":"https:\/\/nordicmart.andreevmaster.com\/fi\/wp-json\/wp\/v2\/product"}],"about":[{"href":"https:\/\/nordicmart.andreevmaster.com\/fi\/wp-json\/wp\/v2\/types\/product"}],"replies":[{"embeddable":true,"href":"https:\/\/nordicmart.andreevmaster.com\/fi\/wp-json\/wp\/v2\/comments?post=32381"}],"wp:featuredmedia":[{"embeddable":true,"href":"https:\/\/nordicmart.andreevmaster.com\/fi\/wp-json\/wp\/v2\/media\/41410"}],"wp:attachment":[{"href":"https:\/\/nordicmart.andreevmaster.com\/fi\/wp-json\/wp\/v2\/media?parent=32381"}],"wp:term":[{"taxonomy":"product_brand","embeddable":true,"href":"https:\/\/nordicmart.andreevmaster.com\/fi\/wp-json\/wp\/v2\/product_brand?post=32381"},{"taxonomy":"product_cat","embeddable":true,"href":"https:\/\/nordicmart.andreevmaster.com\/fi\/wp-json\/wp\/v2\/product_cat?post=32381"},{"taxonomy":"product_tag","embeddable":true,"href":"https:\/\/nordicmart.andreevmaster.com\/fi\/wp-json\/wp\/v2\/product_tag?post=32381"}],"curies":[{"name":"wp","href":"https:\/\/api.w.org\/{rel}","templated":true}]}}