{"id":32379,"date":"2026-02-27T00:17:06","date_gmt":"2026-02-27T00:17:06","guid":{"rendered":"https:\/\/nordicmart.andreevmaster.com\/product\/vasagle-ruokasalipenkki-pehmustettu-penkki-ruskea-musta\/"},"modified":"2026-02-27T09:38:52","modified_gmt":"2026-02-27T09:38:52","slug":"vasagle-ruokasalipenkki-pehmustettu-penkki-ruskea-musta","status":"publish","type":"product","link":"https:\/\/nordicmart.andreevmaster.com\/fi\/tuote\/vasagle-ruokasalipenkki-pehmustettu-penkki-ruskea-musta\/","title":{"rendered":"VASAGLE ruokasalipenkki, pehmustettu penkki, ruskea-musta"},"content":{"rendered":"<p>Tuotetiedot: &#8211; V\u00e4ri: ruskea-musta &#8211; Materiaali: PU, vaahtomuovi, lastulevy, ter\u00e4s &#8211; Koko: 108 x 32,5 x 48 cm (P x L x K) &#8211; Paino: 6,8 kg &#8211; Maks. staattinen kantavuus: 100 kg Toimitus sis\u00e4lt\u00e4\u00e4:- 1 x ruokap\u00f6yd\u00e4n penkki &#8211; 1 x lis\u00e4varustepaketti &#8211; 1 x ohjeet (DE, EN, ES, FR, IT) VASAGLE-ohjeet: &#8211; Turvallisuussyist\u00e4 lapset eiv\u00e4t saa kiivet\u00e4 tuotteelle tai leikki\u00e4 sill\u00e4. &#8211; Pinnan suurin staattinen kantavuus on 100 kg. \u00c4l\u00e4 ylit\u00e4 t\u00e4t\u00e4 enimm\u00e4ispainoa.<\/p>\n","protected":false},"excerpt":{"rendered":"<p>VASAGLE ruokasalipenkki, pehmustettu penkki, keitti\u00f6penkki, 108 x 32,5 x 48 cm, PU-verhoilu, ter\u00e4srunko, ruokasaliin, olohuoneeseen, eteiseen, musta KTB034B81<\/p>\n","protected":false},"featured_media":41408,"comment_status":"open","ping_status":"closed","template":"","meta":[],"product_brand":[],"product_cat":[32],"product_tag":[],"class_list":{"0":"post-32379","1":"product","2":"type-product","3":"status-publish","4":"has-post-thumbnail","6":"product_cat-uncategorized-fi","8":"first","9":"instock","10":"shipping-taxable","11":"purchasable","12":"product-type-simple"},"_links":{"self":[{"href":"https:\/\/nordicmart.andreevmaster.com\/fi\/wp-json\/wp\/v2\/product\/32379","targetHints":{"allow":["GET"]}}],"collection":[{"href":"https:\/\/nordicmart.andreevmaster.com\/fi\/wp-json\/wp\/v2\/product"}],"about":[{"href":"https:\/\/nordicmart.andreevmaster.com\/fi\/wp-json\/wp\/v2\/types\/product"}],"replies":[{"embeddable":true,"href":"https:\/\/nordicmart.andreevmaster.com\/fi\/wp-json\/wp\/v2\/comments?post=32379"}],"wp:featuredmedia":[{"embeddable":true,"href":"https:\/\/nordicmart.andreevmaster.com\/fi\/wp-json\/wp\/v2\/media\/41408"}],"wp:attachment":[{"href":"https:\/\/nordicmart.andreevmaster.com\/fi\/wp-json\/wp\/v2\/media?parent=32379"}],"wp:term":[{"taxonomy":"product_brand","embeddable":true,"href":"https:\/\/nordicmart.andreevmaster.com\/fi\/wp-json\/wp\/v2\/product_brand?post=32379"},{"taxonomy":"product_cat","embeddable":true,"href":"https:\/\/nordicmart.andreevmaster.com\/fi\/wp-json\/wp\/v2\/product_cat?post=32379"},{"taxonomy":"product_tag","embeddable":true,"href":"https:\/\/nordicmart.andreevmaster.com\/fi\/wp-json\/wp\/v2\/product_tag?post=32379"}],"curies":[{"name":"wp","href":"https:\/\/api.w.org\/{rel}","templated":true}]}}