{"id":32377,"date":"2026-02-27T00:17:05","date_gmt":"2026-02-27T00:17:05","guid":{"rendered":"https:\/\/nordicmart.andreevmaster.com\/product\/songmics-ostoskarry-pyorilla\/"},"modified":"2026-02-27T09:38:51","modified_gmt":"2026-02-27T09:38:51","slug":"songmics-ostoskarry-pyorilla","status":"publish","type":"product","link":"https:\/\/nordicmart.andreevmaster.com\/fi\/tuote\/songmics-ostoskarry-pyorilla\/","title":{"rendered":"SONGMICS-ostosk\u00e4rry py\u00f6rill\u00e4"},"content":{"rendered":"<p>Kokoaminen on lastenleikki\u00e4! Sinun tarvitsee vain kiinnitt\u00e4\u00e4 kaksi py\u00f6r\u00e4\u00e4 ja kiinnitt\u00e4\u00e4 laukku tarranauhoilla runkoon \u2013 valmista! Muutamassa minuutissa t\u00e4m\u00e4 ostosk\u00e4rry on valmis viem\u00e4\u00e4n sinut torille ostamaan tuoretta kalaa ja rapeita vihanneksia.Tyylik\u00e4s kumppani: Sinun ei tarvitse h\u00e4vet\u00e4 vet\u00e4\u00e4 t\u00e4t\u00e4 ostosk\u00e4rry\u00e4 mukanasi, kun menet supermarkettiin \u2013 modernin hanhenjalka-kuvion ansiosta se n\u00e4ytt\u00e4\u00e4 eritt\u00e4in tyylikk\u00e4\u00e4lt\u00e4! Ehk\u00e4 yst\u00e4v\u00e4si, jotka kohtaat matkalla, kysyv\u00e4t sinulta, mist\u00e4 olet ostanut t\u00e4m\u00e4n k\u00e4rryn, koska hekin haluavat tilata sellaisen! V\u00e4ltt\u00e4m\u00e4t\u00f6n varuste retkillesi: Enemm\u00e4n kuin vain ostosk\u00e4rry! Voit k\u00e4ytt\u00e4\u00e4 sit\u00e4 paitsi ostoksilla my\u00f6s ulkoilma-aktiviteeteissa, kun haluat ottaa mukaan piknikpeittoja ja pelej\u00e4. Miksi et k\u00e4ytt\u00e4isi t\u00e4t\u00e4 k\u00e4rry\u00e4 my\u00f6s leirint\u00e4alueella? Tuotetiedot: V\u00e4ri: musta, hanhenjalka-kuvio Materiaali: 600D Oxford-kangas, alumiinirakenne, EVA-py\u00f6r\u00e4t Koko: 47 x 33 x 97 cm (P x L x K) Paino: 2 kg Maks. staattinen kantavuus: 25 kg Toimitus sis\u00e4lt\u00e4\u00e4: 1 x ostosk\u00e4rry 1 x ohjeet (DE, EN, FR, ES, IT) SONGMICS-ohjeet: Pid\u00e4 tuote poissa tulen l\u00e4hteist\u00e4 ja ter\u00e4vist\u00e4 esineist\u00e4.\u00c4l\u00e4 altista tuotetta suoralle auringonvalolle. \u00c4l\u00e4 s\u00e4ilyt\u00e4 tuotetta kosteassa ymp\u00e4rist\u00f6ss\u00e4 homeen muodostumisen est\u00e4miseksi. Tuotteen maksimaalinen staattinen kantavuus on 25 kg. \u00c4l\u00e4 irrota py\u00f6ri\u00e4 tai muita osia v\u00e4kisin, vaan tee se varovasti ja hitaasti.<\/p>\n","protected":false},"excerpt":{"rendered":"<p>SONGMICS ostosk\u00e4rry, ostoskori, py\u00f6rill\u00e4, tilavuus 40 l, taskuilla, hiljaisilla py\u00f6rill\u00e4 ja koukulla, 47 x 33 x 97 cm, vakaa ja kest\u00e4v\u00e4, hanhenjalka-kuvio, musta KST06BF<\/p>\n","protected":false},"featured_media":41406,"comment_status":"open","ping_status":"closed","template":"","meta":[],"product_brand":[],"product_cat":[32],"product_tag":[],"class_list":{"0":"post-32377","1":"product","2":"type-product","3":"status-publish","4":"has-post-thumbnail","6":"product_cat-uncategorized-fi","8":"first","9":"instock","10":"shipping-taxable","11":"purchasable","12":"product-type-simple"},"_links":{"self":[{"href":"https:\/\/nordicmart.andreevmaster.com\/fi\/wp-json\/wp\/v2\/product\/32377","targetHints":{"allow":["GET"]}}],"collection":[{"href":"https:\/\/nordicmart.andreevmaster.com\/fi\/wp-json\/wp\/v2\/product"}],"about":[{"href":"https:\/\/nordicmart.andreevmaster.com\/fi\/wp-json\/wp\/v2\/types\/product"}],"replies":[{"embeddable":true,"href":"https:\/\/nordicmart.andreevmaster.com\/fi\/wp-json\/wp\/v2\/comments?post=32377"}],"wp:featuredmedia":[{"embeddable":true,"href":"https:\/\/nordicmart.andreevmaster.com\/fi\/wp-json\/wp\/v2\/media\/41406"}],"wp:attachment":[{"href":"https:\/\/nordicmart.andreevmaster.com\/fi\/wp-json\/wp\/v2\/media?parent=32377"}],"wp:term":[{"taxonomy":"product_brand","embeddable":true,"href":"https:\/\/nordicmart.andreevmaster.com\/fi\/wp-json\/wp\/v2\/product_brand?post=32377"},{"taxonomy":"product_cat","embeddable":true,"href":"https:\/\/nordicmart.andreevmaster.com\/fi\/wp-json\/wp\/v2\/product_cat?post=32377"},{"taxonomy":"product_tag","embeddable":true,"href":"https:\/\/nordicmart.andreevmaster.com\/fi\/wp-json\/wp\/v2\/product_tag?post=32377"}],"curies":[{"name":"wp","href":"https:\/\/api.w.org\/{rel}","templated":true}]}}