{"id":32375,"date":"2026-02-27T00:17:05","date_gmt":"2026-02-27T00:17:05","guid":{"rendered":"https:\/\/nordicmart.andreevmaster.com\/product\/songmics-ostoskarry-jossa-on-suuri-tilavuus\/"},"modified":"2026-02-27T09:38:51","modified_gmt":"2026-02-27T09:38:51","slug":"songmics-ostoskarry-jossa-on-suuri-tilavuus","status":"publish","type":"product","link":"https:\/\/nordicmart.andreevmaster.com\/fi\/tuote\/songmics-ostoskarry-jossa-on-suuri-tilavuus\/","title":{"rendered":"SONGMICS-ostosk\u00e4rry, jossa on suuri tilavuus"},"content":{"rendered":"<p>Palaatko supermarketin aina useiden raskaiden muovikassien kanssa? T\u00e4m\u00e4n k\u00e4yt\u00e4nn\u00f6llisen SONGMICS-ostosk\u00e4rryn ansiosta sinun ei en\u00e4\u00e4 tarvitse raahata kantokasseja. All-in-One-ostosk\u00e4rry: 40 litran laukulla ja ylim\u00e4\u00e4r\u00e4isell\u00e4 j\u00e4\u00e4hdytyslokerolla varustettu ostosk\u00e4rry riitt\u00e4\u00e4 viikoittaisiin ostoksiisi. Et tarvitse edes erillist\u00e4 laukkua puhelimellesi, avaimillesi ja rahoillesi \u2013 takana oleva piilotettu lokero tarjoaa turvallisen s\u00e4ilytyspaikan arvoesineillesi. Helppo koota: avaa alumiinirunko ja kiinnit\u00e4 py\u00f6r\u00e4t ja laukku, niin saat tyylikk\u00e4\u00e4n ostosk\u00e4rryn. Asennukseen ei tarvita ty\u00f6kaluja, koska py\u00f6r\u00e4t voidaan kiinnitt\u00e4\u00e4 yhdell\u00e4 napsautuksella. Laukku kiinnitet\u00e4\u00e4n tarranauhoilla. Lis\u00e4ksi ostosk\u00e4rry voidaan kiinnitt\u00e4\u00e4 supermarketin ostosk\u00e4rryyn kahdella koukulla. Tuotetiedot: V\u00e4ri: musta Materiaali: 600D polyesteri, alumiini, EVA-vaahtomuovipy\u00f6r\u00e4t Tuotteen koko: 47 x 33 x 97 cm Laukun koko: 35 x 23,5 x 59 cm Paino: 2,3 kg Kapasiteetti: 25 kg Toimitus sis\u00e4lt\u00e4\u00e4: 1 x ostosk\u00e4rry 1 x ohjeet (DE, EN, FR, ES, IT)<\/p>\n","protected":false},"excerpt":{"rendered":"<p>SONGMICS Taitettava ostosk\u00e4rry, py\u00f6rill\u00e4, kevyt ostosk\u00e4rry eristetyn j\u00e4\u00e4hdytyslokeron kanssa, 40 l, harmaa KST04GY<\/p>\n","protected":false},"featured_media":41404,"comment_status":"open","ping_status":"closed","template":"","meta":[],"product_brand":[],"product_cat":[32],"product_tag":[],"class_list":{"0":"post-32375","1":"product","2":"type-product","3":"status-publish","4":"has-post-thumbnail","6":"product_cat-uncategorized-fi","8":"first","9":"instock","10":"shipping-taxable","11":"purchasable","12":"product-type-simple"},"_links":{"self":[{"href":"https:\/\/nordicmart.andreevmaster.com\/fi\/wp-json\/wp\/v2\/product\/32375","targetHints":{"allow":["GET"]}}],"collection":[{"href":"https:\/\/nordicmart.andreevmaster.com\/fi\/wp-json\/wp\/v2\/product"}],"about":[{"href":"https:\/\/nordicmart.andreevmaster.com\/fi\/wp-json\/wp\/v2\/types\/product"}],"replies":[{"embeddable":true,"href":"https:\/\/nordicmart.andreevmaster.com\/fi\/wp-json\/wp\/v2\/comments?post=32375"}],"wp:featuredmedia":[{"embeddable":true,"href":"https:\/\/nordicmart.andreevmaster.com\/fi\/wp-json\/wp\/v2\/media\/41404"}],"wp:attachment":[{"href":"https:\/\/nordicmart.andreevmaster.com\/fi\/wp-json\/wp\/v2\/media?parent=32375"}],"wp:term":[{"taxonomy":"product_brand","embeddable":true,"href":"https:\/\/nordicmart.andreevmaster.com\/fi\/wp-json\/wp\/v2\/product_brand?post=32375"},{"taxonomy":"product_cat","embeddable":true,"href":"https:\/\/nordicmart.andreevmaster.com\/fi\/wp-json\/wp\/v2\/product_cat?post=32375"},{"taxonomy":"product_tag","embeddable":true,"href":"https:\/\/nordicmart.andreevmaster.com\/fi\/wp-json\/wp\/v2\/product_tag?post=32375"}],"curies":[{"name":"wp","href":"https:\/\/api.w.org\/{rel}","templated":true}]}}