{"id":32374,"date":"2026-02-27T00:17:04","date_gmt":"2026-02-27T00:17:04","guid":{"rendered":"https:\/\/nordicmart.andreevmaster.com\/product\/songmics-ostoskarry-35-l-musta\/"},"modified":"2026-02-27T09:38:51","modified_gmt":"2026-02-27T09:38:51","slug":"songmics-ostoskarry-35-l-musta","status":"publish","type":"product","link":"https:\/\/nordicmart.andreevmaster.com\/fi\/tuote\/songmics-ostoskarry-35-l-musta\/","title":{"rendered":"SONGMICS ostosk\u00e4rry 35 L musta"},"content":{"rendered":"<p>Mik\u00e4 tekee SONGMICS-ostosk\u00e4rryst\u00e4 niin ainutlaatuisen? SONGMICS-tuote vakuuttaa monik\u00e4ytt\u00f6isyydell\u00e4\u00e4n: musta laukku on helppo irrottaa ja k\u00e4ytt\u00e4\u00e4 tyylikk\u00e4\u00e4n\u00e4 olkalaukkuna jopa 10 kg:n painoisille tavaroille. Kun laukku on kiinnitetty takaisin alumiinirunkoon, siihen mahtuu jopa 25 kg tavaraa. \u00c4lykk\u00e4\u00e4n rakenteensa ansiosta ostosk\u00e4rry pysyy vakaana ja tukevana my\u00f6s t\u00e4yteen kuormattuna. Laukussa on lis\u00e4ksi ylim\u00e4\u00e4r\u00e4isi\u00e4 taskuja, joihin voit esimerkiksi laittaa sateenvarjon. Erityisen k\u00e4tev\u00e4 on eristetty kylm\u00e4tasku. Ostosk\u00e4rry voidaan kiinnitt\u00e4\u00e4 ostosk\u00e4rryyn kahdella koukulla. S\u00e4\u00e4dett\u00e4v\u00e4 kahva s\u00e4\u00e4st\u00e4\u00e4 ranteitasi ja helpottaa k\u00e4rryn liikuttamista. Heijastimet varmistavat turvallisuuden liikenteess\u00e4. Helppo koota tarranauhalla: Kun olet vastaanottanut paketin, sinun tarvitsee vain avata k\u00e4rryn runko ja kiinnitt\u00e4\u00e4 py\u00f6r\u00e4t ja laukku. Akkuruuvimeisseli\u00e4 ei tarvita, koska py\u00f6r\u00e4t kiinnitet\u00e4\u00e4n yhdell\u00e4 napsautuksella ja laukku tarranauhoilla. Tuotetiedot: V\u00e4ri: musta Materiaali: 600D polyesteri, alumiiniputki, EVA-vaahtomuovipy\u00f6r\u00e4t Rungon koko: 44 x 100 x 27 cm (L x K x S) Kangaskassin koko: 31 x 54 x 24 cm (L x K x S) Paino: 2,8 kg Koko rungon kantavuus: 25 kg Olkalaukun kantavuus: 10 kg Toimitus sis\u00e4lt\u00e4\u00e4: 1 x ostosk\u00e4rry 1 x ohjeet (DE, EN, FR, ES, IT)<\/p>\n","protected":false},"excerpt":{"rendered":"<p>SONGMICS Tukeva, taitettava ostosk\u00e4rry, jossa on j\u00e4\u00e4hdytyslokero, monitoiminen ostosk\u00e4rry heijastimilla, ostosk\u00e4rry, irrotettava laukku, rullat, musta KST03BK<\/p>\n","protected":false},"featured_media":41403,"comment_status":"open","ping_status":"closed","template":"","meta":[],"product_brand":[],"product_cat":[32],"product_tag":[],"class_list":{"0":"post-32374","1":"product","2":"type-product","3":"status-publish","4":"has-post-thumbnail","6":"product_cat-uncategorized-fi","8":"first","9":"instock","10":"shipping-taxable","11":"purchasable","12":"product-type-simple"},"_links":{"self":[{"href":"https:\/\/nordicmart.andreevmaster.com\/fi\/wp-json\/wp\/v2\/product\/32374","targetHints":{"allow":["GET"]}}],"collection":[{"href":"https:\/\/nordicmart.andreevmaster.com\/fi\/wp-json\/wp\/v2\/product"}],"about":[{"href":"https:\/\/nordicmart.andreevmaster.com\/fi\/wp-json\/wp\/v2\/types\/product"}],"replies":[{"embeddable":true,"href":"https:\/\/nordicmart.andreevmaster.com\/fi\/wp-json\/wp\/v2\/comments?post=32374"}],"wp:featuredmedia":[{"embeddable":true,"href":"https:\/\/nordicmart.andreevmaster.com\/fi\/wp-json\/wp\/v2\/media\/41403"}],"wp:attachment":[{"href":"https:\/\/nordicmart.andreevmaster.com\/fi\/wp-json\/wp\/v2\/media?parent=32374"}],"wp:term":[{"taxonomy":"product_brand","embeddable":true,"href":"https:\/\/nordicmart.andreevmaster.com\/fi\/wp-json\/wp\/v2\/product_brand?post=32374"},{"taxonomy":"product_cat","embeddable":true,"href":"https:\/\/nordicmart.andreevmaster.com\/fi\/wp-json\/wp\/v2\/product_cat?post=32374"},{"taxonomy":"product_tag","embeddable":true,"href":"https:\/\/nordicmart.andreevmaster.com\/fi\/wp-json\/wp\/v2\/product_tag?post=32374"}],"curies":[{"name":"wp","href":"https:\/\/api.w.org\/{rel}","templated":true}]}}