{"id":32373,"date":"2026-02-27T00:17:04","date_gmt":"2026-02-27T00:17:04","guid":{"rendered":"https:\/\/nordicmart.andreevmaster.com\/product\/songmics-taitettava-ostoskarry-harmaa\/"},"modified":"2026-02-27T09:38:51","modified_gmt":"2026-02-27T09:38:51","slug":"songmics-taitettava-ostoskarry-harmaa","status":"publish","type":"product","link":"https:\/\/nordicmart.andreevmaster.com\/fi\/tuote\/songmics-taitettava-ostoskarry-harmaa\/","title":{"rendered":"SONGMICS Taitettava ostosk\u00e4rry, harmaa"},"content":{"rendered":"<p>SONGMICS ostosk\u00e4rry, taitettava, tukeva ostosk\u00e4rry, j\u00e4\u00e4hdytyslokero, suuri tilavuus 35 l, monik\u00e4ytt\u00f6inen, k\u00e4sik\u00e4rry py\u00f6rill\u00e4, irrotettava laukku, harmaa KST02GY<\/p>\n","protected":false},"excerpt":{"rendered":"<p>SONGMICS ostosk\u00e4rry, taitettava, tukeva ostosk\u00e4rry, j\u00e4\u00e4hdytyslokero, suuri tilavuus 35 l, monik\u00e4ytt\u00f6inen, k\u00e4sik\u00e4rry py\u00f6rill\u00e4, irrotettava laukku, harmaa KST02GY<\/p>\n","protected":false},"featured_media":41402,"comment_status":"open","ping_status":"closed","template":"","meta":[],"product_brand":[],"product_cat":[32],"product_tag":[],"class_list":{"0":"post-32373","1":"product","2":"type-product","3":"status-publish","4":"has-post-thumbnail","6":"product_cat-uncategorized-fi","8":"first","9":"instock","10":"shipping-taxable","11":"purchasable","12":"product-type-simple"},"_links":{"self":[{"href":"https:\/\/nordicmart.andreevmaster.com\/fi\/wp-json\/wp\/v2\/product\/32373","targetHints":{"allow":["GET"]}}],"collection":[{"href":"https:\/\/nordicmart.andreevmaster.com\/fi\/wp-json\/wp\/v2\/product"}],"about":[{"href":"https:\/\/nordicmart.andreevmaster.com\/fi\/wp-json\/wp\/v2\/types\/product"}],"replies":[{"embeddable":true,"href":"https:\/\/nordicmart.andreevmaster.com\/fi\/wp-json\/wp\/v2\/comments?post=32373"}],"wp:featuredmedia":[{"embeddable":true,"href":"https:\/\/nordicmart.andreevmaster.com\/fi\/wp-json\/wp\/v2\/media\/41402"}],"wp:attachment":[{"href":"https:\/\/nordicmart.andreevmaster.com\/fi\/wp-json\/wp\/v2\/media?parent=32373"}],"wp:term":[{"taxonomy":"product_brand","embeddable":true,"href":"https:\/\/nordicmart.andreevmaster.com\/fi\/wp-json\/wp\/v2\/product_brand?post=32373"},{"taxonomy":"product_cat","embeddable":true,"href":"https:\/\/nordicmart.andreevmaster.com\/fi\/wp-json\/wp\/v2\/product_cat?post=32373"},{"taxonomy":"product_tag","embeddable":true,"href":"https:\/\/nordicmart.andreevmaster.com\/fi\/wp-json\/wp\/v2\/product_tag?post=32373"}],"curies":[{"name":"wp","href":"https:\/\/api.w.org\/{rel}","templated":true}]}}