{"id":32371,"date":"2026-02-27T00:17:04","date_gmt":"2026-02-27T00:17:04","guid":{"rendered":"https:\/\/nordicmart.andreevmaster.com\/product\/songmics-ostoskarry-360-kaantyvilla-pyorilla-kyyhkynharmaa\/"},"modified":"2026-02-27T09:38:50","modified_gmt":"2026-02-27T09:38:50","slug":"songmics-ostoskarry-360-kaantyvilla-pyorilla-kyyhkynharmaa","status":"publish","type":"product","link":"https:\/\/nordicmart.andreevmaster.com\/fi\/tuote\/songmics-ostoskarry-360-kaantyvilla-pyorilla-kyyhkynharmaa\/","title":{"rendered":"SONGMICS ostosk\u00e4rry 360\u00b0 k\u00e4\u00e4ntyvill\u00e4 py\u00f6rill\u00e4, kyyhkynharmaa"},"content":{"rendered":"<p>SONGMICS ostosk\u00e4rry, taitettava, 360\u00b0 k\u00e4\u00e4ntyv\u00e4t py\u00f6r\u00e4t, Oxford-kangaskassi, irrotettava kori, piknik, pyykki, musta KST012B01<br \/>\nV\u00e4ri: kyyhkynharmaa<br \/>\nMateriaali: ter\u00e4s, Oxford-kangas, PP-muovi (polypropeeni)<br \/>\nKoko: 57,1 x 63,3 x 100,6 cm (S x L x K)<br \/>\nPaino: 6,7 kg<br \/>\nIrrotettavan korin maks. staattinen kokonaiskuormitus: 5 kg<br \/>\nMaks. staattinen kokonaiskuormituskyky: 30 kg<\/p>\n","protected":false},"excerpt":{"rendered":"<p>SONGMICS ostosk\u00e4rry, taitettava, 360\u00b0 k\u00e4\u00e4ntyv\u00e4t py\u00f6r\u00e4t, Oxford-kangaskassi, irrotettava kori, piknik, pyykki, musta KST012B01<\/p>\n","protected":false},"featured_media":41400,"comment_status":"open","ping_status":"closed","template":"","meta":[],"product_brand":[],"product_cat":[32],"product_tag":[],"class_list":{"0":"post-32371","1":"product","2":"type-product","3":"status-publish","4":"has-post-thumbnail","6":"product_cat-uncategorized-fi","8":"first","9":"instock","10":"shipping-taxable","11":"purchasable","12":"product-type-simple"},"_links":{"self":[{"href":"https:\/\/nordicmart.andreevmaster.com\/fi\/wp-json\/wp\/v2\/product\/32371","targetHints":{"allow":["GET"]}}],"collection":[{"href":"https:\/\/nordicmart.andreevmaster.com\/fi\/wp-json\/wp\/v2\/product"}],"about":[{"href":"https:\/\/nordicmart.andreevmaster.com\/fi\/wp-json\/wp\/v2\/types\/product"}],"replies":[{"embeddable":true,"href":"https:\/\/nordicmart.andreevmaster.com\/fi\/wp-json\/wp\/v2\/comments?post=32371"}],"wp:featuredmedia":[{"embeddable":true,"href":"https:\/\/nordicmart.andreevmaster.com\/fi\/wp-json\/wp\/v2\/media\/41400"}],"wp:attachment":[{"href":"https:\/\/nordicmart.andreevmaster.com\/fi\/wp-json\/wp\/v2\/media?parent=32371"}],"wp:term":[{"taxonomy":"product_brand","embeddable":true,"href":"https:\/\/nordicmart.andreevmaster.com\/fi\/wp-json\/wp\/v2\/product_brand?post=32371"},{"taxonomy":"product_cat","embeddable":true,"href":"https:\/\/nordicmart.andreevmaster.com\/fi\/wp-json\/wp\/v2\/product_cat?post=32371"},{"taxonomy":"product_tag","embeddable":true,"href":"https:\/\/nordicmart.andreevmaster.com\/fi\/wp-json\/wp\/v2\/product_tag?post=32371"}],"curies":[{"name":"wp","href":"https:\/\/api.w.org\/{rel}","templated":true}]}}