{"id":32369,"date":"2026-02-27T00:17:03","date_gmt":"2026-02-27T00:17:03","guid":{"rendered":"https:\/\/nordicmart.andreevmaster.com\/product\/songmics-taitettava-ostoskarry\/"},"modified":"2026-02-27T09:38:50","modified_gmt":"2026-02-27T09:38:50","slug":"songmics-taitettava-ostoskarry","status":"publish","type":"product","link":"https:\/\/nordicmart.andreevmaster.com\/fi\/tuote\/songmics-taitettava-ostoskarry\/","title":{"rendered":"SONGMICS taitettava ostosk\u00e4rry"},"content":{"rendered":"<p>Ei autoa, ei apulaista eik\u00e4 hissi\u00e4&#8230; Onko iloinen ostosreissu muuttunut ty\u00f6l\u00e4\u00e4ksi teht\u00e4v\u00e4ksi? Sitten on aika hankkia t\u00e4m\u00e4 ostosk\u00e4rry! Miksi valita juuri t\u00e4m\u00e4 ostosk\u00e4rry? &#8211; 3-in-1-muotoiset py\u00f6r\u00e4t helpottavat portaiden nousemista &#8211; Kevyen alumiiniseosrungon ansiosta ostosk\u00e4rry\u00e4 on helppo liikutella &#8211; Tilava 35 litran laukku tekee t\u00e4st\u00e4 ostosk\u00e4rryst\u00e4 t\u00e4ydellisen viikon ostoksille- J\u00e4\u00e4hdytyslokero pit\u00e4\u00e4 j\u00e4\u00e4hdytetyt elintarvikkeet tai oluet viilein\u00e4. &#8211; Irrotettavaa laukkua voi k\u00e4ytt\u00e4\u00e4 my\u00f6s erikseen olkahihnan avulla. &#8211; Ostoskorin kokoaminen vie vain muutaman minuutin. &#8211; Runko on taitettava ja helppo s\u00e4ilytt\u00e4\u00e4. Tuotetiedot:- V\u00e4ri: musta &#8211; Materiaali: polyesteri, alumiiniseos, EVA-vaahtomuovipy\u00f6r\u00e4t &#8211; Koko: 47 x 35 x 97 cm (P x L x K) &#8211; Paino: 2,2 kg &#8211; Maks. staattinen kantavuus: 20 kg Toimitus sis\u00e4lt\u00e4\u00e4: &#8211; 1 x ostosk\u00e4rry &#8211; 1 x olkahihna &#8211; 1 x ohjeet<\/p>\n","protected":false},"excerpt":{"rendered":"<p>SONGMICS ostosk\u00e4rry, taitettava ostosk\u00e4rry, portaiden kiipeilij\u00e4ll\u00e4, j\u00e4\u00e4hdytyslokerolla, suuri tilavuus 35 l, irrotettava laukku, musta KST007B01<\/p>\n","protected":false},"featured_media":41398,"comment_status":"open","ping_status":"closed","template":"","meta":[],"product_brand":[],"product_cat":[32],"product_tag":[],"class_list":{"0":"post-32369","1":"product","2":"type-product","3":"status-publish","4":"has-post-thumbnail","6":"product_cat-uncategorized-fi","8":"first","9":"instock","10":"shipping-taxable","11":"purchasable","12":"product-type-simple"},"_links":{"self":[{"href":"https:\/\/nordicmart.andreevmaster.com\/fi\/wp-json\/wp\/v2\/product\/32369","targetHints":{"allow":["GET"]}}],"collection":[{"href":"https:\/\/nordicmart.andreevmaster.com\/fi\/wp-json\/wp\/v2\/product"}],"about":[{"href":"https:\/\/nordicmart.andreevmaster.com\/fi\/wp-json\/wp\/v2\/types\/product"}],"replies":[{"embeddable":true,"href":"https:\/\/nordicmart.andreevmaster.com\/fi\/wp-json\/wp\/v2\/comments?post=32369"}],"wp:featuredmedia":[{"embeddable":true,"href":"https:\/\/nordicmart.andreevmaster.com\/fi\/wp-json\/wp\/v2\/media\/41398"}],"wp:attachment":[{"href":"https:\/\/nordicmart.andreevmaster.com\/fi\/wp-json\/wp\/v2\/media?parent=32369"}],"wp:term":[{"taxonomy":"product_brand","embeddable":true,"href":"https:\/\/nordicmart.andreevmaster.com\/fi\/wp-json\/wp\/v2\/product_brand?post=32369"},{"taxonomy":"product_cat","embeddable":true,"href":"https:\/\/nordicmart.andreevmaster.com\/fi\/wp-json\/wp\/v2\/product_cat?post=32369"},{"taxonomy":"product_tag","embeddable":true,"href":"https:\/\/nordicmart.andreevmaster.com\/fi\/wp-json\/wp\/v2\/product_tag?post=32369"}],"curies":[{"name":"wp","href":"https:\/\/api.w.org\/{rel}","templated":true}]}}