{"id":32366,"date":"2026-02-27T00:17:03","date_gmt":"2026-02-27T00:17:03","guid":{"rendered":"https:\/\/nordicmart.andreevmaster.com\/product\/songmics-maustehylly-keittion-jarjestelija-ulosvedettava-keittiohylly\/"},"modified":"2026-02-27T09:38:49","modified_gmt":"2026-02-27T09:38:49","slug":"songmics-maustehylly-keittion-jarjestelija-ulosvedettava-keittiohylly","status":"publish","type":"product","link":"https:\/\/nordicmart.andreevmaster.com\/fi\/tuote\/songmics-maustehylly-keittion-jarjestelija-ulosvedettava-keittiohylly\/","title":{"rendered":"SONGMICS maustehylly, keitti\u00f6n j\u00e4rjestelij\u00e4, ulosvedett\u00e4v\u00e4, keitti\u00f6hylly"},"content":{"rendered":"<p>Ovatko jotkut esineet, joita k\u00e4ytit viel\u00e4 eilen, kadonneet t\u00e4n\u00e4\u00e4n, ja joudut viett\u00e4m\u00e4\u00e4n paljon aikaa niiden etsimiseen? \u00c4l\u00e4 huoli, t\u00e4m\u00e4 SONGMICS-rullavaunu auttaa sinua lopettamaan t\u00e4m\u00e4n \u00e4rsytt\u00e4v\u00e4n piiloleikin! Kaikki k\u00e4den ulottuvilla 3 korkealaatuisella PP-muovihyllyll\u00e4 varustettu ja tukevilla metalliputkilla tuettu rullavaunu tarjoaa riitt\u00e4v\u00e4sti tilaa kaikille esineille, joilla ei viel\u00e4 ole vakiopaikkaa kotonasi. Monipuolinen vaunu kest\u00e4\u00e4 my\u00f6s niiden painon ongelmitta. Lis\u00e4ksi tarjoiluvaunu sopii kompaktin kokonsa (40 x 13 x 60 cm) ansiosta t\u00e4ydellisesti kylpyhuoneeseen kauneustuotteiden s\u00e4ilytt\u00e4miseen, keitti\u00f6\u00f6n keitti\u00f6tarvikkeiden s\u00e4ilytt\u00e4miseen tai toimistoon asiakirjojen s\u00e4ilytt\u00e4miseen. Jos haluat pit\u00e4\u00e4 usein k\u00e4ytetyt esineet aina k\u00e4den ulottuvilla, t\u00e4m\u00e4 SONGMICS-tuote on juuri sinulle sopiva! Tuotetiedot:- V\u00e4ri: valkoinen &#8211; Materiaali: PP (polypropeeni), metalliputket &#8211; Koko: 40 x 12,5 x 60 cm (P x L x K) &#8211; Paino: 0,9 kg &#8211; Maks. staattinen kokonaiskuormitus: 15 kg &#8211; Maks. staattinen kuormitus hylly\u00e4 kohti: 5 kg Toimitus sis\u00e4lt\u00e4\u00e4:- 1 x rullavaunu &#8211; 3 x koukku &#8211; 1 x ohjeet (DE, EN, DE, FR, ES, IT) SONGMICS-ohjeet: &#8211; Asenna tuote vain t\u00e4m\u00e4n ohjeen mukaisesti. \u00c4l\u00e4 pura sit\u00e4 v\u00e4kisin. &#8211; Jokainen hylly kest\u00e4\u00e4 enint\u00e4\u00e4n 5 kg:n kuormituksen. \u00c4l\u00e4 s\u00e4ilyt\u00e4 tuotteella painavampia esineit\u00e4.<\/p>\n","protected":false},"excerpt":{"rendered":"<p>SONGMICS 3-tasoinen rullavaunu, keitti\u00f6vaunu, kapea, rullilla varustettu kapea hylly, tilaa s\u00e4\u00e4st\u00e4v\u00e4 kylpyhuonehylly, keitti\u00f6hylly, kylpyhuone ja keitti\u00f6, leikattu muotoilu, 40 x 13 x 60 cm, valkoinen KSC007W01<\/p>\n","protected":false},"featured_media":41395,"comment_status":"open","ping_status":"closed","template":"","meta":[],"product_brand":[],"product_cat":[32],"product_tag":[],"class_list":{"0":"post-32366","1":"product","2":"type-product","3":"status-publish","4":"has-post-thumbnail","6":"product_cat-uncategorized-fi","8":"first","9":"instock","10":"shipping-taxable","11":"purchasable","12":"product-type-simple"},"_links":{"self":[{"href":"https:\/\/nordicmart.andreevmaster.com\/fi\/wp-json\/wp\/v2\/product\/32366","targetHints":{"allow":["GET"]}}],"collection":[{"href":"https:\/\/nordicmart.andreevmaster.com\/fi\/wp-json\/wp\/v2\/product"}],"about":[{"href":"https:\/\/nordicmart.andreevmaster.com\/fi\/wp-json\/wp\/v2\/types\/product"}],"replies":[{"embeddable":true,"href":"https:\/\/nordicmart.andreevmaster.com\/fi\/wp-json\/wp\/v2\/comments?post=32366"}],"wp:featuredmedia":[{"embeddable":true,"href":"https:\/\/nordicmart.andreevmaster.com\/fi\/wp-json\/wp\/v2\/media\/41395"}],"wp:attachment":[{"href":"https:\/\/nordicmart.andreevmaster.com\/fi\/wp-json\/wp\/v2\/media?parent=32366"}],"wp:term":[{"taxonomy":"product_brand","embeddable":true,"href":"https:\/\/nordicmart.andreevmaster.com\/fi\/wp-json\/wp\/v2\/product_brand?post=32366"},{"taxonomy":"product_cat","embeddable":true,"href":"https:\/\/nordicmart.andreevmaster.com\/fi\/wp-json\/wp\/v2\/product_cat?post=32366"},{"taxonomy":"product_tag","embeddable":true,"href":"https:\/\/nordicmart.andreevmaster.com\/fi\/wp-json\/wp\/v2\/product_tag?post=32366"}],"curies":[{"name":"wp","href":"https:\/\/api.w.org\/{rel}","templated":true}]}}