{"id":32365,"date":"2026-02-27T00:17:02","date_gmt":"2026-02-27T00:17:02","guid":{"rendered":"https:\/\/nordicmart.andreevmaster.com\/product\/songmics-tilaa-saastava-keittiohylly\/"},"modified":"2026-02-27T09:38:49","modified_gmt":"2026-02-27T09:38:49","slug":"songmics-tilaa-saastava-keittiohylly","status":"publish","type":"product","link":"https:\/\/nordicmart.andreevmaster.com\/fi\/tuote\/songmics-tilaa-saastava-keittiohylly\/","title":{"rendered":"SONGMICS tilaa s\u00e4\u00e4st\u00e4v\u00e4 keitti\u00f6hylly"},"content":{"rendered":"<p>Tuotetiedot: V\u00e4ri: valkoinen Materiaali: PP (polypropeeni), rautaputket Kokonaismitat: 40 x 22 x 86 cm (P x L x K) Paino: 1,95 kg Maks. staattinen kantavuus: 20 kg (5 kg per taso) Toimitus sis\u00e4lt\u00e4\u00e4: 1 x rullavaunu 3 x koukku 1 x ohjeet (DE, EN, DE, FR, ES, IT) SONGMICS Huomautukset: Asenna tuote vain t\u00e4m\u00e4n ohjeen mukaisesti. \u00c4l\u00e4 pura sit\u00e4 v\u00e4kisin. Jokainen hylly kest\u00e4\u00e4 enint\u00e4\u00e4n 5 kg:n kuormituksen. \u00c4l\u00e4 s\u00e4ilyt\u00e4 tuotteella painavampia esineit\u00e4.<\/p>\n","protected":false},"excerpt":{"rendered":"<p>SONGMICS 4-tasoinen rullavaunu, keitti\u00f6vaunu, rullilla, tilaa s\u00e4\u00e4st\u00e4v\u00e4 keitti\u00f6- ja kylpyhuonehylly, keitti\u00f6\u00f6n, toimistoon ja kylpyhuoneeseen, 40 x 22 x 86 cm, valkoinen KSC10WT<\/p>\n","protected":false},"featured_media":41394,"comment_status":"open","ping_status":"closed","template":"","meta":[],"product_brand":[],"product_cat":[32],"product_tag":[],"class_list":{"0":"post-32365","1":"product","2":"type-product","3":"status-publish","4":"has-post-thumbnail","6":"product_cat-uncategorized-fi","8":"first","9":"instock","10":"shipping-taxable","11":"purchasable","12":"product-type-simple"},"_links":{"self":[{"href":"https:\/\/nordicmart.andreevmaster.com\/fi\/wp-json\/wp\/v2\/product\/32365","targetHints":{"allow":["GET"]}}],"collection":[{"href":"https:\/\/nordicmart.andreevmaster.com\/fi\/wp-json\/wp\/v2\/product"}],"about":[{"href":"https:\/\/nordicmart.andreevmaster.com\/fi\/wp-json\/wp\/v2\/types\/product"}],"replies":[{"embeddable":true,"href":"https:\/\/nordicmart.andreevmaster.com\/fi\/wp-json\/wp\/v2\/comments?post=32365"}],"wp:featuredmedia":[{"embeddable":true,"href":"https:\/\/nordicmart.andreevmaster.com\/fi\/wp-json\/wp\/v2\/media\/41394"}],"wp:attachment":[{"href":"https:\/\/nordicmart.andreevmaster.com\/fi\/wp-json\/wp\/v2\/media?parent=32365"}],"wp:term":[{"taxonomy":"product_brand","embeddable":true,"href":"https:\/\/nordicmart.andreevmaster.com\/fi\/wp-json\/wp\/v2\/product_brand?post=32365"},{"taxonomy":"product_cat","embeddable":true,"href":"https:\/\/nordicmart.andreevmaster.com\/fi\/wp-json\/wp\/v2\/product_cat?post=32365"},{"taxonomy":"product_tag","embeddable":true,"href":"https:\/\/nordicmart.andreevmaster.com\/fi\/wp-json\/wp\/v2\/product_tag?post=32365"}],"curies":[{"name":"wp","href":"https:\/\/api.w.org\/{rel}","templated":true}]}}