{"id":32364,"date":"2026-02-27T00:17:02","date_gmt":"2026-02-27T00:17:02","guid":{"rendered":"https:\/\/nordicmart.andreevmaster.com\/product\/songmics-kiskohylly-pyorilla\/"},"modified":"2026-02-27T09:38:49","modified_gmt":"2026-02-27T09:38:49","slug":"songmics-kiskohylly-pyorilla","status":"publish","type":"product","link":"https:\/\/nordicmart.andreevmaster.com\/fi\/tuote\/songmics-kiskohylly-pyorilla\/","title":{"rendered":"SONGMICS-kiskohylly py\u00f6rill\u00e4"},"content":{"rendered":"<p>Kaikki k\u00e4den ulottuvilla: 4 korkealaatuisella PP-muovihyllyll\u00e4 varustettu ja tukevilla rautaputkilla tuettu rullavaunu tarjoaa riitt\u00e4v\u00e4sti tilaa kaikille esineille, joille ei ole viel\u00e4 l\u00f6ytynyt pysyv\u00e4\u00e4 paikkaa kodissasi. Monipuolinen tuote kest\u00e4\u00e4 my\u00f6s painoja ongelmitta. Lis\u00e4ksi tarjoiluvaunu sopii kompaktin kokonsa ansiosta (40 x 13,5 x 86 cm) t\u00e4ydellisesti kylpyhuoneeseen kauneustuotteiden s\u00e4ilytt\u00e4miseen, keitti\u00f6\u00f6n keitti\u00f6tarvikkeiden s\u00e4ilytt\u00e4miseen tai toimistoon asiakirjojen s\u00e4ilytt\u00e4miseen.Tuotetiedot: V\u00e4ri: valkoinen Materiaali: PP (polypropeeni), rautaputket Kokonaismitat: 40 x 13,5 x 86 cm (P x L x K) Paino: 1,3 kg Maks. staattinen kantavuus: 20 kg (5 kg per taso) Toimitus sis\u00e4lt\u00e4\u00e4: 1 x rullavaunu 3 x koukku 1 x ohjeet (DE, EN, DE, FR, ES, IT)SONGMICS Huomautukset: Asenna tuote vain t\u00e4m\u00e4n ohjeen mukaisesti. \u00c4l\u00e4 pura sit\u00e4 v\u00e4kisin. Jokainen hylly kest\u00e4\u00e4 enint\u00e4\u00e4n 5 kg:n kuormituksen. \u00c4l\u00e4 s\u00e4ilyt\u00e4 tuotteella painavampia esineit\u00e4.<\/p>\n","protected":false},"excerpt":{"rendered":"<p>SONGMICS rullavaunu, keitti\u00f6vaunu 4 tasolla, keitti\u00f6hylly, rullilla varustettu kapeahylly, kylpyhuonehylly, tilaa s\u00e4\u00e4st\u00e4v\u00e4, 40 x 13,5 x 86 cm, valkoinen KSC08WT<\/p>\n","protected":false},"featured_media":41393,"comment_status":"open","ping_status":"closed","template":"","meta":[],"product_brand":[],"product_cat":[32],"product_tag":[],"class_list":{"0":"post-32364","1":"product","2":"type-product","3":"status-publish","4":"has-post-thumbnail","6":"product_cat-uncategorized-fi","8":"first","9":"instock","10":"shipping-taxable","11":"purchasable","12":"product-type-simple"},"_links":{"self":[{"href":"https:\/\/nordicmart.andreevmaster.com\/fi\/wp-json\/wp\/v2\/product\/32364","targetHints":{"allow":["GET"]}}],"collection":[{"href":"https:\/\/nordicmart.andreevmaster.com\/fi\/wp-json\/wp\/v2\/product"}],"about":[{"href":"https:\/\/nordicmart.andreevmaster.com\/fi\/wp-json\/wp\/v2\/types\/product"}],"replies":[{"embeddable":true,"href":"https:\/\/nordicmart.andreevmaster.com\/fi\/wp-json\/wp\/v2\/comments?post=32364"}],"wp:featuredmedia":[{"embeddable":true,"href":"https:\/\/nordicmart.andreevmaster.com\/fi\/wp-json\/wp\/v2\/media\/41393"}],"wp:attachment":[{"href":"https:\/\/nordicmart.andreevmaster.com\/fi\/wp-json\/wp\/v2\/media?parent=32364"}],"wp:term":[{"taxonomy":"product_brand","embeddable":true,"href":"https:\/\/nordicmart.andreevmaster.com\/fi\/wp-json\/wp\/v2\/product_brand?post=32364"},{"taxonomy":"product_cat","embeddable":true,"href":"https:\/\/nordicmart.andreevmaster.com\/fi\/wp-json\/wp\/v2\/product_cat?post=32364"},{"taxonomy":"product_tag","embeddable":true,"href":"https:\/\/nordicmart.andreevmaster.com\/fi\/wp-json\/wp\/v2\/product_tag?post=32364"}],"curies":[{"name":"wp","href":"https:\/\/api.w.org\/{rel}","templated":true}]}}