{"id":32362,"date":"2026-02-27T00:17:02","date_gmt":"2026-02-27T00:17:02","guid":{"rendered":"https:\/\/nordicmart.andreevmaster.com\/product\/songmics-3-tasoinen-kuljetuskarry\/"},"modified":"2026-02-27T09:38:49","modified_gmt":"2026-02-27T09:38:49","slug":"songmics-3-tasoinen-kuljetuskarry","status":"publish","type":"product","link":"https:\/\/nordicmart.andreevmaster.com\/fi\/tuote\/songmics-3-tasoinen-kuljetuskarry\/","title":{"rendered":"SONGMICS 3-tasoinen kuljetusk\u00e4rry"},"content":{"rendered":"<p>Paljon s\u00e4ilytystilaa pieness\u00e4 tilassa:&nbsp;Mitat 36,5 x 28 x 61 cm, rullavaunussa on 3 s\u00e4ilytyslokeroa, jotka on sijoitettu tasaisesti hyllylle. N\u00e4in erilaiset keitti\u00f6tarvikkeet, elintarvikkeet, kosmetiikka, lelut tai toimiston s\u00e4ilytystarvikkeet l\u00f6yt\u00e4v\u00e4t paikkansa. S\u00e4ilytyslokeroiden sivuseiniss\u00e4 olevat urat antavat hyllylle leikkis\u00e4n ilmeen. Kest\u00e4v\u00e4 ja helppok\u00e4ytt\u00f6inen:&nbsp;Valkoisesta PP-muovista valmistettu hylly on eritt\u00e4in helppok\u00e4ytt\u00f6inen, mutta silti eritt\u00e4in vakaa ja kest\u00e4v\u00e4. Sit\u00e4 on helppo ty\u00f6nt\u00e4\u00e4 ja vet\u00e4\u00e4 nelj\u00e4n yleispy\u00f6r\u00e4n ansiosta. Sen kantavuus on 15 kiloa. Helppo puhdistaa ja koota: Kuvitetut ohjeet selitt\u00e4v\u00e4t hyvin, miten hylly kootaan. Yksitt\u00e4iset osat asetetaan helposti toisiinsa, mik\u00e4 onnistuu vaivattomasti ilman ty\u00f6kaluja ja muutamassa minuutissa. Muuttaessa tai kun hylly\u00e4 ei k\u00e4ytet\u00e4, se voidaan purkaa yht\u00e4 nopeasti.Tuotetiedot: V\u00e4ri: valkoinen Materiaali: PP-muovi Tuotteen mitat: 36,5 x 28 x 61 cm (L x K x S) Paino: 1,25 kg Kantavuus: 15 kg Toimitus sis\u00e4lt\u00e4\u00e4: 1 x rullavaunu 1 x ohjeet (DE, EN, FR, ES, IT) SONGMICS-huomautukset:Jotta liitokset pysyv\u00e4t tiukasti kiinni ja hylly ei vaurioidu, \u00e4l\u00e4 pura ja kokoa tuotetta useita kertoja. Suojaa tuote l\u00e4mm\u00f6nl\u00e4hteilt\u00e4 vaurioiden v\u00e4ltt\u00e4miseksi.<\/p>\n","protected":false},"excerpt":{"rendered":"<p>SONGMICS muovinen rullavaunu, yleisk\u00e4ytt\u00f6inen vaunu rullilla keitti\u00f6\u00f6n, toimistoon, kylpyhuoneeseen, valkoinen, 3 hylly\u00e4, korkeus 61 cm KSC03WT<\/p>\n","protected":false},"featured_media":41391,"comment_status":"open","ping_status":"closed","template":"","meta":[],"product_brand":[],"product_cat":[32],"product_tag":[],"class_list":{"0":"post-32362","1":"product","2":"type-product","3":"status-publish","4":"has-post-thumbnail","6":"product_cat-uncategorized-fi","8":"first","9":"instock","10":"shipping-taxable","11":"purchasable","12":"product-type-simple"},"_links":{"self":[{"href":"https:\/\/nordicmart.andreevmaster.com\/fi\/wp-json\/wp\/v2\/product\/32362","targetHints":{"allow":["GET"]}}],"collection":[{"href":"https:\/\/nordicmart.andreevmaster.com\/fi\/wp-json\/wp\/v2\/product"}],"about":[{"href":"https:\/\/nordicmart.andreevmaster.com\/fi\/wp-json\/wp\/v2\/types\/product"}],"replies":[{"embeddable":true,"href":"https:\/\/nordicmart.andreevmaster.com\/fi\/wp-json\/wp\/v2\/comments?post=32362"}],"wp:featuredmedia":[{"embeddable":true,"href":"https:\/\/nordicmart.andreevmaster.com\/fi\/wp-json\/wp\/v2\/media\/41391"}],"wp:attachment":[{"href":"https:\/\/nordicmart.andreevmaster.com\/fi\/wp-json\/wp\/v2\/media?parent=32362"}],"wp:term":[{"taxonomy":"product_brand","embeddable":true,"href":"https:\/\/nordicmart.andreevmaster.com\/fi\/wp-json\/wp\/v2\/product_brand?post=32362"},{"taxonomy":"product_cat","embeddable":true,"href":"https:\/\/nordicmart.andreevmaster.com\/fi\/wp-json\/wp\/v2\/product_cat?post=32362"},{"taxonomy":"product_tag","embeddable":true,"href":"https:\/\/nordicmart.andreevmaster.com\/fi\/wp-json\/wp\/v2\/product_tag?post=32362"}],"curies":[{"name":"wp","href":"https:\/\/api.w.org\/{rel}","templated":true}]}}