{"id":32360,"date":"2026-02-27T00:17:01","date_gmt":"2026-02-27T00:17:01","guid":{"rendered":"https:\/\/nordicmart.andreevmaster.com\/product\/songmics-keittiokarry-pyorilla\/"},"modified":"2026-02-27T09:38:48","modified_gmt":"2026-02-27T09:38:48","slug":"songmics-keittiokarry-pyorilla","status":"publish","type":"product","link":"https:\/\/nordicmart.andreevmaster.com\/fi\/tuote\/songmics-keittiokarry-pyorilla\/","title":{"rendered":"SONGMICS keitti\u00f6k\u00e4rry py\u00f6rill\u00e4"},"content":{"rendered":"<p>T\u00e4m\u00e4 PP-muovista valmistettu rullavaunu on visuaalisesti houkutteleva tyylikk\u00e4\u00e4n valkoisena ja k\u00e4yt\u00e4nn\u00f6llinen nelj\u00e4n hyllyn ansiosta, ja se sopii t\u00e4ydellisesti erilaisiin tilanteisiin. Nelj\u00e4n universaalin rullan ansiosta se takaa erinomaisen joustavuuden\/liikkuvuuden, joten saat tarvitsemasi tavarat nopeasti ja siististi k\u00e4siisi.  Tuotetiedot:  &#8211; V\u00e4ri: valkoinen &#8211; Materiaali: PP-muovi &#8211; Tuotteen mitat: 27,5 x 74,5 x 32,5 cm (L x K x S) &#8211; V\u00e4li: 21 cm &#8211; Paino: 1,95 kg &#8211; Kantavuus: 20 kgToimitus sis\u00e4lt\u00e4\u00e4:- 1 x rullavaunu &#8211; 1 x ohjeet (DE, EN, FR, ES, IT) Huomautukset: &#8211; \u00c4l\u00e4 aseta liian painavia esineit\u00e4 tuotteen p\u00e4\u00e4lle. Pitk\u00e4n k\u00e4ytt\u00f6i\u00e4n saavuttamiseksi v\u00e4lt\u00e4 t\u00e4m\u00e4n tuotteen toistuva kokoaminen ja purkaminen. &#8211; Tuotetta tulee suojata l\u00e4mm\u00f6nl\u00e4hteilt\u00e4.<\/p>\n","protected":false},"excerpt":{"rendered":"<p>SONGMICS rullavaunu, muovinen PP-rullahylly, monik\u00e4ytt\u00f6inen vaunu, tilaa s\u00e4\u00e4st\u00e4v\u00e4 keitti\u00f6\u00f6n ja kylpyhuoneeseen, keitti\u00f6vaunu, keitti\u00f6hylly rullilla, kylpyhuonehylly, kylpyhuonevaunu KSC02WT<\/p>\n","protected":false},"featured_media":41389,"comment_status":"open","ping_status":"closed","template":"","meta":[],"product_brand":[],"product_cat":[32],"product_tag":[],"class_list":{"0":"post-32360","1":"product","2":"type-product","3":"status-publish","4":"has-post-thumbnail","6":"product_cat-uncategorized-fi","8":"first","9":"instock","10":"shipping-taxable","11":"purchasable","12":"product-type-simple"},"_links":{"self":[{"href":"https:\/\/nordicmart.andreevmaster.com\/fi\/wp-json\/wp\/v2\/product\/32360","targetHints":{"allow":["GET"]}}],"collection":[{"href":"https:\/\/nordicmart.andreevmaster.com\/fi\/wp-json\/wp\/v2\/product"}],"about":[{"href":"https:\/\/nordicmart.andreevmaster.com\/fi\/wp-json\/wp\/v2\/types\/product"}],"replies":[{"embeddable":true,"href":"https:\/\/nordicmart.andreevmaster.com\/fi\/wp-json\/wp\/v2\/comments?post=32360"}],"wp:featuredmedia":[{"embeddable":true,"href":"https:\/\/nordicmart.andreevmaster.com\/fi\/wp-json\/wp\/v2\/media\/41389"}],"wp:attachment":[{"href":"https:\/\/nordicmart.andreevmaster.com\/fi\/wp-json\/wp\/v2\/media?parent=32360"}],"wp:term":[{"taxonomy":"product_brand","embeddable":true,"href":"https:\/\/nordicmart.andreevmaster.com\/fi\/wp-json\/wp\/v2\/product_brand?post=32360"},{"taxonomy":"product_cat","embeddable":true,"href":"https:\/\/nordicmart.andreevmaster.com\/fi\/wp-json\/wp\/v2\/product_cat?post=32360"},{"taxonomy":"product_tag","embeddable":true,"href":"https:\/\/nordicmart.andreevmaster.com\/fi\/wp-json\/wp\/v2\/product_tag?post=32360"}],"curies":[{"name":"wp","href":"https:\/\/api.w.org\/{rel}","templated":true}]}}