{"id":32359,"date":"2026-02-27T00:17:01","date_gmt":"2026-02-27T00:17:01","guid":{"rendered":"https:\/\/nordicmart.andreevmaster.com\/product\/songmics-pieni-kylpyhuonehylly-pyorilla-3-lokeroa\/"},"modified":"2026-02-27T09:38:48","modified_gmt":"2026-02-27T09:38:48","slug":"songmics-pieni-kylpyhuonehylly-pyorilla-3-lokeroa","status":"publish","type":"product","link":"https:\/\/nordicmart.andreevmaster.com\/fi\/tuote\/songmics-pieni-kylpyhuonehylly-pyorilla-3-lokeroa\/","title":{"rendered":"SONGMICS Pieni kylpyhuonehylly py\u00f6rill\u00e4, 3 lokeroa"},"content":{"rendered":"<p>T\u00e4m\u00e4 PP-muovista valmistettu rullavaunu on visuaalisesti tyylik\u00e4s valkoinen. 3 hylly\u00e4 sopivat t\u00e4ydellisesti eri k\u00e4ytt\u00f6tarkoituksiin. 4 yleisk\u00e4ytt\u00f6isen rullan ansiosta se on eritt\u00e4in liikkuva. Vaunun avulla saat j\u00e4rjestyst\u00e4 ja p\u00e4\u00e4set nopeasti k\u00e4siksi tavaroihisi. Tuotetiedot: &#8211; V\u00e4ri: valkoinen &#8211; Materiaali: PP-muovi &#8211; Kantavuus: 18 kg &#8211; Tuotteen mitat: 45 x 70 x 32 cm &#8211; V\u00e4li: 33,3 cm, 23,3 cm  &#8211; Paino: 2,4 kg Toimitus sis\u00e4lt\u00e4\u00e4: &#8211; 1 x rullavaunu &#8211; 1 x ohjeet (DE, EN, FR, ES, IT) Huomautukset: &#8211; \u00c4l\u00e4 aseta liian painavia esineit\u00e4 tuotteen p\u00e4\u00e4lle. Liitoskohtien ja -osien suojaamiseksi t\u00e4t\u00e4 tuotetta ei tule koota ja purkaa useita kertoja. &#8211; Tuotetta tulee suojata l\u00e4mm\u00f6nl\u00e4hteilt\u00e4.<\/p>\n","protected":false},"excerpt":{"rendered":"<p>SONGMICS rullavaunu PP yleisk\u00e4ytt\u00f6inen vaunu, keitti\u00f6\u00f6n, kylpyhuoneeseen, s\u00e4ilytys keitti\u00f6vaunu keitti\u00f6hylly rullilla kylpyhuonehylly kylpyhuonevaunu 3 s\u00e4ilytyslokeroa valkoinen KSC01WT<\/p>\n","protected":false},"featured_media":41388,"comment_status":"open","ping_status":"closed","template":"","meta":[],"product_brand":[],"product_cat":[32],"product_tag":[],"class_list":{"0":"post-32359","1":"product","2":"type-product","3":"status-publish","4":"has-post-thumbnail","6":"product_cat-uncategorized-fi","8":"first","9":"instock","10":"shipping-taxable","11":"purchasable","12":"product-type-simple"},"_links":{"self":[{"href":"https:\/\/nordicmart.andreevmaster.com\/fi\/wp-json\/wp\/v2\/product\/32359","targetHints":{"allow":["GET"]}}],"collection":[{"href":"https:\/\/nordicmart.andreevmaster.com\/fi\/wp-json\/wp\/v2\/product"}],"about":[{"href":"https:\/\/nordicmart.andreevmaster.com\/fi\/wp-json\/wp\/v2\/types\/product"}],"replies":[{"embeddable":true,"href":"https:\/\/nordicmart.andreevmaster.com\/fi\/wp-json\/wp\/v2\/comments?post=32359"}],"wp:featuredmedia":[{"embeddable":true,"href":"https:\/\/nordicmart.andreevmaster.com\/fi\/wp-json\/wp\/v2\/media\/41388"}],"wp:attachment":[{"href":"https:\/\/nordicmart.andreevmaster.com\/fi\/wp-json\/wp\/v2\/media?parent=32359"}],"wp:term":[{"taxonomy":"product_brand","embeddable":true,"href":"https:\/\/nordicmart.andreevmaster.com\/fi\/wp-json\/wp\/v2\/product_brand?post=32359"},{"taxonomy":"product_cat","embeddable":true,"href":"https:\/\/nordicmart.andreevmaster.com\/fi\/wp-json\/wp\/v2\/product_cat?post=32359"},{"taxonomy":"product_tag","embeddable":true,"href":"https:\/\/nordicmart.andreevmaster.com\/fi\/wp-json\/wp\/v2\/product_tag?post=32359"}],"curies":[{"name":"wp","href":"https:\/\/api.w.org\/{rel}","templated":true}]}}