{"id":32356,"date":"2026-02-27T00:17:00","date_gmt":"2026-02-27T00:17:00","guid":{"rendered":"https:\/\/nordicmart.andreevmaster.com\/product\/songmics-4-tasoinen-valkoinen-rullavaunu\/"},"modified":"2026-02-27T09:38:48","modified_gmt":"2026-02-27T09:38:48","slug":"songmics-4-tasoinen-valkoinen-rullavaunu","status":"publish","type":"product","link":"https:\/\/nordicmart.andreevmaster.com\/fi\/tuote\/songmics-4-tasoinen-valkoinen-rullavaunu\/","title":{"rendered":"SONGMICS 4-tasoinen valkoinen rullavaunu"},"content":{"rendered":"<p>Baaritiskin vieress\u00e4: Aseta mausteet, kastikkeet, ruoka\u00f6ljyt ja muut usein k\u00e4ytetyt ruoanlaittoaineet t\u00e4lle keitti\u00f6hyllylle ja ty\u00f6nn\u00e4 se pieneen koloon baaritiskin vieress\u00e4. N\u00e4in suola, pippuri ja oliivi\u00f6ljy ovat heti k\u00e4den ulottuvilla, kun haluat antaa ruoalle viimeisen silauksen.Kylpyammeen viereen: T\u00e4yt\u00e4 t\u00e4m\u00e4 k\u00e4yt\u00e4nn\u00f6llinen kylpyhuonehylly kylpyvaahdolla, shampoolla ja pyyhkeill\u00e4, rullaa se kylpyammeen viereen ja hypp\u00e4\u00e4 kuumaan vaahtokylpyyn! Pesukoneen viereen: Aseta pesuaineet ja puhdistusaineet t\u00e4lle joustavalle rullavaunulle ja ty\u00f6nn\u00e4 se pesukoneen viereen. Pyykki on nyt puolet helpompaa. Tuotetiedot:V\u00e4ri: valkoinen Materiaali: ruostumaton ter\u00e4s, PP (polypropeeni) Kokonaismitat: 40 x 13 x 93 cm (P x L x K) Paino: 1,3 kg Maks. staattinen kantavuus per taso: 5 kg Toimitus sis\u00e4lt\u00e4\u00e4: 1 x rullavaunu 6 x koukku 1 x ohjeet (DE, EN, DE, FR, ES, IT) SONGMICS-ohjeet:Sijoita raskaammat esineet alimmalle hyllylle ja aseta tai ripusta esineet tasaisesti jokaiselle tasolle kaatumisen est\u00e4miseksi.<\/p>\n","protected":false},"excerpt":{"rendered":"<p>SONGMICS 4-tasoinen rullavaunu, keitti\u00f6vaunu, rullilla varustettu kapea hylly, kahvoilla, keitti\u00f6hylly, kylpyhuonehylly, 40 x 13 x 93 cm, valkoinen KSC018W01<\/p>\n","protected":false},"featured_media":41385,"comment_status":"open","ping_status":"closed","template":"","meta":[],"product_brand":[],"product_cat":[32],"product_tag":[],"class_list":{"0":"post-32356","1":"product","2":"type-product","3":"status-publish","4":"has-post-thumbnail","6":"product_cat-uncategorized-fi","8":"first","9":"instock","10":"shipping-taxable","11":"purchasable","12":"product-type-simple"},"_links":{"self":[{"href":"https:\/\/nordicmart.andreevmaster.com\/fi\/wp-json\/wp\/v2\/product\/32356","targetHints":{"allow":["GET"]}}],"collection":[{"href":"https:\/\/nordicmart.andreevmaster.com\/fi\/wp-json\/wp\/v2\/product"}],"about":[{"href":"https:\/\/nordicmart.andreevmaster.com\/fi\/wp-json\/wp\/v2\/types\/product"}],"replies":[{"embeddable":true,"href":"https:\/\/nordicmart.andreevmaster.com\/fi\/wp-json\/wp\/v2\/comments?post=32356"}],"wp:featuredmedia":[{"embeddable":true,"href":"https:\/\/nordicmart.andreevmaster.com\/fi\/wp-json\/wp\/v2\/media\/41385"}],"wp:attachment":[{"href":"https:\/\/nordicmart.andreevmaster.com\/fi\/wp-json\/wp\/v2\/media?parent=32356"}],"wp:term":[{"taxonomy":"product_brand","embeddable":true,"href":"https:\/\/nordicmart.andreevmaster.com\/fi\/wp-json\/wp\/v2\/product_brand?post=32356"},{"taxonomy":"product_cat","embeddable":true,"href":"https:\/\/nordicmart.andreevmaster.com\/fi\/wp-json\/wp\/v2\/product_cat?post=32356"},{"taxonomy":"product_tag","embeddable":true,"href":"https:\/\/nordicmart.andreevmaster.com\/fi\/wp-json\/wp\/v2\/product_tag?post=32356"}],"curies":[{"name":"wp","href":"https:\/\/api.w.org\/{rel}","templated":true}]}}