{"id":32355,"date":"2026-02-27T00:17:00","date_gmt":"2026-02-27T00:17:00","guid":{"rendered":"https:\/\/nordicmart.andreevmaster.com\/product\/songmics-4-tasoinen-rullavaunu\/"},"modified":"2026-02-27T09:38:47","modified_gmt":"2026-02-27T09:38:47","slug":"songmics-4-tasoinen-rullavaunu","status":"publish","type":"product","link":"https:\/\/nordicmart.andreevmaster.com\/fi\/tuote\/songmics-4-tasoinen-rullavaunu\/","title":{"rendered":"SONGMICS 4-tasoinen rullavaunu"},"content":{"rendered":"<p>Baaritiskin viereen: Aseta mausteet, kastikkeet, ruoka\u00f6ljyt ja muut usein k\u00e4ytetyt ruoanlaittoaineet t\u00e4lle keitti\u00f6hyllylle ja ty\u00f6nn\u00e4 se pieneen koloon baaritiskin viereen. N\u00e4in suola, pippuri ja oliivi\u00f6ljy ovat heti k\u00e4den ulottuvilla, kun haluat antaa ruoalle viimeisen silauksen.Kylpyammeen viereen: T\u00e4yt\u00e4 t\u00e4m\u00e4 k\u00e4yt\u00e4nn\u00f6llinen kylpyhuonehylly kylpyvaahdolla, shampoolla ja pyyhkeill\u00e4, rullaa se kylpyammeen viereen ja hypp\u00e4\u00e4 kuumaan vaahtokylpyyn! Pesukoneen viereen: Aseta pesuaineet ja puhdistusaineet t\u00e4lle joustavalle rullavaunulle ja ty\u00f6nn\u00e4 se pesukoneen viereen. Pyykki\u00e4 pesem\u00e4ll\u00e4 on nyt puolet v\u00e4hemm\u00e4n ty\u00f6l\u00e4st\u00e4. Tuotetiedot: &#8211; V\u00e4ri: musta &#8211; Materiaali: ruostumaton ter\u00e4s, PP (polypropeeni) &#8211; Kokonaiskoko: 40 x 13,5 x 93 cm (P x L x K) &#8211; Paino: 1,3 kg &#8211; Maks. staattinen kantavuus tasoa kohti: 5 kg Toimitus sis\u00e4lt\u00e4\u00e4:- 1 x rullavaunu &#8211; 6 x koukku &#8211; 1 x ohjeet SONGMICS-ohjeet: &#8211; S\u00e4ilyt\u00e4 raskaammat esineet alimmalla hyllyll\u00e4 ja aseta tai ripusta esineet tasaisesti jokaiselle tasolle kaatumisen est\u00e4miseksi. &#8211; \u00c4l\u00e4 paina putkien p\u00e4it\u00e4 suoraan k\u00e4sill\u00e4si asennuksen aikana, jotta v\u00e4lt\u00e4t loukkaantumiset.<\/p>\n","protected":false},"excerpt":{"rendered":"<p>SONGMICS 4-tasoinen rullavaunu, keitti\u00f6vaunu, rullilla varustettu kapea hylly, kahvoilla, keitti\u00f6hylly, kylpyhuonehylly, 40 x 13 x 93 cm, valkoinen KSC018W01<\/p>\n","protected":false},"featured_media":41384,"comment_status":"open","ping_status":"closed","template":"","meta":[],"product_brand":[],"product_cat":[32],"product_tag":[],"class_list":{"0":"post-32355","1":"product","2":"type-product","3":"status-publish","4":"has-post-thumbnail","6":"product_cat-uncategorized-fi","8":"first","9":"instock","10":"shipping-taxable","11":"purchasable","12":"product-type-simple"},"_links":{"self":[{"href":"https:\/\/nordicmart.andreevmaster.com\/fi\/wp-json\/wp\/v2\/product\/32355","targetHints":{"allow":["GET"]}}],"collection":[{"href":"https:\/\/nordicmart.andreevmaster.com\/fi\/wp-json\/wp\/v2\/product"}],"about":[{"href":"https:\/\/nordicmart.andreevmaster.com\/fi\/wp-json\/wp\/v2\/types\/product"}],"replies":[{"embeddable":true,"href":"https:\/\/nordicmart.andreevmaster.com\/fi\/wp-json\/wp\/v2\/comments?post=32355"}],"wp:featuredmedia":[{"embeddable":true,"href":"https:\/\/nordicmart.andreevmaster.com\/fi\/wp-json\/wp\/v2\/media\/41384"}],"wp:attachment":[{"href":"https:\/\/nordicmart.andreevmaster.com\/fi\/wp-json\/wp\/v2\/media?parent=32355"}],"wp:term":[{"taxonomy":"product_brand","embeddable":true,"href":"https:\/\/nordicmart.andreevmaster.com\/fi\/wp-json\/wp\/v2\/product_brand?post=32355"},{"taxonomy":"product_cat","embeddable":true,"href":"https:\/\/nordicmart.andreevmaster.com\/fi\/wp-json\/wp\/v2\/product_cat?post=32355"},{"taxonomy":"product_tag","embeddable":true,"href":"https:\/\/nordicmart.andreevmaster.com\/fi\/wp-json\/wp\/v2\/product_tag?post=32355"}],"curies":[{"name":"wp","href":"https:\/\/api.w.org\/{rel}","templated":true}]}}