{"id":32354,"date":"2026-02-27T00:16:59","date_gmt":"2026-02-27T00:16:59","guid":{"rendered":"https:\/\/nordicmart.andreevmaster.com\/product\/songmics-3-tasoinen-rullavaunu\/"},"modified":"2026-02-27T09:38:47","modified_gmt":"2026-02-27T09:38:47","slug":"songmics-3-tasoinen-rullavaunu","status":"publish","type":"product","link":"https:\/\/nordicmart.andreevmaster.com\/fi\/tuote\/songmics-3-tasoinen-rullavaunu\/","title":{"rendered":"SONGMICS 3-tasoinen rullavaunu"},"content":{"rendered":"<p>Ovatko jotkut esineet, joita k\u00e4ytit eilen, jo kadonneet t\u00e4n\u00e4\u00e4n, ja joudut viett\u00e4m\u00e4\u00e4n paljon aikaa niiden etsimiseen? \u00c4l\u00e4 huoli, t\u00e4m\u00e4 SONGMICS-rullavaunu auttaa sinua lopettamaan t\u00e4m\u00e4n \u00e4rsytt\u00e4v\u00e4n piiloleikin! Kaikki k\u00e4den ulottuvilla: 3 korkealaatuisella PP-muovihyllyll\u00e4 varustettu ja tukevilla alumiiniputkilla tuettu rullavaunu tarjoaa tarpeeksi tilaa kaikille esineille, joilla ei viel\u00e4 ole vakiopaikkaa kotonasi. T\u00e4m\u00e4 monipuolinen tuote kest\u00e4\u00e4 my\u00f6s painonsa ongelmitta. Lis\u00e4ksi tarjoiluvaunu sopii kompaktin kokonsa ansiosta t\u00e4ydellisesti kylpyhuoneeseen kauneustuotteiden s\u00e4ilytt\u00e4miseen, keitti\u00f6\u00f6n keitti\u00f6tarvikkeiden s\u00e4ilytt\u00e4miseen tai toimistoon asiakirjojen s\u00e4ilytt\u00e4miseen. Jos haluat, ett\u00e4 usein k\u00e4ytt\u00e4m\u00e4si esineet ovat aina k\u00e4den ulottuvilla, t\u00e4m\u00e4 SONGMICS-tuote on juuri sinulle sopiva! Tuotetiedot:- V\u00e4ri: valkoinen &#8211; Materiaali: PP (polypropeeni), alumiini &#8211; Koko: 38 x 22 x 72 cm (P x L x K) &#8211; Paino: 2,7 kg &#8211; Maks. staattinen kokonaiskuormitus: 30 kg &#8211; Maks. staattinen kuormitus hylly\u00e4 kohti: 10 kg Toimitus sis\u00e4lt\u00e4\u00e4:- 1 x rullavaunu &#8211; 6 x koukku &#8211; 1 x tarjotin &#8211; 1 x 3-osastoinen j\u00e4rjestelij\u00e4 &#8211; 1 x ohjeet SONGMICS-ohjeet: &#8211; Asenna tuote vain t\u00e4m\u00e4n ohjeen mukaisesti. \u00c4l\u00e4 pura sit\u00e4 v\u00e4kisin. &#8211; Jokainen hylly kest\u00e4\u00e4 enint\u00e4\u00e4n 10 kg:n kuormituksen. \u00c4l\u00e4 s\u00e4ilyt\u00e4 tuotteella painavampia esineit\u00e4. &#8211; \u00c4l\u00e4 paina putkien p\u00e4it\u00e4 suoraan k\u00e4sill\u00e4si asennuksen aikana, jotta v\u00e4lt\u00e4t loukkaantumiset.<\/p>\n","protected":false},"excerpt":{"rendered":"<p>SONGMICS 3-tasoinen rullavaunu, keitti\u00f6vaunu, rullilla varustettu kapea hylly, kylpyhuonehylly, jossa 6 irrotettavaa koukkua, pieni tarjotin ja s\u00e4ilytysastia, olohuoneeseen, 38 x 22 x 72 cm, valkoinen KSC011W01<\/p>\n","protected":false},"featured_media":41383,"comment_status":"open","ping_status":"closed","template":"","meta":[],"product_brand":[],"product_cat":[32],"product_tag":[],"class_list":{"0":"post-32354","1":"product","2":"type-product","3":"status-publish","4":"has-post-thumbnail","6":"product_cat-uncategorized-fi","8":"first","9":"instock","10":"shipping-taxable","11":"purchasable","12":"product-type-simple"},"_links":{"self":[{"href":"https:\/\/nordicmart.andreevmaster.com\/fi\/wp-json\/wp\/v2\/product\/32354","targetHints":{"allow":["GET"]}}],"collection":[{"href":"https:\/\/nordicmart.andreevmaster.com\/fi\/wp-json\/wp\/v2\/product"}],"about":[{"href":"https:\/\/nordicmart.andreevmaster.com\/fi\/wp-json\/wp\/v2\/types\/product"}],"replies":[{"embeddable":true,"href":"https:\/\/nordicmart.andreevmaster.com\/fi\/wp-json\/wp\/v2\/comments?post=32354"}],"wp:featuredmedia":[{"embeddable":true,"href":"https:\/\/nordicmart.andreevmaster.com\/fi\/wp-json\/wp\/v2\/media\/41383"}],"wp:attachment":[{"href":"https:\/\/nordicmart.andreevmaster.com\/fi\/wp-json\/wp\/v2\/media?parent=32354"}],"wp:term":[{"taxonomy":"product_brand","embeddable":true,"href":"https:\/\/nordicmart.andreevmaster.com\/fi\/wp-json\/wp\/v2\/product_brand?post=32354"},{"taxonomy":"product_cat","embeddable":true,"href":"https:\/\/nordicmart.andreevmaster.com\/fi\/wp-json\/wp\/v2\/product_cat?post=32354"},{"taxonomy":"product_tag","embeddable":true,"href":"https:\/\/nordicmart.andreevmaster.com\/fi\/wp-json\/wp\/v2\/product_tag?post=32354"}],"curies":[{"name":"wp","href":"https:\/\/api.w.org\/{rel}","templated":true}]}}