{"id":32352,"date":"2026-02-27T00:16:59","date_gmt":"2026-02-27T00:16:59","guid":{"rendered":"https:\/\/nordicmart.andreevmaster.com\/product\/songmics-rullavaunu-4-tasoa-ja-6-koukkua\/"},"modified":"2026-02-27T09:38:47","modified_gmt":"2026-02-27T09:38:47","slug":"songmics-rullavaunu-4-tasoa-ja-6-koukkua","status":"publish","type":"product","link":"https:\/\/nordicmart.andreevmaster.com\/fi\/tuote\/songmics-rullavaunu-4-tasoa-ja-6-koukkua\/","title":{"rendered":"SONGMICS-rullavaunu, 4 tasoa ja 6 koukkua"},"content":{"rendered":"<p>SONGMICS rullavaunu, keitti\u00f6vaunu 4 tasolla, keitti\u00f6hylly, rullilla varustettu kapeahylly, kylpyhuonehylly, tilaa s\u00e4\u00e4st\u00e4v\u00e4, 40 x 13,5 x 86 cm, valkoinen KSC08WT<br \/>\nV\u00e4ri: musta<br \/>\nMateriaali: PP-muovi (polypropeeni), ruostumattomasta ter\u00e4ksest\u00e4 valmistetut putket<br \/>\nKoko: 22 x 40 x 88 cm (S x L x K)<br \/>\nHyllyjen v\u00e4linen et\u00e4isyys: 21 cm<br \/>\nPaino: 1,6 kg<br \/>\nHyllyjen maks. staattinen kantavuus: 5 kg<br \/>\nSuurin staattinen kantavuus yhteens\u00e4: 20 kg<\/p>\n","protected":false},"excerpt":{"rendered":"<p>SONGMICS rullavaunu, keitti\u00f6vaunu 4 tasolla, keitti\u00f6hylly, rullilla varustettu kapeahylly, kylpyhuonehylly, tilaa s\u00e4\u00e4st\u00e4v\u00e4, 40 x 13,5 x 86 cm, valkoinen KSC08WT<\/p>\n","protected":false},"featured_media":41381,"comment_status":"open","ping_status":"closed","template":"","meta":[],"product_brand":[],"product_cat":[32],"product_tag":[],"class_list":{"0":"post-32352","1":"product","2":"type-product","3":"status-publish","4":"has-post-thumbnail","6":"product_cat-uncategorized-fi","8":"first","9":"instock","10":"shipping-taxable","11":"purchasable","12":"product-type-simple"},"_links":{"self":[{"href":"https:\/\/nordicmart.andreevmaster.com\/fi\/wp-json\/wp\/v2\/product\/32352","targetHints":{"allow":["GET"]}}],"collection":[{"href":"https:\/\/nordicmart.andreevmaster.com\/fi\/wp-json\/wp\/v2\/product"}],"about":[{"href":"https:\/\/nordicmart.andreevmaster.com\/fi\/wp-json\/wp\/v2\/types\/product"}],"replies":[{"embeddable":true,"href":"https:\/\/nordicmart.andreevmaster.com\/fi\/wp-json\/wp\/v2\/comments?post=32352"}],"wp:featuredmedia":[{"embeddable":true,"href":"https:\/\/nordicmart.andreevmaster.com\/fi\/wp-json\/wp\/v2\/media\/41381"}],"wp:attachment":[{"href":"https:\/\/nordicmart.andreevmaster.com\/fi\/wp-json\/wp\/v2\/media?parent=32352"}],"wp:term":[{"taxonomy":"product_brand","embeddable":true,"href":"https:\/\/nordicmart.andreevmaster.com\/fi\/wp-json\/wp\/v2\/product_brand?post=32352"},{"taxonomy":"product_cat","embeddable":true,"href":"https:\/\/nordicmart.andreevmaster.com\/fi\/wp-json\/wp\/v2\/product_cat?post=32352"},{"taxonomy":"product_tag","embeddable":true,"href":"https:\/\/nordicmart.andreevmaster.com\/fi\/wp-json\/wp\/v2\/product_tag?post=32352"}],"curies":[{"name":"wp","href":"https:\/\/api.w.org\/{rel}","templated":true}]}}