{"id":32351,"date":"2026-02-27T00:16:59","date_gmt":"2026-02-27T00:16:59","guid":{"rendered":"https:\/\/nordicmart.andreevmaster.com\/product\/songmics-keittiokarry-3-tasoa-valkoinen\/"},"modified":"2026-02-27T09:38:47","modified_gmt":"2026-02-27T09:38:47","slug":"songmics-keittiokarry-3-tasoa-valkoinen","status":"publish","type":"product","link":"https:\/\/nordicmart.andreevmaster.com\/fi\/tuote\/songmics-keittiokarry-3-tasoa-valkoinen\/","title":{"rendered":"SONGMICS keitti\u00f6k\u00e4rry, 3 tasoa, valkoinen"},"content":{"rendered":"<p>Ovatko jotkut esineet, joita k\u00e4ytit eilen, kadonneet t\u00e4n\u00e4\u00e4n, ja joudut viett\u00e4m\u00e4\u00e4n paljon aikaa niiden etsimiseen? \u00c4l\u00e4 huoli, t\u00e4m\u00e4 SONGMICS-rullavaunu auttaa sinua lopettamaan t\u00e4m\u00e4n \u00e4rsytt\u00e4v\u00e4n piiloleikin! Kaikki k\u00e4den ulottuvilla 3 korkealaatuisella PP-muovihyllyll\u00e4 ja tukevilla metalliputkilla varustettu rullavaunu tarjoaa riitt\u00e4v\u00e4sti tilaa kaikille esineille, joilla ei viel\u00e4 ole vakiopaikkaa kotonasi. T\u00e4m\u00e4 monipuolinen vaunu kest\u00e4\u00e4 my\u00f6s niiden painon ongelmitta. Lis\u00e4ksi tarjoiluvaunu sopii kompaktin kokonsa (40 x 22 x 60 cm) ansiosta t\u00e4ydellisesti kylpyhuoneeseen kauneustuotteiden s\u00e4ilytt\u00e4miseen, keitti\u00f6\u00f6n keitti\u00f6tarvikkeiden s\u00e4ilytt\u00e4miseen tai toimistoon asiakirjojen s\u00e4ilytt\u00e4miseen. Jos haluat usein k\u00e4ytt\u00e4m\u00e4si esineet aina k\u00e4den ulottuvilla, t\u00e4m\u00e4 SONGMICS-tuote on juuri sinulle sopiva! Tuotetiedot: &#8211; V\u00e4ri: valkoinen &#8211; Materiaali: PP (polypropeeni), metalliputket &#8211; Koko: 40 x 22 x 60 cm (P x L x K) &#8211; Paino: 1,2 kg &#8211; Maks. staattinen kokonaiskuormitus: 15 kg &#8211; Maks. staattinen kuormitus hylly\u00e4 kohti: 5 kg Toimitus sis\u00e4lt\u00e4\u00e4:- 1 x rullavaunu &#8211; 3 x koukku &#8211; 1 x ohjeet (DE, EN, DE, FR, ES, IT) SONGMICS-ohjeet: &#8211; Asenna tuote vain t\u00e4m\u00e4n ohjeen mukaisesti. \u00c4l\u00e4 pura sit\u00e4 v\u00e4kisin. &#8211; Jokainen hylly kest\u00e4\u00e4 enint\u00e4\u00e4n 5 kg:n kuormituksen. \u00c4l\u00e4 s\u00e4ilyt\u00e4 tuotteella raskaampia esineit\u00e4.<\/p>\n","protected":false},"excerpt":{"rendered":"<p>SONGMICS 3-tasoinen rullavaunu, keitti\u00f6vaunu, rullilla varustettu kapea hylly, tilaa s\u00e4\u00e4st\u00e4v\u00e4 keitti\u00f6hylly, kylpyhuonehylly, kylpyhuoneeseen, olohuoneeseen, toimistoon, 40 x 22 x 60 cm, valkoinen KSC009W01<\/p>\n","protected":false},"featured_media":41380,"comment_status":"open","ping_status":"closed","template":"","meta":[],"product_brand":[],"product_cat":[32],"product_tag":[],"class_list":{"0":"post-32351","1":"product","2":"type-product","3":"status-publish","4":"has-post-thumbnail","6":"product_cat-uncategorized-fi","8":"first","9":"instock","10":"shipping-taxable","11":"purchasable","12":"product-type-simple"},"_links":{"self":[{"href":"https:\/\/nordicmart.andreevmaster.com\/fi\/wp-json\/wp\/v2\/product\/32351","targetHints":{"allow":["GET"]}}],"collection":[{"href":"https:\/\/nordicmart.andreevmaster.com\/fi\/wp-json\/wp\/v2\/product"}],"about":[{"href":"https:\/\/nordicmart.andreevmaster.com\/fi\/wp-json\/wp\/v2\/types\/product"}],"replies":[{"embeddable":true,"href":"https:\/\/nordicmart.andreevmaster.com\/fi\/wp-json\/wp\/v2\/comments?post=32351"}],"wp:featuredmedia":[{"embeddable":true,"href":"https:\/\/nordicmart.andreevmaster.com\/fi\/wp-json\/wp\/v2\/media\/41380"}],"wp:attachment":[{"href":"https:\/\/nordicmart.andreevmaster.com\/fi\/wp-json\/wp\/v2\/media?parent=32351"}],"wp:term":[{"taxonomy":"product_brand","embeddable":true,"href":"https:\/\/nordicmart.andreevmaster.com\/fi\/wp-json\/wp\/v2\/product_brand?post=32351"},{"taxonomy":"product_cat","embeddable":true,"href":"https:\/\/nordicmart.andreevmaster.com\/fi\/wp-json\/wp\/v2\/product_cat?post=32351"},{"taxonomy":"product_tag","embeddable":true,"href":"https:\/\/nordicmart.andreevmaster.com\/fi\/wp-json\/wp\/v2\/product_tag?post=32351"}],"curies":[{"name":"wp","href":"https:\/\/api.w.org\/{rel}","templated":true}]}}