{"id":32350,"date":"2026-02-27T00:16:58","date_gmt":"2026-02-27T00:16:58","guid":{"rendered":"https:\/\/nordicmart.andreevmaster.com\/product\/songmics-4-tasoinen-rullavaunu-6-koukkua-pastellinpunainen\/"},"modified":"2026-02-27T09:38:46","modified_gmt":"2026-02-27T09:38:46","slug":"songmics-4-tasoinen-rullavaunu-6-koukkua-pastellinpunainen","status":"publish","type":"product","link":"https:\/\/nordicmart.andreevmaster.com\/fi\/tuote\/songmics-4-tasoinen-rullavaunu-6-koukkua-pastellinpunainen\/","title":{"rendered":"SONGMICS 4-tasoinen rullavaunu, 6 koukkua, pastellinpunainen"},"content":{"rendered":"<p>SONGMICS rullavaunu, keitti\u00f6vaunu 4 tasolla, keitti\u00f6hylly, rullilla varustettu kapeahylly, kylpyhuonehylly, tilaa s\u00e4\u00e4st\u00e4v\u00e4, 40 x 13,5 x 86 cm, valkoinen KSC08WT<br \/>\nV\u00e4ri: pastellinpunainen<br \/>\nMateriaali: PP-muovi (polypropeeni), ruostumattomasta ter\u00e4ksest\u00e4 valmistetut putket<br \/>\nKoko: 14,4 x 42 x 86 cm (S x L x K)<br \/>\nHyllyjen v\u00e4linen et\u00e4isyys: 25,4 cm<br \/>\nPaino: 1,3 kg<br \/>\nHyllyjen maks. staattinen kantavuus: 5 kg<br \/>\nSuurin staattinen kantavuus yhteens\u00e4: 20 kg<\/p>\n","protected":false},"excerpt":{"rendered":"<p>SONGMICS rullavaunu, keitti\u00f6vaunu 4 tasolla, keitti\u00f6hylly, rullilla varustettu kapeahylly, kylpyhuonehylly, tilaa s\u00e4\u00e4st\u00e4v\u00e4, 40 x 13,5 x 86 cm, valkoinen KSC08WT<\/p>\n","protected":false},"featured_media":41379,"comment_status":"open","ping_status":"closed","template":"","meta":[],"product_brand":[],"product_cat":[32],"product_tag":[],"class_list":{"0":"post-32350","1":"product","2":"type-product","3":"status-publish","4":"has-post-thumbnail","6":"product_cat-uncategorized-fi","8":"first","9":"instock","10":"shipping-taxable","11":"purchasable","12":"product-type-simple"},"_links":{"self":[{"href":"https:\/\/nordicmart.andreevmaster.com\/fi\/wp-json\/wp\/v2\/product\/32350","targetHints":{"allow":["GET"]}}],"collection":[{"href":"https:\/\/nordicmart.andreevmaster.com\/fi\/wp-json\/wp\/v2\/product"}],"about":[{"href":"https:\/\/nordicmart.andreevmaster.com\/fi\/wp-json\/wp\/v2\/types\/product"}],"replies":[{"embeddable":true,"href":"https:\/\/nordicmart.andreevmaster.com\/fi\/wp-json\/wp\/v2\/comments?post=32350"}],"wp:featuredmedia":[{"embeddable":true,"href":"https:\/\/nordicmart.andreevmaster.com\/fi\/wp-json\/wp\/v2\/media\/41379"}],"wp:attachment":[{"href":"https:\/\/nordicmart.andreevmaster.com\/fi\/wp-json\/wp\/v2\/media?parent=32350"}],"wp:term":[{"taxonomy":"product_brand","embeddable":true,"href":"https:\/\/nordicmart.andreevmaster.com\/fi\/wp-json\/wp\/v2\/product_brand?post=32350"},{"taxonomy":"product_cat","embeddable":true,"href":"https:\/\/nordicmart.andreevmaster.com\/fi\/wp-json\/wp\/v2\/product_cat?post=32350"},{"taxonomy":"product_tag","embeddable":true,"href":"https:\/\/nordicmart.andreevmaster.com\/fi\/wp-json\/wp\/v2\/product_tag?post=32350"}],"curies":[{"name":"wp","href":"https:\/\/api.w.org\/{rel}","templated":true}]}}