{"id":32349,"date":"2026-02-27T00:16:58","date_gmt":"2026-02-27T00:16:58","guid":{"rendered":"https:\/\/nordicmart.andreevmaster.com\/product\/songmics-4-tasoinen-rullavaunu-harmaa\/"},"modified":"2026-02-27T09:38:46","modified_gmt":"2026-02-27T09:38:46","slug":"songmics-4-tasoinen-rullavaunu-harmaa","status":"publish","type":"product","link":"https:\/\/nordicmart.andreevmaster.com\/fi\/tuote\/songmics-4-tasoinen-rullavaunu-harmaa\/","title":{"rendered":"SONGMICS 4-tasoinen rullavaunu, harmaa"},"content":{"rendered":"<p>Ovatko jotkut esineet, joita k\u00e4ytit eilen, jo kadonneet t\u00e4n\u00e4\u00e4n, ja joudut viett\u00e4m\u00e4\u00e4n paljon aikaa niiden etsimiseen? \u00c4l\u00e4 huoli, t\u00e4m\u00e4 SONGMICS-tarjoiluvaunu auttaa sinua lopettamaan t\u00e4m\u00e4n \u00e4rsytt\u00e4v\u00e4n piiloleikin!   Kaikki k\u00e4den ulottuvilla Varustettu 4 korkealaatuisella PP-muovihyllyll\u00e4 ja tukevilla metalliputkilla, t\u00e4m\u00e4 tarjoiluvaunu tarjoaa tarpeeksi tilaa kaikille esineille, jotka eiv\u00e4t viel\u00e4 ole l\u00f6yt\u00e4neet pysyv\u00e4\u00e4 paikkaa kodissasi. T\u00e4m\u00e4 monipuolinen vaunu kest\u00e4\u00e4 my\u00f6s niiden painon ongelmitta. Lis\u00e4ksi tarjoiluvaunu sopii kompaktin kokonsa (40 x 12,5 x 86 cm) ansiosta t\u00e4ydellisesti kylpyhuoneeseen kauneustuotteiden s\u00e4ilytt\u00e4miseen, keitti\u00f6\u00f6n keitti\u00f6tarvikkeiden s\u00e4ilytt\u00e4miseen tai toimistoon asiakirjojen s\u00e4ilytt\u00e4miseen.   Jos haluat, ett\u00e4 usein k\u00e4ytetyt esineet ovat aina k\u00e4den ulottuvilla, t\u00e4m\u00e4 SONGMICS-tuote on juuri sinulle sopiva!   Tuotetiedot: &#8211; V\u00e4ri: harmaa &#8211; Materiaali: PP (polypropeeni), metalliputket &#8211; Kokonaismitat: 40 x 12,5 x 86 cm (P x L x K) &#8211; Paino: 1,3 kg &#8211; Maks. staattinen kantavuus: 20 kg (5 kg per taso) Toimitus sis\u00e4lt\u00e4\u00e4:- 1 x rullavaunu &#8211; 3 x koukku &#8211; 1 x ohjeet (DE, EN, DE, FR, ES, IT) SONGMICS-ohjeet: &#8211; Asenna tuote vain t\u00e4m\u00e4n ohjeen mukaisesti. \u00c4l\u00e4 pura sit\u00e4 v\u00e4kisin. &#8211; Jokainen hylly kest\u00e4\u00e4 enint\u00e4\u00e4n 5 kg:n kuormituksen. \u00c4l\u00e4 s\u00e4ilyt\u00e4 tuotteella raskaampia esineit\u00e4.<\/p>\n","protected":false},"excerpt":{"rendered":"<p>SONGMICS rullavaunu, keitti\u00f6vaunu 4 tasolla, keitti\u00f6hylly, rullilla varustettu kapeahylly, kylpyhuonehylly, tilaa s\u00e4\u00e4st\u00e4v\u00e4, 40 x 13,5 x 86 cm, valkoinen KSC08WT<\/p>\n","protected":false},"featured_media":41378,"comment_status":"open","ping_status":"closed","template":"","meta":[],"product_brand":[],"product_cat":[32],"product_tag":[],"class_list":{"0":"post-32349","1":"product","2":"type-product","3":"status-publish","4":"has-post-thumbnail","6":"product_cat-uncategorized-fi","8":"first","9":"instock","10":"shipping-taxable","11":"purchasable","12":"product-type-simple"},"_links":{"self":[{"href":"https:\/\/nordicmart.andreevmaster.com\/fi\/wp-json\/wp\/v2\/product\/32349","targetHints":{"allow":["GET"]}}],"collection":[{"href":"https:\/\/nordicmart.andreevmaster.com\/fi\/wp-json\/wp\/v2\/product"}],"about":[{"href":"https:\/\/nordicmart.andreevmaster.com\/fi\/wp-json\/wp\/v2\/types\/product"}],"replies":[{"embeddable":true,"href":"https:\/\/nordicmart.andreevmaster.com\/fi\/wp-json\/wp\/v2\/comments?post=32349"}],"wp:featuredmedia":[{"embeddable":true,"href":"https:\/\/nordicmart.andreevmaster.com\/fi\/wp-json\/wp\/v2\/media\/41378"}],"wp:attachment":[{"href":"https:\/\/nordicmart.andreevmaster.com\/fi\/wp-json\/wp\/v2\/media?parent=32349"}],"wp:term":[{"taxonomy":"product_brand","embeddable":true,"href":"https:\/\/nordicmart.andreevmaster.com\/fi\/wp-json\/wp\/v2\/product_brand?post=32349"},{"taxonomy":"product_cat","embeddable":true,"href":"https:\/\/nordicmart.andreevmaster.com\/fi\/wp-json\/wp\/v2\/product_cat?post=32349"},{"taxonomy":"product_tag","embeddable":true,"href":"https:\/\/nordicmart.andreevmaster.com\/fi\/wp-json\/wp\/v2\/product_tag?post=32349"}],"curies":[{"name":"wp","href":"https:\/\/api.w.org\/{rel}","templated":true}]}}