{"id":32341,"date":"2026-02-27T00:16:56","date_gmt":"2026-02-27T00:16:56","guid":{"rendered":"https:\/\/nordicmart.andreevmaster.com\/product\/songmics-roskasakki-vetonauhalla-valkoinen\/"},"modified":"2026-02-27T09:38:45","modified_gmt":"2026-02-27T09:38:45","slug":"songmics-roskasakki-vetonauhalla-valkoinen","status":"publish","type":"product","link":"https:\/\/nordicmart.andreevmaster.com\/fi\/tuote\/songmics-roskasakki-vetonauhalla-valkoinen\/","title":{"rendered":"SONGMICS roskas\u00e4kki vetonauhalla, valkoinen"},"content":{"rendered":"<p>Ei liian suuri, ei liian pieni \u2013 juuri sopiva: Onko sinun mielest\u00e4si vaikea valita oikea malli roskakorillesi laajasta valikoimasta erilaisia roskapusseja? Me autamme sinua! N\u00e4m\u00e4 roskapussit on suunniteltu erityisesti SONGMICS:n 60 litran kaksoisroskakoreille ja 30 litran roskakoreille. Vihdoin sinun ei en\u00e4\u00e4 tarvitse viett\u00e4\u00e4 paljon aikaa sopivien roskapussien etsimiseen! Miten n\u00e4m\u00e4 pussit helpottavat keitti\u00f6t\u00f6it\u00e4? Ne on suunniteltu SONGMICS:n 60 litran kaksoisroskakoreihin ja 30 litran roskakoreihin, joihin ne sopivat t\u00e4ydellisesti. Optimaalinen koko est\u00e4\u00e4 pussien liukumisen tai roskakorin yl\u00e4reunan sulkemisen.K\u00e4yt\u00e4nn\u00f6lliset kahvat (vetonarut) auttavat sulkemaan roskapussit ja kuljettamaan niit\u00e4 helposti. Sek\u00e4 pussit ett\u00e4 kahvat on valmistettu kest\u00e4v\u00e4st\u00e4, rep\u00e4isylujuasta HDPE-muovista. Kest\u00e4v\u00e4n muovin ja hyvin valmistettujen saumojen ansiosta n\u00e4m\u00e4 pussit ovat vedenpit\u00e4vi\u00e4 ja kest\u00e4v\u00e4t hyvin kuormitusta.Pussit eiv\u00e4t aiheuta ep\u00e4miellytt\u00e4vi\u00e4 hajuja. Tuotetiedot: V\u00e4ri: valkoinen Materiaali: HDPE (korkeatiheyspolyeteeni) Koko per pussi: 52 x 74 cm (P x K) Koko per rulla: 8 x 23 cm (\u00d8 x K) Kunkin pussin tilavuus: 30 l Kokonaispaino: 1,5 kg Toimitus sis\u00e4lt\u00e4\u00e4: 2 rullaa roskapusseja (yhteens\u00e4 90 kappaletta) SONGMICS-ohjeet: Pid\u00e4 tuote poissa lasten ja lemmikkiel\u00e4inten ulottuvilta. Tukehtumisvaara! Emme suosittele tuotteen k\u00e4ytt\u00f6\u00e4 elintarvikkeiden s\u00e4ilytykseen. Pid\u00e4 tuote poissa l\u00e4mm\u00f6nl\u00e4hteist\u00e4.<\/p>\n","protected":false},"excerpt":{"rendered":"<p>SONGMICS roskapussi kiristysnauhalla, 30 litran roskapussit, 60 litran kaksoisroskakoriin, koodi 30A, 1 rulla, yhteens\u00e4 45 kappaletta, kantokahvoilla, kest\u00e4v\u00e4 ja vedenpit\u00e4v\u00e4, keitti\u00f6\u00f6n, valkoinen KRB30A<\/p>\n","protected":false},"featured_media":41371,"comment_status":"open","ping_status":"closed","template":"","meta":[],"product_brand":[],"product_cat":[32],"product_tag":[],"class_list":{"0":"post-32341","1":"product","2":"type-product","3":"status-publish","4":"has-post-thumbnail","6":"product_cat-uncategorized-fi","8":"first","9":"instock","10":"shipping-taxable","11":"purchasable","12":"product-type-simple"},"_links":{"self":[{"href":"https:\/\/nordicmart.andreevmaster.com\/fi\/wp-json\/wp\/v2\/product\/32341","targetHints":{"allow":["GET"]}}],"collection":[{"href":"https:\/\/nordicmart.andreevmaster.com\/fi\/wp-json\/wp\/v2\/product"}],"about":[{"href":"https:\/\/nordicmart.andreevmaster.com\/fi\/wp-json\/wp\/v2\/types\/product"}],"replies":[{"embeddable":true,"href":"https:\/\/nordicmart.andreevmaster.com\/fi\/wp-json\/wp\/v2\/comments?post=32341"}],"wp:featuredmedia":[{"embeddable":true,"href":"https:\/\/nordicmart.andreevmaster.com\/fi\/wp-json\/wp\/v2\/media\/41371"}],"wp:attachment":[{"href":"https:\/\/nordicmart.andreevmaster.com\/fi\/wp-json\/wp\/v2\/media?parent=32341"}],"wp:term":[{"taxonomy":"product_brand","embeddable":true,"href":"https:\/\/nordicmart.andreevmaster.com\/fi\/wp-json\/wp\/v2\/product_brand?post=32341"},{"taxonomy":"product_cat","embeddable":true,"href":"https:\/\/nordicmart.andreevmaster.com\/fi\/wp-json\/wp\/v2\/product_cat?post=32341"},{"taxonomy":"product_tag","embeddable":true,"href":"https:\/\/nordicmart.andreevmaster.com\/fi\/wp-json\/wp\/v2\/product_tag?post=32341"}],"curies":[{"name":"wp","href":"https:\/\/api.w.org\/{rel}","templated":true}]}}