{"id":32336,"date":"2026-02-27T00:16:55","date_gmt":"2026-02-27T00:16:55","guid":{"rendered":"https:\/\/nordicmart.andreevmaster.com\/product\/songmics-jatepussit-kiristysnauhalla-50-litran-roskasailioille-keittion-roskasailioille-koodi-050a01-3-rullaa-yhteensa-120-kappaletta\/"},"modified":"2026-02-27T09:38:44","modified_gmt":"2026-02-27T09:38:44","slug":"songmics-jatepussit-kiristysnauhalla-50-litran-roskasailioille-keittion-roskasailioille-koodi-050a01-3-rullaa-yhteensa-120-kappaletta","status":"publish","type":"product","link":"https:\/\/nordicmart.andreevmaster.com\/fi\/tuote\/songmics-jatepussit-kiristysnauhalla-50-litran-roskasailioille-keittion-roskasailioille-koodi-050a01-3-rullaa-yhteensa-120-kappaletta\/","title":{"rendered":"SONGMICS J\u00e4tepussit kiristysnauhalla, 50 litran roskas\u00e4ili\u00f6ille, keitti\u00f6n roskas\u00e4ili\u00f6ille, koodi 050A01, 3 rullaa, yhteens\u00e4 120 kappaletta"},"content":{"rendered":"<p>Tarkasti mitoitettu: N\u00e4m\u00e4 roskapussit on suunniteltu sopimaan t\u00e4ydellisesti SONGMICS 50 litran roskakoriin. Jokainen pussi on litistettyn\u00e4 kooltaan 59 x 74 cm.<\/p>\n<p>Miten n\u00e4m\u00e4 pussit helpottavat keitti\u00f6t\u00f6it\u00e4?<\/p>\n<p>Eritt\u00e4in kest\u00e4v\u00e4: J\u00e4tepussit, joissa on kiristysnauha, on valmistettu korkealaatuisesta muovista ja ne ovat rep\u00e4isyluja. Jokainen pussi kest\u00e4\u00e4 jopa 25 kg:n painon ja kiristysnauha jopa 10 kg:n painon.<br \/>\nEi tarvitse repi\u00e4 irti: N\u00e4m\u00e4 roskapussit ovat erillisi\u00e4, joten ne on helppo ottaa rullalta.<br \/>\nHelppo sulkea ja heitt\u00e4\u00e4 pois: K\u00e4tev\u00e4n kiristysnauhan ansiosta roskapussit on helppo sulkea ja kuljettaa.<br \/>\nTurvallinen pito: J\u00e4tepussit voidaan kiinnitt\u00e4\u00e4 turvallisesti roskakorin reunaan, jotta ne eiv\u00e4t luiskahda.<br \/>\nHajuton: roskas\u00e4kit eiv\u00e4t tuota ep\u00e4miellytt\u00e4vi\u00e4 hajuja ja sopivat t\u00e4ydellisesti hajuille herkille ihmisille.<br \/>\nTuotetiedot:<\/p>\n<p>V\u00e4ri: valkoinen<br \/>\nMateriaali: 25 \u03bcm paksu polyeteenimuovi<br \/>\nKoko per pussi: 59 x 74 cm (L x K)<br \/>\nPussin tilavuus: 50 litraa<br \/>\nKokonaispaino: 2,9 kg<br \/>\nPussin maks. staattinen kantavuus: 25 kg<br \/>\nVetoketjun maks. staattinen kantavuus: 10 kg<br \/>\nToimitus sis\u00e4lt\u00e4\u00e4:<\/p>\n<p>3 rullaa roskapusseja (yhteens\u00e4 120 kappaletta)<br \/>\nSONGMICS-huomautukset:<\/p>\n<p>Jos roskapussi juuttuu roskakoriin, ota se varovasti pois, jotta pussi ei repe\u00e4.<br \/>\nAvaa roskapussien pakkauspussi repim\u00e4ll\u00e4 varovasti auki rei&#8217;itetty nauha &#8221;Open&#8221;-symbolin oikealla puolella.<br \/>\nPid\u00e4 roskapussit poissa lasten ja lemmikkiel\u00e4inten ulottuvilta, jotta v\u00e4lt\u00e4t mahdolliset loukkaantumiset, kuten tukehtumisvaaran.<br \/>\nEmme suosittele roskapussien k\u00e4ytt\u00f6\u00e4 elintarvikkeiden s\u00e4ilytykseen.<\/p>\n","protected":false},"excerpt":{"rendered":"<p>Tarkasti mitoitettu: N\u00e4m\u00e4 roskapussit on suunniteltu sopimaan t\u00e4ydellisesti SONGMICS 50 litran roskakoriin. Jokainen pussi on litistettyn\u00e4 kooltaan 59 x 74 cm. Miten n\u00e4m\u00e4 pussit helpottavat keitti\u00f6t\u00f6it\u00e4? Eritt\u00e4in kest\u00e4v\u00e4: J\u00e4tepussit, joissa on kiristysnauha, on valmistettu korkealaatuisesta muovista ja ne ovat rep\u00e4isyluja. Jokainen pussi kest\u00e4\u00e4 jopa 25 kg:n painon ja kiristysnauha jopa 10 kg:n painon. Ei tarvitse [&hellip;]<\/p>\n","protected":false},"featured_media":41366,"comment_status":"open","ping_status":"closed","template":"","meta":[],"product_brand":[],"product_cat":[32],"product_tag":[],"class_list":{"0":"post-32336","1":"product","2":"type-product","3":"status-publish","4":"has-post-thumbnail","6":"product_cat-uncategorized-fi","8":"first","9":"instock","10":"shipping-taxable","11":"purchasable","12":"product-type-simple"},"_links":{"self":[{"href":"https:\/\/nordicmart.andreevmaster.com\/fi\/wp-json\/wp\/v2\/product\/32336","targetHints":{"allow":["GET"]}}],"collection":[{"href":"https:\/\/nordicmart.andreevmaster.com\/fi\/wp-json\/wp\/v2\/product"}],"about":[{"href":"https:\/\/nordicmart.andreevmaster.com\/fi\/wp-json\/wp\/v2\/types\/product"}],"replies":[{"embeddable":true,"href":"https:\/\/nordicmart.andreevmaster.com\/fi\/wp-json\/wp\/v2\/comments?post=32336"}],"wp:featuredmedia":[{"embeddable":true,"href":"https:\/\/nordicmart.andreevmaster.com\/fi\/wp-json\/wp\/v2\/media\/41366"}],"wp:attachment":[{"href":"https:\/\/nordicmart.andreevmaster.com\/fi\/wp-json\/wp\/v2\/media?parent=32336"}],"wp:term":[{"taxonomy":"product_brand","embeddable":true,"href":"https:\/\/nordicmart.andreevmaster.com\/fi\/wp-json\/wp\/v2\/product_brand?post=32336"},{"taxonomy":"product_cat","embeddable":true,"href":"https:\/\/nordicmart.andreevmaster.com\/fi\/wp-json\/wp\/v2\/product_cat?post=32336"},{"taxonomy":"product_tag","embeddable":true,"href":"https:\/\/nordicmart.andreevmaster.com\/fi\/wp-json\/wp\/v2\/product_tag?post=32336"}],"curies":[{"name":"wp","href":"https:\/\/api.w.org\/{rel}","templated":true}]}}