{"id":32329,"date":"2026-02-27T00:16:54","date_gmt":"2026-02-27T00:16:54","guid":{"rendered":"https:\/\/nordicmart.andreevmaster.com\/product\/songmics-roskapussit-20-l-kiristysnauha-yhteensa-80-kpl-kermanvalkoinen\/"},"modified":"2026-02-27T09:38:43","modified_gmt":"2026-02-27T09:38:43","slug":"songmics-roskapussit-20-l-kiristysnauha-yhteensa-80-kpl-kermanvalkoinen","status":"publish","type":"product","link":"https:\/\/nordicmart.andreevmaster.com\/fi\/tuote\/songmics-roskapussit-20-l-kiristysnauha-yhteensa-80-kpl-kermanvalkoinen\/","title":{"rendered":"SONGMICS roskapussit 20 l, kiristysnauha, yhteens\u00e4 80 kpl, kermanvalkoinen"},"content":{"rendered":"<p>SONGMICS roskapussit 20 l, roskapussit kiristysnauhalla, yhteens\u00e4 80 kpl, koodi L, eritt\u00e4in kest\u00e4v\u00e4, pikak\u00e4ytt\u00f6laatikko, kermanvalkoinen KRB021A02<br \/>\nV\u00e4ri: kermanvalkoinen<br \/>\nMateriaali: 15 \u03bcm paksu MDPE-muovi (keskitihe\u00e4 polyeteeni)<br \/>\nKoko per pussi: 42 x 60 cm (L x K)<br \/>\nKokonaispaino: 0,7 kg<br \/>\nPussin tilavuus: 20 litraa<br \/>\nPussin maks. staattinen kantavuus: 10 kg<\/p>\n","protected":false},"excerpt":{"rendered":"<p>SONGMICS roskapussit 20 l, roskapussit kiristysnauhalla, yhteens\u00e4 80 kpl, koodi L, eritt\u00e4in kest\u00e4v\u00e4, pikak\u00e4ytt\u00f6laatikko, kermanvalkoinen KRB021A02<\/p>\n","protected":false},"featured_media":41359,"comment_status":"open","ping_status":"closed","template":"","meta":[],"product_brand":[],"product_cat":[32],"product_tag":[],"class_list":{"0":"post-32329","1":"product","2":"type-product","3":"status-publish","4":"has-post-thumbnail","6":"product_cat-uncategorized-fi","8":"first","9":"instock","10":"shipping-taxable","11":"purchasable","12":"product-type-simple"},"_links":{"self":[{"href":"https:\/\/nordicmart.andreevmaster.com\/fi\/wp-json\/wp\/v2\/product\/32329","targetHints":{"allow":["GET"]}}],"collection":[{"href":"https:\/\/nordicmart.andreevmaster.com\/fi\/wp-json\/wp\/v2\/product"}],"about":[{"href":"https:\/\/nordicmart.andreevmaster.com\/fi\/wp-json\/wp\/v2\/types\/product"}],"replies":[{"embeddable":true,"href":"https:\/\/nordicmart.andreevmaster.com\/fi\/wp-json\/wp\/v2\/comments?post=32329"}],"wp:featuredmedia":[{"embeddable":true,"href":"https:\/\/nordicmart.andreevmaster.com\/fi\/wp-json\/wp\/v2\/media\/41359"}],"wp:attachment":[{"href":"https:\/\/nordicmart.andreevmaster.com\/fi\/wp-json\/wp\/v2\/media?parent=32329"}],"wp:term":[{"taxonomy":"product_brand","embeddable":true,"href":"https:\/\/nordicmart.andreevmaster.com\/fi\/wp-json\/wp\/v2\/product_brand?post=32329"},{"taxonomy":"product_cat","embeddable":true,"href":"https:\/\/nordicmart.andreevmaster.com\/fi\/wp-json\/wp\/v2\/product_cat?post=32329"},{"taxonomy":"product_tag","embeddable":true,"href":"https:\/\/nordicmart.andreevmaster.com\/fi\/wp-json\/wp\/v2\/product_tag?post=32329"}],"curies":[{"name":"wp","href":"https:\/\/api.w.org\/{rel}","templated":true}]}}