{"id":32324,"date":"2026-02-27T00:16:52","date_gmt":"2026-02-27T00:16:52","guid":{"rendered":"https:\/\/nordicmart.andreevmaster.com\/product\/songmics-8-litran-roskapussit-kiristysnauhalla-2-x-45-kpl\/"},"modified":"2026-02-27T09:38:42","modified_gmt":"2026-02-27T09:38:42","slug":"songmics-8-litran-roskapussit-kiristysnauhalla-2-x-45-kpl","status":"publish","type":"product","link":"https:\/\/nordicmart.andreevmaster.com\/fi\/tuote\/songmics-8-litran-roskapussit-kiristysnauhalla-2-x-45-kpl\/","title":{"rendered":"SONGMICS 8 litran roskapussit kiristysnauhalla 2 x 45 kpl"},"content":{"rendered":"<p>SONGMICS roskapussit kiristysnauhalla, 8 litran roskapussit, 3-in-1-roskakoriin, koodi 008A, 2 rullaa, yhteens\u00e4 90 kappaletta, kantokahvoilla, vedenpit\u00e4v\u00e4t, keitti\u00f6\u00f6n, valkoiset KRB008A02<br \/>\nV\u00e4ri: valkoinen<br \/>\nMateriaali: HDPE (korkeatiheyspolyeteeni)<br \/>\nKoko per pussi: 37 x 42 cm (P x K)<br \/>\nKoko per rulla: 6,8 x 15 cm (\u00d8 x K)<br \/>\nPussin tilavuus: 8 l<br \/>\nKokonaispaino: 1 kg<\/p>\n","protected":false},"excerpt":{"rendered":"<p>SONGMICS roskapussit kiristysnauhalla, 8 litran roskapussit, 3-in-1-roskakoriin, koodi 008A, 2 rullaa, yhteens\u00e4 90 kappaletta, kantokahvoilla, vedenpit\u00e4v\u00e4t, keitti\u00f6\u00f6n, valkoiset KRB008A02<\/p>\n","protected":false},"featured_media":41354,"comment_status":"open","ping_status":"closed","template":"","meta":[],"product_brand":[],"product_cat":[32],"product_tag":[],"class_list":{"0":"post-32324","1":"product","2":"type-product","3":"status-publish","4":"has-post-thumbnail","6":"product_cat-uncategorized-fi","8":"first","9":"instock","10":"shipping-taxable","11":"purchasable","12":"product-type-simple"},"_links":{"self":[{"href":"https:\/\/nordicmart.andreevmaster.com\/fi\/wp-json\/wp\/v2\/product\/32324","targetHints":{"allow":["GET"]}}],"collection":[{"href":"https:\/\/nordicmart.andreevmaster.com\/fi\/wp-json\/wp\/v2\/product"}],"about":[{"href":"https:\/\/nordicmart.andreevmaster.com\/fi\/wp-json\/wp\/v2\/types\/product"}],"replies":[{"embeddable":true,"href":"https:\/\/nordicmart.andreevmaster.com\/fi\/wp-json\/wp\/v2\/comments?post=32324"}],"wp:featuredmedia":[{"embeddable":true,"href":"https:\/\/nordicmart.andreevmaster.com\/fi\/wp-json\/wp\/v2\/media\/41354"}],"wp:attachment":[{"href":"https:\/\/nordicmart.andreevmaster.com\/fi\/wp-json\/wp\/v2\/media?parent=32324"}],"wp:term":[{"taxonomy":"product_brand","embeddable":true,"href":"https:\/\/nordicmart.andreevmaster.com\/fi\/wp-json\/wp\/v2\/product_brand?post=32324"},{"taxonomy":"product_cat","embeddable":true,"href":"https:\/\/nordicmart.andreevmaster.com\/fi\/wp-json\/wp\/v2\/product_cat?post=32324"},{"taxonomy":"product_tag","embeddable":true,"href":"https:\/\/nordicmart.andreevmaster.com\/fi\/wp-json\/wp\/v2\/product_tag?post=32324"}],"curies":[{"name":"wp","href":"https:\/\/api.w.org\/{rel}","templated":true}]}}