{"id":32323,"date":"2026-02-27T00:16:52","date_gmt":"2026-02-27T00:16:52","guid":{"rendered":"https:\/\/nordicmart.andreevmaster.com\/product\/vuodevaatteet-tyyny-40x60-cm-ja-peitto-100x135-cm\/"},"modified":"2026-02-27T09:38:42","modified_gmt":"2026-02-27T09:38:42","slug":"vuodevaatteet-tyyny-40x60-cm-ja-peitto-100x135-cm","status":"publish","type":"product","link":"https:\/\/nordicmart.andreevmaster.com\/fi\/tuote\/vuodevaatteet-tyyny-40x60-cm-ja-peitto-100x135-cm\/","title":{"rendered":"Vuodevaatteet \u2013 Tyyny (40&#215;60 cm) ja peitto (100&#215;135 cm)"},"content":{"rendered":"<p>Vuodevaatteet \u2013 tyyny ja peitto, joissa on mikrokuitup\u00e4\u00e4llinen ja silikonikuituinen t\u00e4yte, ovat t\u00e4ydellinen ratkaisu lapsen mukavaan uneen. Mikrokuitup\u00e4\u00e4llinen, joka on valmistettu pehmeist\u00e4 ja hengitt\u00e4vist\u00e4 polyesterikuiduista, on miellytt\u00e4v\u00e4n tuntuinen eik\u00e4 ker\u00e4\u00e4 p\u00f6ly\u00e4 tai punkkeja, joten se sopii erinomaisesti allergikoille. Silikonikuituinen t\u00e4yte takaa joustavuuden, keveyden ja poikkeuksellisen pehmeyden, mutta on samalla muodonmuutoksia kest\u00e4v\u00e4, mik\u00e4 takaa pitk\u00e4n k\u00e4ytt\u00f6i\u00e4n.<br \/>\nYksityiskohdat:<br \/>\n\u2022 Takaa mukavan nukkumisymp\u00e4rist\u00f6n<br \/>\n\u2022 Kest\u00e4v\u00e4 ja helppohoitoinen<br \/>\n\u2022 Sopii allergikoille<br \/>\n\u2022 Muodonmuutoksia kest\u00e4v\u00e4<br \/>\n\u2022 Ihanteellinen ymp\u00e4ri vuoden k\u00e4ytett\u00e4v\u00e4ksi <\/p>\n<p>Materiaalit:<br \/>\n\u2022 Mikrokuitup\u00e4\u00e4llinen: polyesterikuidut<br \/>\n\u2022 T\u00e4yte paino 250 g, ihanteellinen ymp\u00e4rivuotiseen k\u00e4ytt\u00f6\u00f6n <\/p>\n<p>Molemmat materiaalit ovat \u00d6KO-Tex Standard 100 -sertifioituja, mik\u00e4 takaa, ett\u00e4 ne eiv\u00e4t sis\u00e4ll\u00e4 haitallisia aineita ja ovat turvallisia lapsille. <\/p>\n<p>Koko:<br \/>\n\u2022 Tyyny: 40 cm x 60 cm<br \/>\n\u2022 P\u00e4\u00e4llys: 100 cm x 135 cm <\/p>\n<p>Hoito-ohjeet:<br \/>\n\u2022 Konepest\u00e4v\u00e4 60 \u00b0C:ssa<br \/>\n\u2022 Kuivausrummussa hell\u00e4varaisella ohjelmalla<\/p>\n","protected":false},"excerpt":{"rendered":"<p>Vuodevaatteet \u2013 tyyny ja peitto, joissa on mikrokuitup\u00e4\u00e4llinen ja silikonikuituinen t\u00e4yte, ovat t\u00e4ydellinen ratkaisu lapsen mukavaan uneen. Mikrokuitup\u00e4\u00e4llinen, joka on valmistettu pehmeist\u00e4 ja hengitt\u00e4vist\u00e4 polyesterikuiduista, on miellytt\u00e4v\u00e4n tuntuinen eik\u00e4 ker\u00e4\u00e4 p\u00f6ly\u00e4 tai punkkeja, joten se sopii erinomaisesti allergikoille. Silikonikuituinen t\u00e4yte takaa joustavuuden, keveyden ja poikkeuksellisen pehmeyden, mutta on samalla muodonmuutoksia kest\u00e4v\u00e4, mik\u00e4 takaa pitk\u00e4n k\u00e4ytt\u00f6i\u00e4n. [&hellip;]<\/p>\n","protected":false},"featured_media":0,"comment_status":"open","ping_status":"closed","template":"","meta":[],"product_brand":[],"product_cat":[32],"product_tag":[],"class_list":{"0":"post-32323","1":"product","2":"type-product","3":"status-publish","5":"product_cat-uncategorized-fi","7":"first","8":"instock","9":"shipping-taxable","10":"purchasable","11":"product-type-simple"},"_links":{"self":[{"href":"https:\/\/nordicmart.andreevmaster.com\/fi\/wp-json\/wp\/v2\/product\/32323","targetHints":{"allow":["GET"]}}],"collection":[{"href":"https:\/\/nordicmart.andreevmaster.com\/fi\/wp-json\/wp\/v2\/product"}],"about":[{"href":"https:\/\/nordicmart.andreevmaster.com\/fi\/wp-json\/wp\/v2\/types\/product"}],"replies":[{"embeddable":true,"href":"https:\/\/nordicmart.andreevmaster.com\/fi\/wp-json\/wp\/v2\/comments?post=32323"}],"wp:attachment":[{"href":"https:\/\/nordicmart.andreevmaster.com\/fi\/wp-json\/wp\/v2\/media?parent=32323"}],"wp:term":[{"taxonomy":"product_brand","embeddable":true,"href":"https:\/\/nordicmart.andreevmaster.com\/fi\/wp-json\/wp\/v2\/product_brand?post=32323"},{"taxonomy":"product_cat","embeddable":true,"href":"https:\/\/nordicmart.andreevmaster.com\/fi\/wp-json\/wp\/v2\/product_cat?post=32323"},{"taxonomy":"product_tag","embeddable":true,"href":"https:\/\/nordicmart.andreevmaster.com\/fi\/wp-json\/wp\/v2\/product_tag?post=32323"}],"curies":[{"name":"wp","href":"https:\/\/api.w.org\/{rel}","templated":true}]}}