{"id":32322,"date":"2026-02-27T00:16:52","date_gmt":"2026-02-27T00:16:52","guid":{"rendered":"https:\/\/nordicmart.andreevmaster.com\/product\/moses-kori-meeko\/"},"modified":"2026-02-27T09:38:42","modified_gmt":"2026-02-27T09:38:42","slug":"moses-kori-meeko","status":"publish","type":"product","link":"https:\/\/nordicmart.andreevmaster.com\/fi\/tuote\/moses-kori-meeko\/","title":{"rendered":"Moses-kori Meeko"},"content":{"rendered":"<p>Setti sis\u00e4lt\u00e4\u00e4:moosekori, patja <\/p>\n<p>Tuotteen ominaisuudet: <\/p>\n<p>&#8211; vaihtoehto pinnas\u00e4ngylle ja kehdolle lapsen ensimm\u00e4isin\u00e4 elinkuukausina,<br \/>\n &#8211; tarjoaa lapselle mukavuuden ja turvallisuuden tunteen,<br \/>\n &#8211; kahvojen ansiosta koria on helppo kantaa mukana ja voit pit\u00e4\u00e4 lapsesi aina l\u00e4hell\u00e4si (HUOM: koria ei saa kantaa lapsen ollessa sis\u00e4ll\u00e4),<br \/>\n &#8211; kori on k\u00e4sin kudottu, 100 % luonnollinen ja ymp\u00e4rist\u00f6yst\u00e4v\u00e4llinen,<br \/>\n &#8211; vaahtomuovit\u00e4ytteinen patja, jossa on irrotettava, allergiaa ehk\u00e4isev\u00e4, homeen, sienen ja koiden kest\u00e4v\u00e4 p\u00e4\u00e4llinen,<br \/>\n &#8211; luonnolliset, eritt\u00e4in ilmavat ja pehme\u00e4t musliinikankaat, t\u00e4yte mukaan lukien,<br \/>\n &#8211; korille voi ostaa jalustan ja musliinit\u00e4ytteen, <\/p>\n<p>&#8211; sek\u00e4 kori ett\u00e4 patja varmistavat riitt\u00e4v\u00e4n ilmankierron. <\/p>\n<p>Korin enimm\u00e4iskuormitus: <\/p>\n<p>9 kg tai kunnes lapsi k\u00e4\u00e4ntyy sivulta toiselle tai istuu ilman apua <\/p>\n<p>Kangas ja viimeistely:<br \/>\n &#8211; kori kahvoilla: maissinlehti<br \/>\n &#8211; patja: polyuretaanivaahto, irrotettava polyesterikansi<\/p>\n<p>Mitat (cm): <\/p>\n<p>&#8211; kori: 86x43x26<br \/>\n -patja: 72x25Tekstiilit<\/p>\n<p>V\u00e4ri: <\/p>\n<p>&#8211; kori kahvoilla: luonnollinen maissinlehti <\/p>\n<p>K\u00e4ytt\u00f6ohje:<br \/>\n\u2022 \u00c4l\u00e4 kanna tai siirr\u00e4 koria, jossa on vauva. Koria tulee aina kantaa tyhj\u00e4n\u00e4.<br \/>\n\u2022 Kori tulee asettaa pakkaukseen sis\u00e4ltyv\u00e4lle jalustalle tai vakaalle ja tasaiselle alustalle. \u2022 \u00c4l\u00e4 anna lasten leikki\u00e4 korin l\u00e4hell\u00e4 ilman valvontaa.<br \/>\n\u2022 K\u00e4yt\u00e4 vanhempien valvonnassa.<br \/>\n\u2022 Puhdista kostealla liinalla ja kuivaa v\u00e4litt\u00f6m\u00e4sti.  <\/p>\n<p>Koria voidaan k\u00e4ytt\u00e4\u00e4, kunnes lapsen paino on 9 kg tai kunnes h\u00e4n k\u00e4\u00e4ntyy sivulta toiselle tai istuu ilman apua.<\/p>\n","protected":false},"excerpt":{"rendered":"<p>Setti sis\u00e4lt\u00e4\u00e4:moosekori, patja Tuotteen ominaisuudet: &#8211; vaihtoehto pinnas\u00e4ngylle ja kehdolle lapsen ensimm\u00e4isin\u00e4 elinkuukausina, &#8211; tarjoaa lapselle mukavuuden ja turvallisuuden tunteen, &#8211; kahvojen ansiosta koria on helppo kantaa mukana ja voit pit\u00e4\u00e4 lapsesi aina l\u00e4hell\u00e4si (HUOM: koria ei saa kantaa lapsen ollessa sis\u00e4ll\u00e4), &#8211; kori on k\u00e4sin kudottu, 100 % luonnollinen ja ymp\u00e4rist\u00f6yst\u00e4v\u00e4llinen, &#8211; vaahtomuovit\u00e4ytteinen patja, [&hellip;]<\/p>\n","protected":false},"featured_media":0,"comment_status":"open","ping_status":"closed","template":"","meta":[],"product_brand":[],"product_cat":[32],"product_tag":[],"class_list":{"0":"post-32322","1":"product","2":"type-product","3":"status-publish","5":"product_cat-uncategorized-fi","7":"first","8":"instock","9":"shipping-taxable","10":"purchasable","11":"product-type-simple"},"_links":{"self":[{"href":"https:\/\/nordicmart.andreevmaster.com\/fi\/wp-json\/wp\/v2\/product\/32322","targetHints":{"allow":["GET"]}}],"collection":[{"href":"https:\/\/nordicmart.andreevmaster.com\/fi\/wp-json\/wp\/v2\/product"}],"about":[{"href":"https:\/\/nordicmart.andreevmaster.com\/fi\/wp-json\/wp\/v2\/types\/product"}],"replies":[{"embeddable":true,"href":"https:\/\/nordicmart.andreevmaster.com\/fi\/wp-json\/wp\/v2\/comments?post=32322"}],"wp:attachment":[{"href":"https:\/\/nordicmart.andreevmaster.com\/fi\/wp-json\/wp\/v2\/media?parent=32322"}],"wp:term":[{"taxonomy":"product_brand","embeddable":true,"href":"https:\/\/nordicmart.andreevmaster.com\/fi\/wp-json\/wp\/v2\/product_brand?post=32322"},{"taxonomy":"product_cat","embeddable":true,"href":"https:\/\/nordicmart.andreevmaster.com\/fi\/wp-json\/wp\/v2\/product_cat?post=32322"},{"taxonomy":"product_tag","embeddable":true,"href":"https:\/\/nordicmart.andreevmaster.com\/fi\/wp-json\/wp\/v2\/product_tag?post=32322"}],"curies":[{"name":"wp","href":"https:\/\/api.w.org\/{rel}","templated":true}]}}