{"id":32320,"date":"2026-02-27T00:16:51","date_gmt":"2026-02-27T00:16:51","guid":{"rendered":"https:\/\/nordicmart.andreevmaster.com\/product\/puuvillainen-riisikudottu-lastenpeitto-honey\/"},"modified":"2026-02-27T09:38:41","modified_gmt":"2026-02-27T09:38:41","slug":"puuvillainen-riisikudottu-lastenpeitto-honey","status":"publish","type":"product","link":"https:\/\/nordicmart.andreevmaster.com\/fi\/tuote\/puuvillainen-riisikudottu-lastenpeitto-honey\/","title":{"rendered":"Puuvillainen riisikudottu lastenpeitto Honey"},"content":{"rendered":"<p>Coctail Party -malliston peitot on valmistettu 100 % puuvillasta, jolla on Oeko-Tex-sertifikaatti. Ne ovat eritt\u00e4in pehmeit\u00e4 ja miellytt\u00e4vi\u00e4 koskettaa, mink\u00e4 ansiosta ne eiv\u00e4t \u00e4rsyt\u00e4 lapsen ihoa. Kangas on my\u00f6s eritt\u00e4in hengitt\u00e4v\u00e4\u00e4, mik\u00e4 suojaa lasta ylikuumenemiselta. Sopii erinomaisesti pinnas\u00e4nkyyn, lastenvaunuun tai turvaistuimeen. K\u00e4ytett\u00e4v\u00e4ksi ymp\u00e4ri vuoden.Peitot on suunniteltu ja ommeltu Puolassa. Huolellisesti valittu materiaali ja kudonta takaavat korkean laadun. **Materiaali:** &#8211; 100 % puuvillaa, Oeko-TEX Standard 100 -sertifioitu. **Mitat:** 80 x 100 cm. Tarkoitettu alle 5-vuotiaille lapsille. K\u00e4yt\u00e4 vanhempien valvonnassa. <\/p>\n<p>**Luo oma v\u00e4rimaailmasi valitsemalla seuraavista:**<br \/>\n&#8211; ruusuisen vaaleanpunainen<br \/>\n&#8211; unikonpunainen<br \/>\n&#8211; purukumivihre\u00e4<br \/>\n&#8211; mustikkasininen<br \/>\n&#8211; maidonvalkoinen<br \/>\n&#8211; hunajankeltainen<br \/>\n&#8211; avokadonvihre\u00e4<\/p>\n","protected":false},"excerpt":{"rendered":"<p>Coctail Party -malliston peitot on valmistettu 100 % puuvillasta, jolla on Oeko-Tex-sertifikaatti. Ne ovat eritt\u00e4in pehmeit\u00e4 ja miellytt\u00e4vi\u00e4 koskettaa, mink\u00e4 ansiosta ne eiv\u00e4t \u00e4rsyt\u00e4 lapsen ihoa. Kangas on my\u00f6s eritt\u00e4in hengitt\u00e4v\u00e4\u00e4, mik\u00e4 suojaa lasta ylikuumenemiselta. Sopii erinomaisesti pinnas\u00e4nkyyn, lastenvaunuun tai turvaistuimeen. K\u00e4ytett\u00e4v\u00e4ksi ymp\u00e4ri vuoden.Peitot on suunniteltu ja ommeltu Puolassa. Huolellisesti valittu materiaali ja kudonta takaavat [&hellip;]<\/p>\n","protected":false},"featured_media":0,"comment_status":"open","ping_status":"closed","template":"","meta":[],"product_brand":[],"product_cat":[32],"product_tag":[],"class_list":{"0":"post-32320","1":"product","2":"type-product","3":"status-publish","5":"product_cat-uncategorized-fi","7":"first","8":"instock","9":"shipping-taxable","10":"purchasable","11":"product-type-simple"},"_links":{"self":[{"href":"https:\/\/nordicmart.andreevmaster.com\/fi\/wp-json\/wp\/v2\/product\/32320","targetHints":{"allow":["GET"]}}],"collection":[{"href":"https:\/\/nordicmart.andreevmaster.com\/fi\/wp-json\/wp\/v2\/product"}],"about":[{"href":"https:\/\/nordicmart.andreevmaster.com\/fi\/wp-json\/wp\/v2\/types\/product"}],"replies":[{"embeddable":true,"href":"https:\/\/nordicmart.andreevmaster.com\/fi\/wp-json\/wp\/v2\/comments?post=32320"}],"wp:attachment":[{"href":"https:\/\/nordicmart.andreevmaster.com\/fi\/wp-json\/wp\/v2\/media?parent=32320"}],"wp:term":[{"taxonomy":"product_brand","embeddable":true,"href":"https:\/\/nordicmart.andreevmaster.com\/fi\/wp-json\/wp\/v2\/product_brand?post=32320"},{"taxonomy":"product_cat","embeddable":true,"href":"https:\/\/nordicmart.andreevmaster.com\/fi\/wp-json\/wp\/v2\/product_cat?post=32320"},{"taxonomy":"product_tag","embeddable":true,"href":"https:\/\/nordicmart.andreevmaster.com\/fi\/wp-json\/wp\/v2\/product_tag?post=32320"}],"curies":[{"name":"wp","href":"https:\/\/api.w.org\/{rel}","templated":true}]}}