{"id":32318,"date":"2026-02-27T00:16:51","date_gmt":"2026-02-27T00:16:51","guid":{"rendered":"https:\/\/nordicmart.andreevmaster.com\/product\/puuvillainen-riisikudottu-lastenpeitto-bubble-gum\/"},"modified":"2026-02-27T09:38:41","modified_gmt":"2026-02-27T09:38:41","slug":"puuvillainen-riisikudottu-lastenpeitto-bubble-gum","status":"publish","type":"product","link":"https:\/\/nordicmart.andreevmaster.com\/fi\/tuote\/puuvillainen-riisikudottu-lastenpeitto-bubble-gum\/","title":{"rendered":"Puuvillainen riisikudottu lastenpeitto Bubble gum"},"content":{"rendered":"<p>** ** **Puuvillapeite riisikudoksella**<br \/>\nCoctail Party -malliston peitteet on valmistettu 100 % puuvillasta, ja niill\u00e4 on Oeko-Tex-sertifikaatti. Ne ovat eritt\u00e4in pehmeit\u00e4 ja miellytt\u00e4vi\u00e4 eiv\u00e4tk\u00e4 \u00e4rsyt\u00e4 vauvan ihoa. Niill\u00e4 on my\u00f6s hengitt\u00e4vi\u00e4 ominaisuuksia, jotka suojaavat lasta ylikuumenemiselta. Peitteet sopivat erinomaisesti pinnas\u00e4nkyyn, lastenvaunuun tai turvaistuimeen. K\u00e4ytett\u00e4v\u00e4ksi ymp\u00e4ri vuoden.Huovat on valmistettu ja suunniteltu Puolassa. Huolellisesti valitut materiaalit ja langanvalmistusmenetelm\u00e4t takaavat korkeimman laadun. **Koko:** 80 x 100 cm **Materiaali:** 100 % puuvillaa, Oeko-Tex-sertifioitu **Luo oma cocktail-yhdistelm\u00e4si, valittavana:**- ruusuinen                             &#8211; unikkoinen<br \/>\n&#8211; purukuminen                  &#8211; mustikka<br \/>\n&#8211; maitoinen                             &#8211; hunajainen<br \/>\n&#8211; avokadoinen<\/p>\n<p>**Suositukset:**<br \/>\n&#8211; pesu enint\u00e4\u00e4n 40 asteessa, miedolla pesuaineella<br \/>\n&#8211; ei valkaisuaineita<br \/>\n&#8211; ei rumpukuivausta, mieluiten tasokuivaus muodon s\u00e4ilytt\u00e4miseksi<br \/>\n&#8211; silitys<\/p>\n","protected":false},"excerpt":{"rendered":"<p>** ** **Puuvillapeite riisikudoksella** Coctail Party -malliston peitteet on valmistettu 100 % puuvillasta, ja niill\u00e4 on Oeko-Tex-sertifikaatti. Ne ovat eritt\u00e4in pehmeit\u00e4 ja miellytt\u00e4vi\u00e4 eiv\u00e4tk\u00e4 \u00e4rsyt\u00e4 vauvan ihoa. Niill\u00e4 on my\u00f6s hengitt\u00e4vi\u00e4 ominaisuuksia, jotka suojaavat lasta ylikuumenemiselta. Peitteet sopivat erinomaisesti pinnas\u00e4nkyyn, lastenvaunuun tai turvaistuimeen. K\u00e4ytett\u00e4v\u00e4ksi ymp\u00e4ri vuoden.Huovat on valmistettu ja suunniteltu Puolassa. Huolellisesti valitut materiaalit ja [&hellip;]<\/p>\n","protected":false},"featured_media":0,"comment_status":"open","ping_status":"closed","template":"","meta":[],"product_brand":[],"product_cat":[32],"product_tag":[],"class_list":{"0":"post-32318","1":"product","2":"type-product","3":"status-publish","5":"product_cat-uncategorized-fi","7":"first","8":"instock","9":"shipping-taxable","10":"purchasable","11":"product-type-simple"},"_links":{"self":[{"href":"https:\/\/nordicmart.andreevmaster.com\/fi\/wp-json\/wp\/v2\/product\/32318","targetHints":{"allow":["GET"]}}],"collection":[{"href":"https:\/\/nordicmart.andreevmaster.com\/fi\/wp-json\/wp\/v2\/product"}],"about":[{"href":"https:\/\/nordicmart.andreevmaster.com\/fi\/wp-json\/wp\/v2\/types\/product"}],"replies":[{"embeddable":true,"href":"https:\/\/nordicmart.andreevmaster.com\/fi\/wp-json\/wp\/v2\/comments?post=32318"}],"wp:attachment":[{"href":"https:\/\/nordicmart.andreevmaster.com\/fi\/wp-json\/wp\/v2\/media?parent=32318"}],"wp:term":[{"taxonomy":"product_brand","embeddable":true,"href":"https:\/\/nordicmart.andreevmaster.com\/fi\/wp-json\/wp\/v2\/product_brand?post=32318"},{"taxonomy":"product_cat","embeddable":true,"href":"https:\/\/nordicmart.andreevmaster.com\/fi\/wp-json\/wp\/v2\/product_cat?post=32318"},{"taxonomy":"product_tag","embeddable":true,"href":"https:\/\/nordicmart.andreevmaster.com\/fi\/wp-json\/wp\/v2\/product_tag?post=32318"}],"curies":[{"name":"wp","href":"https:\/\/api.w.org\/{rel}","templated":true}]}}